{"id":775,"date":"2015-06-25T09:21:01","date_gmt":"2015-06-25T07:21:01","guid":{"rendered":"http:\/\/www.kartenlesegeraet24.de\/?page_id=775"},"modified":"2017-03-04T18:51:09","modified_gmt":"2017-03-04T17:51:09","slug":"tipps-fuer-den-kauf-eines-personalausweis-kartenlesegeraetes","status":"publish","type":"page","link":"https:\/\/www.kartenlesegeraet24.de\/index.php\/personalausweis-kartenlesegeraete\/tipps-fuer-den-kauf-eines-personalausweis-kartenlesegeraetes\/","title":{"rendered":"Tipps zum Kauf eines Personalausweis-Kartenleseger\u00e4tes"},"content":{"rendered":"<h2>N\u00fctzliche Tipps f\u00fcr den Kauf eines Personalausweis-Kartenleseger\u00e4tes<\/h2>\n<p><em>Welche elektronischen Funktionen des Personalausweises sollen mit dem Personalausweis-Kartenleseger\u00e4te genutzt werden?<\/em><\/p>\n<h3>Elektronischen Funktionen des Personalausweises<\/h3>\n<p>Der elektronische Personalausweis verf\u00fcgt \u00fcber verschiedene elektronische Funktionen. Aus Nutzersicht sind grundlegend die<\/p>\n<ul>\n<li>Online-Ausweisfunktion (auch eID-Funktion genannt) und<\/li>\n<li>Unterschriftsfunktion<\/li>\n<\/ul>\n<p>zu unterscheiden.<\/p>\n<h3>Unterschriftsfunktion nur mit Komfort-Kartenleser nutzbar<\/h3>\n<p>Nicht jedes Personalausweis-Kartenleseger\u00e4t kann beide Funktionen verwendet werden. So k\u00f6nnen nur Komfort-Kartenleseger\u00e4te beide Funktionen abdecken, im Gegensatz zu  Basis-Kartenleseger\u00e4ten bzw. Standard-Kartenleseger\u00e4ten.<\/p>\n<h4>Einsatzbereich vorab kl\u00e4ren<\/h4>\n<p>Vorab sollte gekl\u00e4rt werden, welche der elektronischen Funktionen des Personalausweises soll zuk\u00fcnftig mit dem Kartenleser genutzt werden.<\/p>\n<p><a rel=\"nofollow\" href=\"https:\/\/www.amazon.de\/gp\/product\/B004FQL8RY\/ref=as_li_tl?ie=UTF8&#038;camp=1638&#038;creative=6742&#038;creativeASIN=B004FQL8RY&#038;linkCode=as2&#038;tag=httpwwwper0af-21\"><figure id=\"attachment_817\" aria-describedby=\"caption-attachment-817\" style=\"width: 450px\" class=\"wp-caption aligncenter\"><img loading=\"lazy\" decoding=\"async\" src=\"http:\/\/www.kartenlesegeraet24.de\/wp-content\/uploads\/2015\/06\/kartenlesegeraet-standardt-kartenleser-reiner-sct-cyberjack-rfid-standard.jpg\" alt=\"cyberJack\u00ae standard (Standard-Kartenleser von REINER SCT)\" width=\"450\" height=\"320\" class=\"size-full wp-image-817\" srcset=\"https:\/\/www.kartenlesegeraet24.de\/wp-content\/uploads\/2015\/06\/kartenlesegeraet-standardt-kartenleser-reiner-sct-cyberjack-rfid-standard.jpg 450w, https:\/\/www.kartenlesegeraet24.de\/wp-content\/uploads\/2015\/06\/kartenlesegeraet-standardt-kartenleser-reiner-sct-cyberjack-rfid-standard-300x213.jpg 300w\" sizes=\"auto, (max-width: 450px) 100vw, 450px\" \/><figcaption id=\"caption-attachment-817\" class=\"wp-caption-text\">cyberJack\u00ae standard (Standard-Kartenleser von REINER SCT)<\/figcaption><\/figure><br \/>\n<\/a><img loading=\"lazy\" decoding=\"async\" src=\"http:\/\/ir-de.amazon-adsystem.com\/e\/ir?t=httpwwwper0af-21&#038;l=as2&#038;o=3&#038;a=B004FQL8RY\" width=\"1\" height=\"1\" border=\"0\" alt=\"\" style=\"border:none !important; margin:0px !important;\" \/><\/p>\n<h3>Kosten f\u00fcr Personalausweis-Kartenleseger\u00e4te<\/h3>\n<p>Kartenleseger\u00e4te zur Nutzung des Personalausweises unterscheiden sich deutlich im Preis. So gibt es Kartenleser zwischen ca. 30 Euro bis 180 Euro. Basis-Kartenleser sind die g\u00fcnstigsten Kartenleser und liegen im Preis meist zwischen 30 -60 Euro, im Gegensatz zu Komfort-Kartenleseger\u00e4ten die deutlich teurer sind und zwischen 90 Euro bis 180 Euro kosten. Das mittlere Preissegment decken Standardleser f\u00fcr den Personalausweis ab, die somit ca. zwischen 60 bis 120 Euro kosten.<\/p>\n<h3>Preise f\u00fcr Personalausweis-Kartenleseger\u00e4te<\/h3>\n<p>Hinter den folgenden Links sind weitere Informationen zu den verschiedenen Kartenlesern und den entsprechenden Preisen zu finden.<\/p>\n<ul>\n<li><a href=\"http:\/\/www.kartenlesegeraet24.de\/index.php\/personalausweis-kartenlesegeraete\/unterscheidung-von-personalausweis-kartenleser\/komfort-kartenlesegeraete-fuer-den-personalausweis\/\">&raquo; Komfort-Kartenleser ca. 90 Euro bis 180 Euro <\/a><\/li>\n<li><a href=\"http:\/\/www.kartenlesegeraet24.de\/index.php\/personalausweis-kartenlesegeraete\/unterscheidung-von-personalausweis-kartenleser\/standard-kartenlesegeraete-fuer-den-personalausweis\/\">&raquo; Standard-Kartenleser ca. 60 Euro bis 120 Euro<\/a><\/li>\n<li><a href=\"http:\/\/www.kartenlesegeraet24.de\/index.php\/personalausweis-kartenlesegeraete\/unterscheidung-von-personalausweis-kartenleser\/basis-kartenlesegeraete-fuer-den-personalausweis\/\">&raquo; Basis-Kartenleser ca. 30 Euro bis 180 Euro <\/a><\/li>\n<\/ul>\n<h4>Budget f\u00fcr den Kauf eine Kartenlesers vorab definieren<\/h4>\n<p>Vor dem Kauf eines Personalausweis-Kartenlesers ist das Budget f\u00fcr den Kauf zu definieren.<\/p>\n","protected":false},"excerpt":{"rendered":"<p>N\u00fctzliche Tipps f\u00fcr den Kauf eines Personalausweis-Kartenleseger\u00e4tes Welche elektronischen Funktionen des Personalausweises sollen mit dem Personalausweis-Kartenleseger\u00e4te genutzt werden? Elektronischen Funktionen des Personalausweises Der elektronische Personalausweis verf\u00fcgt \u00fcber verschiedene elektronische Funktionen. Aus Nutzersicht sind grundlegend die Online-Ausweisfunktion (auch eID-Funktion genannt) und Unterschriftsfunktion zu unterscheiden. Unterschriftsfunktion nur mit Komfort-Kartenleser nutzbar Nicht jedes Personalausweis-Kartenleseger\u00e4t kann beide Funktionen verwendet &hellip; <a href=\"https:\/\/www.kartenlesegeraet24.de\/index.php\/personalausweis-kartenlesegeraete\/tipps-fuer-den-kauf-eines-personalausweis-kartenlesegeraetes\/\" class=\"more-link\"><span class=\"screen-reader-text\">Tipps zum Kauf eines Personalausweis-Kartenleseger\u00e4tes<\/span> weiterlesen <span class=\"meta-nav\">&rarr;<\/span><\/a><\/p>\n","protected":false},"author":1,"featured_media":0,"parent":4,"menu_order":0,"comment_status":"closed","ping_status":"open","template":"","meta":{"footnotes":""},"class_list":["post-775","page","type-page","status-publish","hentry"],"_links":{"self":[{"href":"https:\/\/www.kartenlesegeraet24.de\/index.php\/wp-json\/wp\/v2\/pages\/775","targetHints":{"allow":["GET"]}}],"collection":[{"href":"https:\/\/www.kartenlesegeraet24.de\/index.php\/wp-json\/wp\/v2\/pages"}],"about":[{"href":"https:\/\/www.kartenlesegeraet24.de\/index.php\/wp-json\/wp\/v2\/types\/page"}],"author":[{"embeddable":true,"href":"https:\/\/www.kartenlesegeraet24.de\/index.php\/wp-json\/wp\/v2\/users\/1"}],"replies":[{"embeddable":true,"href":"https:\/\/www.kartenlesegeraet24.de\/index.php\/wp-json\/wp\/v2\/comments?post=775"}],"version-history":[{"count":15,"href":"https:\/\/www.kartenlesegeraet24.de\/index.php\/wp-json\/wp\/v2\/pages\/775\/revisions"}],"predecessor-version":[{"id":1691,"href":"https:\/\/www.kartenlesegeraet24.de\/index.php\/wp-json\/wp\/v2\/pages\/775\/revisions\/1691"}],"up":[{"embeddable":true,"href":"https:\/\/www.kartenlesegeraet24.de\/index.php\/wp-json\/wp\/v2\/pages\/4"}],"wp:attachment":[{"href":"https:\/\/www.kartenlesegeraet24.de\/index.php\/wp-json\/wp\/v2\/media?parent=775"}],"curies":[{"name":"wp","href":"https:\/\/api.w.org\/{rel}","templated":true}]}}