{"id":772,"date":"2015-06-24T17:28:43","date_gmt":"2015-06-24T15:28:43","guid":{"rendered":"http:\/\/www.kartenlesegeraet24.de\/?page_id=772"},"modified":"2017-06-09T12:14:34","modified_gmt":"2017-06-09T10:14:34","slug":"sitemap-kartenlesegeraet24-de","status":"publish","type":"page","link":"https:\/\/www.kartenlesegeraet24.de\/index.php\/sitemap-kartenlesegeraet24-de\/","title":{"rendered":"Sitemap"},"content":{"rendered":"<h2>Sitemap von http:\/\/www.kartenlesegeraet24.de<\/h2>\n<p>Hier sind alle Inhalte von kartenlesegeraet24.de in einer Sitemap aufgelistet.<br \/>\n<ul><li><a href=\"https:\/\/www.kartenlesegeraet24.de\/index.php\/kartenleser-bzw-kartenlesegeraete\/\">Kartenleser und Kartenleseger\u00e4te<\/a>\n<ul class='children'>\n\t<li><a href=\"https:\/\/www.kartenlesegeraet24.de\/index.php\/kartenleser-bzw-kartenlesegeraete\/unterscheidung-von-kartenlesegeraeten\/\">Unterscheidung von Kartenleseger\u00e4ten<\/a><\/li>\n\t<li><a href=\"https:\/\/www.kartenlesegeraet24.de\/index.php\/kartenleser-bzw-kartenlesegeraete\/einsatzbereiche-von-kartenlesegeraeten\/\">Einsatzbereiche von Kartenleseger\u00e4ten<\/a><\/li>\n\t<li><a href=\"https:\/\/www.kartenlesegeraet24.de\/index.php\/kartenleser-bzw-kartenlesegeraete\/interne-kartenlesegeraet-und-externe-kartenleser\/\">Interne Kartenleseger\u00e4t und externe Kartenleser<\/a><\/li>\n\t<li><a href=\"https:\/\/www.kartenlesegeraet24.de\/index.php\/kartenleser-bzw-kartenlesegeraete\/kabellose-kartenlesegeraete-und-kabelgebundene-kartenleser\/\">Kabellose Kartenleseger\u00e4te und kabelgebundene Kartenleser<\/a><\/li>\n\t<li><a href=\"https:\/\/www.kartenlesegeraet24.de\/index.php\/kartenleser-bzw-kartenlesegeraete\/kontaktlose-bzw-kontaktbehaftete-kartenleser\/\">Kontaktlose bzw. kontaktbehaftete Kartenleser<\/a>\n\t<ul class='children'>\n\t\t<li><a href=\"https:\/\/www.kartenlesegeraet24.de\/index.php\/kartenleser-bzw-kartenlesegeraete\/kontaktlose-bzw-kontaktbehaftete-kartenleser\/kartenleser-zur-verwendung-von-kontaktlosen-karten\/\">Kartenleser zur Verwendung von kontaktlosen Karten<\/a><\/li>\n\t\t<li><a href=\"https:\/\/www.kartenlesegeraet24.de\/index.php\/kartenleser-bzw-kartenlesegeraete\/kontaktlose-bzw-kontaktbehaftete-kartenleser\/kartenlesegeraetezur-nutzung-von-kontaktbehafteten-karten\/\">Kartenleseger\u00e4te zur Nutzung von kontaktbehafteten Karten<\/a><\/li>\n\t\t<li><a href=\"https:\/\/www.kartenlesegeraet24.de\/index.php\/kartenleser-bzw-kartenlesegeraete\/kontaktlose-bzw-kontaktbehaftete-kartenleser\/kartenleser-zur-nutzung-von-hybridkarten\/\">Kartenleser zur Nutzung von Hybridkarten<\/a><\/li>\n\t\t<li><a href=\"https:\/\/www.kartenlesegeraet24.de\/index.php\/kartenleser-bzw-kartenlesegeraete\/kontaktlose-bzw-kontaktbehaftete-kartenleser\/hybridkarten\/\">Hybridkarten<\/a><\/li>\n\t\t<li><a href=\"https:\/\/www.kartenlesegeraet24.de\/index.php\/kartenleser-bzw-kartenlesegeraete\/kontaktlose-bzw-kontaktbehaftete-kartenleser\/dual-interface-chipkarten\/\">Dual Interface Chipkarten<\/a><\/li>\n\t\t<li><a href=\"https:\/\/www.kartenlesegeraet24.de\/index.php\/kartenleser-bzw-kartenlesegeraete\/kontaktlose-bzw-kontaktbehaftete-kartenleser\/rfid-radio-frequency-identification\/\">RFID &#8211; radio-frequency identification<\/a><\/li>\n\t<\/ul>\n<\/li>\n\t<li><a href=\"https:\/\/www.kartenlesegeraet24.de\/index.php\/kartenleser-bzw-kartenlesegeraete\/mobile-kartenleser-und-stationaere-kartenlesegeraete\/\">Mobile Kartenleser und station\u00e4re Kartenleseger\u00e4te<\/a><\/li>\n\t<li><a href=\"https:\/\/www.kartenlesegeraet24.de\/index.php\/kartenleser-bzw-kartenlesegeraete\/einsatzbereich-von-chipkartenlesegeraeten-smartcard-readern\/\">Einsatzbereich von Chipkartenleseger\u00e4ten (Smartcard-Readern)<\/a><\/li>\n<\/ul>\n<\/li>\n<li><a href=\"https:\/\/www.kartenlesegeraet24.de\/index.php\/personalausweis-kartenlesegeraete\/\">Personalausweis-Kartenleseger\u00e4te<\/a>\n<ul class='children'>\n\t<li><a href=\"https:\/\/www.kartenlesegeraet24.de\/index.php\/personalausweis-kartenlesegeraete\/tipps-fuer-den-kauf-eines-personalausweis-kartenlesegeraetes\/\">Tipps zum Kauf eines Personalausweis-Kartenleseger\u00e4tes<\/a><\/li>\n\t<li><a href=\"https:\/\/www.kartenlesegeraet24.de\/index.php\/personalausweis-kartenlesegeraete\/vergleich-der-verschiedenen-personalausweis-kartenlesertypen\/\">Vergleich der verschiedenen Personalausweis-Kartenlesertypen<\/a><\/li>\n\t<li><a href=\"https:\/\/www.kartenlesegeraet24.de\/index.php\/personalausweis-kartenlesegeraete\/hintergrundwissen-zum-thema-personalausweis-kartenlesegeraete\/\">Hintergrundwissen zum Thema Personalausweis-Kartenleseger\u00e4te<\/a><\/li>\n\t<li><a href=\"https:\/\/www.kartenlesegeraet24.de\/index.php\/personalausweis-kartenlesegeraete\/uebersicht-verschiedener-typen-von-personalausweis-kartenlesegeraeten\/\">\u00dcbersicht verschiedener Typen von Personalausweis-Kartenleseger\u00e4ten<\/a><\/li>\n\t<li><a href=\"https:\/\/www.kartenlesegeraet24.de\/index.php\/personalausweis-kartenlesegeraete\/preisklassen-von-personalausweis-kartenlesern\/\">Preisklassen von Personalausweis-Kartenlesern<\/a><\/li>\n<\/ul>\n<\/li>\n<li><a href=\"https:\/\/www.kartenlesegeraet24.de\/index.php\/unterscheidung-von-personalausweis-kartenleser\/\">Unterscheidung von Personalausweis-Kartenleseger\u00e4ten<\/a>\n<ul class='children'>\n\t<li><a href=\"https:\/\/www.kartenlesegeraet24.de\/index.php\/unterscheidung-von-personalausweis-kartenleser\/komfort-kartenlesegeraete-fuer-den-personalausweis\/\">Komfort-Kartenleseger\u00e4te f\u00fcr den Personalausweis<\/a><\/li>\n\t<li><a href=\"https:\/\/www.kartenlesegeraet24.de\/index.php\/unterscheidung-von-personalausweis-kartenleser\/komfort-kartenlesegeraet-cyberjack-rfid-komfort-von-reiner-sct\/\">Komfort-Kartenleser cyberJack RFID komfort von REINER SCT<\/a><\/li>\n\t<li><a href=\"https:\/\/www.kartenlesegeraet24.de\/index.php\/unterscheidung-von-personalausweis-kartenleser\/standard-kartenlesegeraete-fuer-den-personalausweis\/\">Standard-Kartenleseger\u00e4te f\u00fcr den Personalausweis<\/a><\/li>\n\t<li><a href=\"https:\/\/www.kartenlesegeraet24.de\/index.php\/unterscheidung-von-personalausweis-kartenleser\/standard-kartenlesegeraet-cyberjack-rfid-standard-von-reiner-sct\/\">Standard-Kartenleser cyberJack RFID standard von REINER SCT<\/a><\/li>\n\t<li><a href=\"https:\/\/www.kartenlesegeraet24.de\/index.php\/unterscheidung-von-personalausweis-kartenleser\/standard-kartenlesegeraet-cyberjack-wave-von-reiner-sct\/\">Standard-Kartenleseger\u00e4t cyberJack wave von REINER SCT<\/a><\/li>\n\t<li><a href=\"https:\/\/www.kartenlesegeraet24.de\/index.php\/unterscheidung-von-personalausweis-kartenleser\/basis-kartenlesegeraete-fuer-den-personalausweis\/\">Basis-Kartenleseger\u00e4te f\u00fcr den Personalausweis<\/a><\/li>\n\t<li><a href=\"https:\/\/www.kartenlesegeraet24.de\/index.php\/unterscheidung-von-personalausweis-kartenleser\/basis-kartenlesegeraet-cyberjack-rfid-basis-von-reiner-sct\/\">Basis-Kartenleseger\u00e4t cyberJack RFID basis von REINER SCT<\/a><\/li>\n\t<li><a href=\"https:\/\/www.kartenlesegeraet24.de\/index.php\/unterscheidung-von-personalausweis-kartenleser\/basis-kartenlesegeraet-hid-global-omnikey-5321-v2-von-hid-global\/\">Basis-Kartenleseger\u00e4t HID global OMNIKEY 5321 V2 von HID Global<\/a><\/li>\n\t<li><a href=\"https:\/\/www.kartenlesegeraet24.de\/index.php\/unterscheidung-von-personalausweis-kartenleser\/basis-kartenlesegeraet-acs-acr1281u-von-acs\/\">Basis-Kartenleseger\u00e4t ACS ACR1281U von ACS<\/a><\/li>\n\t<li><a href=\"https:\/\/www.kartenlesegeraet24.de\/index.php\/unterscheidung-von-personalausweis-kartenleser\/basis-kartenlesegeraet-sdi-011-von-identive\/\">Basis-Kartenleseger\u00e4t SDI 011 von Identive<\/a><\/li>\n\t<li><a href=\"https:\/\/www.kartenlesegeraet24.de\/index.php\/unterscheidung-von-personalausweis-kartenleser\/basis-kartenlesegeraet-scl-011-von-identive\/\">Basis-Kartenleseger\u00e4t SCL 011 von Identive<\/a><\/li>\n\t<li><a href=\"https:\/\/www.kartenlesegeraet24.de\/index.php\/unterscheidung-von-personalausweis-kartenleser\/basis-kartenlesegeraet-idtoken-von-kobil\/\">Basis-Kartenleseger\u00e4t IDToken von KOBIL<\/a><\/li>\n\t<li><a href=\"https:\/\/www.kartenlesegeraet24.de\/index.php\/unterscheidung-von-personalausweis-kartenleser\/basis-kartenlesegeraet-obid-myaxxess-basic-von-feig\/\">Basis-Kartenleseger\u00e4t OBID myAXXESS basic von FEIG<\/a><\/li>\n\t<li><a href=\"https:\/\/www.kartenlesegeraet24.de\/index.php\/unterscheidung-von-personalausweis-kartenleser\/auflistung-verschiedener-personalausweis-kartenlesegeraete\/\">Auflistung verschiedener Personalausweis-Kartenleseger\u00e4ten<\/a><\/li>\n<\/ul>\n<\/li>\n<li><a href=\"https:\/\/www.kartenlesegeraet24.de\/index.php\/sicherheit-von-personalausweis-kartenlesegeraeten\/\">Sicherheit von Personalausweis-Kartenleseger\u00e4ten<\/a>\n<ul class='children'>\n\t<li><a href=\"https:\/\/www.kartenlesegeraet24.de\/index.php\/sicherheit-von-personalausweis-kartenlesegeraeten\/sicherheit-von-komfort-kartenlesegeraeten-fuer-den-personalausweis\/\">Sicherheit von Komfort-Kartenleseger\u00e4ten f\u00fcr den Personalausweis<\/a><\/li>\n\t<li><a href=\"https:\/\/www.kartenlesegeraet24.de\/index.php\/sicherheit-von-personalausweis-kartenlesegeraeten\/sicherheit-von-standard-kartenlesegeraeten-fuer-den-personalausweis\/\">Sicherheit von Standard-Kartenleseger\u00e4ten f\u00fcr den Personalausweis<\/a><\/li>\n\t<li><a href=\"https:\/\/www.kartenlesegeraet24.de\/index.php\/sicherheit-von-personalausweis-kartenlesegeraeten\/sicherheit-von-basis-kartenlesegeraeten-fuer-den-personalausweis\/\">Sicherheit von Basis-Kartenleseger\u00e4ten f\u00fcr den Personalausweis<\/a><\/li>\n\t<li><a href=\"https:\/\/www.kartenlesegeraet24.de\/index.php\/sicherheit-von-personalausweis-kartenlesegeraeten\/herausforderungen-bei-der-nutzung-von-personalausweis-kartenlesegeraeten\/\">Herausforderungen bei der Nutzung von Personalausweis-Kartenleseger\u00e4ten<\/a><\/li>\n\t<li><a href=\"https:\/\/www.kartenlesegeraet24.de\/index.php\/sicherheit-von-personalausweis-kartenlesegeraeten\/tipps-fuer-den-sicheren-umgang-mit-personalausweis-kartenlesegeraeten\/\">Tipps f\u00fcr den sicheren Umgang mit Personalausweis-Kartenleseger\u00e4ten<\/a>\n\t<ul class='children'>\n\t\t<li><a href=\"https:\/\/www.kartenlesegeraet24.de\/index.php\/sicherheit-von-personalausweis-kartenlesegeraeten\/tipps-fuer-den-sicheren-umgang-mit-personalausweis-kartenlesegeraeten\/sorgfaltspflicht-in-bezug-auf-den-personalausweis\/\">Sorgfaltspflicht in Bezug auf den Personalausweis<\/a><\/li>\n\t\t<li><a href=\"https:\/\/www.kartenlesegeraet24.de\/index.php\/sicherheit-von-personalausweis-kartenlesegeraeten\/tipps-fuer-den-sicheren-umgang-mit-personalausweis-kartenlesegeraeten\/sicherer-schutz-der-ausweis-pin\/\">Sicherer Schutz der Ausweis-PIN<\/a><\/li>\n\t\t<li><a href=\"https:\/\/www.kartenlesegeraet24.de\/index.php\/sicherheit-von-personalausweis-kartenlesegeraeten\/tipps-fuer-den-sicheren-umgang-mit-personalausweis-kartenlesegeraeten\/usschliesslicher-einsatz-von-zertifizierten-kartenlesern-bzw-zertifizierter-eid-client-software\/\">Ausschlie\u00dflicher Einsatz von zertifizierten Kartenlesern bzw. zertifizierter eID-Client-Software<\/a><\/li>\n\t\t<li><a href=\"https:\/\/www.kartenlesegeraet24.de\/index.php\/sicherheit-von-personalausweis-kartenlesegeraeten\/tipps-fuer-den-sicheren-umgang-mit-personalausweis-kartenlesegeraeten\/einsatz-des-personalausweises-und-nutzung-der-eid-funktion-bzw-esigns-funktion-nur-in-sicherer-umgebung\/\">Einsatz des Personalausweises und Nutzung der eID-Funktion bzw. eSigns-Funktion nur in sicherer Umgebung<\/a><\/li>\n\t\t<li><a href=\"https:\/\/www.kartenlesegeraet24.de\/index.php\/sicherheit-von-personalausweis-kartenlesegeraeten\/tipps-fuer-den-sicheren-umgang-mit-personalausweis-kartenlesegeraeten\/einsatz-des-personalausweises-nur-bei-sicheren-und-vertrauenswuerdigen-dienstanbietern\/\">Einsatz des Personalausweises nur bei sicheren und vertrauensw\u00fcrdigen Dienstanbietern<\/a><\/li>\n\t\t<li><a href=\"https:\/\/www.kartenlesegeraet24.de\/index.php\/sicherheit-von-personalausweis-kartenlesegeraeten\/tipps-fuer-den-sicheren-umgang-mit-personalausweis-kartenlesegeraeten\/personalausweis-nur-bei-nutzung-auf-ein-kartenleser-platzieren\/\">Personalausweis nur bei Nutzung auf den Kartenleser legen<\/a><\/li>\n\t<\/ul>\n<\/li>\n\t<li><a href=\"https:\/\/www.kartenlesegeraet24.de\/index.php\/sicherheit-von-personalausweis-kartenlesegeraeten\/sichere-anzeige-der-daten-durch-personalausweises-kartenlesegeraete\/\">Sichere Anzeige der Daten durch Personalausweises-Kartenleseger\u00e4te<\/a><\/li>\n\t<li><a href=\"https:\/\/www.kartenlesegeraet24.de\/index.php\/sicherheit-von-personalausweis-kartenlesegeraeten\/massnahmen-zum-schutz-fuer-eine-sichere-nutzung-der-online-ausweisfunktion-per-kartenlesegeraet\/\">Ma\u00dfnahmen zum Schutz f\u00fcr eine sichere Nutzung der Online-Ausweisfunktion per Kartenleseger\u00e4t<\/a><\/li>\n<\/ul>\n<\/li>\n<li><a href=\"https:\/\/www.kartenlesegeraet24.de\/index.php\/weiter-informationen-zu-personalausweis-kartenlesegeraeten\/\">Weiter Informationen zu Personalausweis-Kartenleseger\u00e4ten<\/a>\n<ul class='children'>\n\t<li><a href=\"https:\/\/www.kartenlesegeraet24.de\/index.php\/weiter-informationen-zu-personalausweis-kartenlesegeraeten\/hersteller-von-personalausweis-kartenlesegeraeten\/\">Hersteller von Personalausweis-Kartenleseger\u00e4ten<\/a>\n\t<ul class='children'>\n\t\t<li><a href=\"https:\/\/www.kartenlesegeraet24.de\/index.php\/weiter-informationen-zu-personalausweis-kartenlesegeraeten\/hersteller-von-personalausweis-kartenlesegeraeten\/kartenlesegeraethersteller-reiner-sct\/\">Kartenleseger\u00e4thersteller REINER SCT<\/a><\/li>\n\t\t<li><a href=\"https:\/\/www.kartenlesegeraet24.de\/index.php\/weiter-informationen-zu-personalausweis-kartenlesegeraeten\/hersteller-von-personalausweis-kartenlesegeraeten\/kartenleserhersteller-kobil\/\">Kartenleserhersteller KOBIL<\/a><\/li>\n\t\t<li><a href=\"https:\/\/www.kartenlesegeraet24.de\/index.php\/weiter-informationen-zu-personalausweis-kartenlesegeraeten\/hersteller-von-personalausweis-kartenlesegeraeten\/lesegeraethersteller-cherry\/\">Leseger\u00e4thersteller CHERRY<\/a><\/li>\n\t\t<li><a href=\"https:\/\/www.kartenlesegeraet24.de\/index.php\/weiter-informationen-zu-personalausweis-kartenlesegeraeten\/hersteller-von-personalausweis-kartenlesegeraeten\/kartenleserhersteller-feig-electronic\/\">Kartenleserhersteller FEIG ELECTRONIC<\/a><\/li>\n\t\t<li><a href=\"https:\/\/www.kartenlesegeraet24.de\/index.php\/weiter-informationen-zu-personalausweis-kartenlesegeraeten\/hersteller-von-personalausweis-kartenlesegeraeten\/lesegeraethersteller-gemalto\/\">Leseger\u00e4thersteller Gemalto<\/a><\/li>\n\t\t<li><a href=\"https:\/\/www.kartenlesegeraet24.de\/index.php\/weiter-informationen-zu-personalausweis-kartenlesegeraeten\/hersteller-von-personalausweis-kartenlesegeraeten\/kartenlesegeraetehersteller-hid-global\/\">Kartenleseger\u00e4tehersteller HID Global<\/a><\/li>\n\t\t<li><a href=\"https:\/\/www.kartenlesegeraet24.de\/index.php\/weiter-informationen-zu-personalausweis-kartenlesegeraeten\/hersteller-von-personalausweis-kartenlesegeraeten\/lesegeraetehersteller-scm-microsystems-identiv\/\">Leseger\u00e4tehersteller SCM Microsystems (Identiv)<\/a><\/li>\n\t\t<li><a href=\"https:\/\/www.kartenlesegeraet24.de\/index.php\/weiter-informationen-zu-personalausweis-kartenlesegeraeten\/hersteller-von-personalausweis-kartenlesegeraeten\/kartenleserhersteller-advanced-card-systems-ltd\/\">Kartenleserhersteller Advanced Card Systems Ltd.<\/a><\/li>\n\t\t<li><a href=\"https:\/\/www.kartenlesegeraet24.de\/index.php\/weiter-informationen-zu-personalausweis-kartenlesegeraeten\/hersteller-von-personalausweis-kartenlesegeraeten\/kartenlesegeraetehersteller-ask\/\">Kartenleseger\u00e4tehersteller ASK<\/a><\/li>\n\t\t<li><a href=\"https:\/\/www.kartenlesegeraet24.de\/index.php\/weiter-informationen-zu-personalausweis-kartenlesegeraeten\/hersteller-von-personalausweis-kartenlesegeraeten\/kartenleserhersteller-baltech\/\">Kartenleserhersteller BALTECH<\/a><\/li>\n\t\t<li><a href=\"https:\/\/www.kartenlesegeraet24.de\/index.php\/weiter-informationen-zu-personalausweis-kartenlesegeraeten\/hersteller-von-personalausweis-kartenlesegeraeten\/lesegeraetehersteller-athena\/\">Leseger\u00e4tehersteller ATHENA<\/a><\/li>\n\t<\/ul>\n<\/li>\n\t<li><a href=\"https:\/\/www.kartenlesegeraet24.de\/index.php\/weiter-informationen-zu-personalausweis-kartenlesegeraeten\/webseiten-zum-thema-personalausweis-kartenlesegeraete\/\">Webseiten zum Thema Personalausweis-Kartenleseger\u00e4te<\/a><\/li>\n\t<li><a href=\"https:\/\/www.kartenlesegeraet24.de\/index.php\/weiter-informationen-zu-personalausweis-kartenlesegeraeten\/buecher-ueber-personalausweis-kartenlesegeraete\/\">B\u00fccher \u00fcber Personalausweis-Kartenleseger\u00e4te<\/a><\/li>\n\t<li><a href=\"https:\/\/www.kartenlesegeraet24.de\/index.php\/weiter-informationen-zu-personalausweis-kartenlesegeraeten\/texte-zu-personalausweis-kartenlesegeraeten\/\">Texte zu Personalausweis-Kartenleseger\u00e4ten<\/a><\/li>\n\t<li><a href=\"https:\/\/www.kartenlesegeraet24.de\/index.php\/weiter-informationen-zu-personalausweis-kartenlesegeraeten\/zertifizierung-von-personalausweis-kartenlesegeraeten\/\">Zertifizierung von Personalausweis-Kartenleseger\u00e4ten<\/a><\/li>\n<\/ul>\n<\/li>\n<li><a href=\"https:\/\/www.kartenlesegeraet24.de\/index.php\/sitemap-kartenlesegeraet24-de\/\">Sitemap<\/a><\/li>\n<\/ul><\/p>\n","protected":false},"excerpt":{"rendered":"<p>Sitemap von http:\/\/www.kartenlesegeraet24.de Hier sind alle Inhalte von kartenlesegeraet24.de in einer Sitemap aufgelistet.<\/p>\n","protected":false},"author":1,"featured_media":0,"parent":0,"menu_order":100,"comment_status":"closed","ping_status":"open","template":"","meta":{"footnotes":""},"class_list":["post-772","page","type-page","status-publish","hentry"],"_links":{"self":[{"href":"https:\/\/www.kartenlesegeraet24.de\/index.php\/wp-json\/wp\/v2\/pages\/772","targetHints":{"allow":["GET"]}}],"collection":[{"href":"https:\/\/www.kartenlesegeraet24.de\/index.php\/wp-json\/wp\/v2\/pages"}],"about":[{"href":"https:\/\/www.kartenlesegeraet24.de\/index.php\/wp-json\/wp\/v2\/types\/page"}],"author":[{"embeddable":true,"href":"https:\/\/www.kartenlesegeraet24.de\/index.php\/wp-json\/wp\/v2\/users\/1"}],"replies":[{"embeddable":true,"href":"https:\/\/www.kartenlesegeraet24.de\/index.php\/wp-json\/wp\/v2\/comments?post=772"}],"version-history":[{"count":7,"href":"https:\/\/www.kartenlesegeraet24.de\/index.php\/wp-json\/wp\/v2\/pages\/772\/revisions"}],"predecessor-version":[{"id":1149,"href":"https:\/\/www.kartenlesegeraet24.de\/index.php\/wp-json\/wp\/v2\/pages\/772\/revisions\/1149"}],"wp:attachment":[{"href":"https:\/\/www.kartenlesegeraet24.de\/index.php\/wp-json\/wp\/v2\/media?parent=772"}],"curies":[{"name":"wp","href":"https:\/\/api.w.org\/{rel}","templated":true}]}}