{"id":66,"date":"2015-06-20T21:51:36","date_gmt":"2015-06-20T19:51:36","guid":{"rendered":"http:\/\/www.kartenlesegeraet24.de\/?page_id=66"},"modified":"2017-03-04T17:46:03","modified_gmt":"2017-03-04T16:46:03","slug":"komfort-kartenlesegeraete-fuer-den-personalausweis","status":"publish","type":"page","link":"https:\/\/www.kartenlesegeraet24.de\/index.php\/unterscheidung-von-personalausweis-kartenleser\/komfort-kartenlesegeraete-fuer-den-personalausweis\/","title":{"rendered":"Komfort-Kartenleseger\u00e4te f\u00fcr den Personalausweis"},"content":{"rendered":"<h2>Komfort-Kartenleser f\u00fcr den Personalausweis<\/h2>\n<p><a rel=\"nofollow\" href=\"https:\/\/www.amazon.de\/gp\/product\/B004FQQ3WY\/ref=as_li_tl?ie=UTF8&#038;camp=1638&#038;creative=6742&#038;creativeASIN=B004FQQ3WY&#038;linkCode=as2&#038;tag=httpwwwper0af-21\"><figure id=\"attachment_819\" aria-describedby=\"caption-attachment-819\" style=\"width: 450px\" class=\"wp-caption aligncenter\"><img loading=\"lazy\" decoding=\"async\" src=\"http:\/\/www.kartenlesegeraet24.de\/wp-content\/uploads\/2015\/06\/kartenlesegeraet-komfort-kartenleser-reiner-sct-cyberjack-rfid-komfort-003.jpg\" alt=\"cyberJack\u00ae komfort (Komfort-Kartenleser von REINER SCT)\" width=\"450\" height=\"320\" class=\"size-full wp-image-819\" srcset=\"https:\/\/www.kartenlesegeraet24.de\/wp-content\/uploads\/2015\/06\/kartenlesegeraet-komfort-kartenleser-reiner-sct-cyberjack-rfid-komfort-003.jpg 450w, https:\/\/www.kartenlesegeraet24.de\/wp-content\/uploads\/2015\/06\/kartenlesegeraet-komfort-kartenleser-reiner-sct-cyberjack-rfid-komfort-003-300x213.jpg 300w\" sizes=\"auto, (max-width: 450px) 100vw, 450px\" \/><figcaption id=\"caption-attachment-819\" class=\"wp-caption-text\">cyberJack\u00ae komfort (Komfort-Kartenleser von REINER SCT)<\/figcaption><\/figure><\/a><img loading=\"lazy\" decoding=\"async\" src=\"http:\/\/ir-de.amazon-adsystem.com\/e\/ir?t=httpwwwper0af-21&#038;l=as2&#038;o=3&#038;a=B004FQQ3WY\" width=\"1\" height=\"1\" border=\"0\" alt=\"\" style=\"border:none !important; margin:0px !important;\" \/><\/p>\n<h3>Komfort-Kartenleseger\u00e4te zur Nutzung der Online-Ausweisfunktion und der Unterschriftsfunktion des Personalausweises<\/h3>\n<p>Komfort-Kartenleseger\u00e4te besitzen neben der eigenen Tastatur zum Eingeben der PIN auch ein eigenes Display sowie ein eingebautes Kryptographiemodul. Dieser Kartenlesertyp sind erforderlich f\u00fcr die Verwendung der Unterschriftsfunktion des Personalausweises. <\/p>\n<h3>Preis eines Komfort-Kartenleseger\u00e4tes<\/h3>\n<p>Neben der Unterscheidung in Bezug auf den Einsatzzweck des Kartenleseger\u00e4tes, unterscheiden sich diese auch stark im Preis. Komfort-Kartenleseger\u00e4te sind deutlich teurer als die anderen Kartenlesertypen.<br \/>\nEinfache <a href=\"http:\/\/www.kartenlesegeraet24.de\/index.php\/personalausweis-kartenlesegeraete\/unterscheidung-von-personalausweis-kartenleser\/basis-kartenlesegeraete-fuer-den-personalausweis\/\">Basis-Kartenleseger\u00e4te<\/a> sind schon f\u00fcr ca. 30 Euro zu erwerben. Im Gegensatz dazu sind Komfort-Kartenleseger\u00e4ten deutlich teurer und k\u00f6nnen ca. 150 Euro bzw. mehr kosten. Die <a href=\"http:\/\/www.kartenlesegeraet24.de\/index.php\/personalausweis-kartenlesegeraete\/unterscheidung-von-personalausweis-kartenleser\/standard-kartenlesegeraete-fuer-den-personalausweis\/\">Standard-Kartenleseger\u00e4te<\/a> decken das mittlere Preissegment zwischen den Basis-Kartenlesern und den Komfort-Kartenlesern ab.<\/p>\n<h3>Beispiele f\u00fcr Komfort-Kartenleseger\u00e4te<\/h3>\n<p>Folgend sind Beispiele f\u00fcr Komfort-Kartenleseger\u00e4te aufgef\u00fchrt<\/p>\n<ul>\n<li><a href=\"http:\/\/www.kartenlesegeraet24.de\/index.php\/personalausweis-kartenlesegeraete\/unterscheidung-von-personalausweis-kartenleser\/komfort-kartenlesegeraete-fuer-den-personalausweis\/komfort-kartenlesegeraet-cyberjack-rfid-komfort-von-reiner-sct\/\">&raquo; Komfort-Kartenleseger\u00e4t cyberJack@ RFID komfort von REINER SCT<\/a><\/li>\n<p><!-- li><a href=\"http:\/\/www.kartenlesegeraet24.de\/index.php\/personalausweis-kartenlesegeraete\/unterscheidung-von-personalausweis-kartenleser\/komfort-kartenlesegeraete-fuer-den-personalausweis\/komfort-kartenlesegeraet-obid-myaxxess-comfort-von-feig\/\">&raquo; Komfort-Kartenleseger\u00e4t OBID myAXXESS comfort von FEIG<\/a><\/li -->\n<\/ul>\n<p>Komfort-Kartenleseger\u00e4te f\u00fcr den Personalausweis werden in<\/p>\n<ul>\n<li>zertifizierte Komfort-Kartenleseger\u00e4te bzw.<\/li>\n<li>nicht zertifizierte Komfort-Kartenleser<\/li>\n<\/ul>\n<p>unterschieden werden.<\/p>\n","protected":false},"excerpt":{"rendered":"<p>Komfort-Kartenleser f\u00fcr den Personalausweis Komfort-Kartenleseger\u00e4te zur Nutzung der Online-Ausweisfunktion und der Unterschriftsfunktion des Personalausweises Komfort-Kartenleseger\u00e4te besitzen neben der eigenen Tastatur zum Eingeben der PIN auch ein eigenes Display sowie ein eingebautes Kryptographiemodul. Dieser Kartenlesertyp sind erforderlich f\u00fcr die Verwendung der Unterschriftsfunktion des Personalausweises. Preis eines Komfort-Kartenleseger\u00e4tes Neben der Unterscheidung in Bezug auf den Einsatzzweck des &hellip; <a href=\"https:\/\/www.kartenlesegeraet24.de\/index.php\/unterscheidung-von-personalausweis-kartenleser\/komfort-kartenlesegeraete-fuer-den-personalausweis\/\" class=\"more-link\"><span class=\"screen-reader-text\">Komfort-Kartenleseger\u00e4te f\u00fcr den Personalausweis<\/span> weiterlesen <span class=\"meta-nav\">&rarr;<\/span><\/a><\/p>\n","protected":false},"author":1,"featured_media":0,"parent":14,"menu_order":10,"comment_status":"closed","ping_status":"closed","template":"","meta":{"footnotes":""},"class_list":["post-66","page","type-page","status-publish","hentry"],"_links":{"self":[{"href":"https:\/\/www.kartenlesegeraet24.de\/index.php\/wp-json\/wp\/v2\/pages\/66","targetHints":{"allow":["GET"]}}],"collection":[{"href":"https:\/\/www.kartenlesegeraet24.de\/index.php\/wp-json\/wp\/v2\/pages"}],"about":[{"href":"https:\/\/www.kartenlesegeraet24.de\/index.php\/wp-json\/wp\/v2\/types\/page"}],"author":[{"embeddable":true,"href":"https:\/\/www.kartenlesegeraet24.de\/index.php\/wp-json\/wp\/v2\/users\/1"}],"replies":[{"embeddable":true,"href":"https:\/\/www.kartenlesegeraet24.de\/index.php\/wp-json\/wp\/v2\/comments?post=66"}],"version-history":[{"count":25,"href":"https:\/\/www.kartenlesegeraet24.de\/index.php\/wp-json\/wp\/v2\/pages\/66\/revisions"}],"predecessor-version":[{"id":1677,"href":"https:\/\/www.kartenlesegeraet24.de\/index.php\/wp-json\/wp\/v2\/pages\/66\/revisions\/1677"}],"up":[{"embeddable":true,"href":"https:\/\/www.kartenlesegeraet24.de\/index.php\/wp-json\/wp\/v2\/pages\/14"}],"wp:attachment":[{"href":"https:\/\/www.kartenlesegeraet24.de\/index.php\/wp-json\/wp\/v2\/media?parent=66"}],"curies":[{"name":"wp","href":"https:\/\/api.w.org\/{rel}","templated":true}]}}