{"id":656,"date":"2015-06-23T18:37:48","date_gmt":"2015-06-23T16:37:48","guid":{"rendered":"http:\/\/www.kartenlesegeraet24.de\/?page_id=656"},"modified":"2017-06-09T12:26:55","modified_gmt":"2017-06-09T10:26:55","slug":"einsatzbereiche-von-kartenlesegeraeten","status":"publish","type":"page","link":"https:\/\/www.kartenlesegeraet24.de\/index.php\/kartenleser-bzw-kartenlesegeraete\/einsatzbereiche-von-kartenlesegeraeten\/","title":{"rendered":"Einsatzbereiche von Kartenleseger\u00e4ten"},"content":{"rendered":"<h2>Einsatz und Nutzung von Kartenleseger\u00e4ten<\/h2>\n<p><strong>Kartenleseger\u00e4te<\/strong> sind vielseitig einsetzbar und decken ein breites Nutzungsspektrum ab. Der Einsatzbereich bzw. die Nutzung h\u00e4ngt von der Art des Kartenlesers ab. So gibt es Leseger\u00e4te die mit Chipkarten (Smartcards) interagieren und einfache Speicherkartenleser, die lediglich Daten aus einer entsprechenden Speicherkarte auslesen k\u00f6nnen. Chipkartenleser verf\u00fcgen \u00fcber einen deutlich breiten Einsatzbereich als Leseger\u00e4te f\u00fcr das Auslesen von Speicherkarten.<\/p>\n<h3>Nutzung f\u00fcr Chipkartenleser (Smartcard-Reader)<\/h3>\n<p>Da <em>Smardcards (Chipkarten)<\/em> \u00fcber einen eigenst\u00e4ndigen Schaltkreis (Chip), die dazugeh\u00f6rige Hardwarelogik inklusive Speicherplatz verf\u00fcgen, k\u00f6nnen mit diesen Karten und den dazugeh\u00f6rigen Smardcard-Readern (Chipkartenleser) wesentlich komplexere Applikationen bzw. Anwendungen angesteuert werden. Meist handelt es sich hierbei um sch\u00fctzenswerte Prozesse bzw. Vorg\u00e4nge mit erh\u00f6htem Sicherheitsniveau, wie folgende Beispiele verdeutlichen sollen. Typische Anwendungsf\u00e4lle von Chipkartenleseger\u00e4ten sind daher die Nutzung:<\/p>\n<ul>\n<li>einer <em>Bankkarte<\/em>, <em>Geldkarte<\/em>  bzw. <em>EC-Karte<\/em> beim Geldabheben per <em>EC-Kartenleseger\u00e4t an einem Geldautomat<\/em><\/li>\n<li>einer Bankkarte, Geldkarte bzw. EC-Karte beim Ausl\u00f6sen eines Online-Banking-Vorgangs p<em>er EC-Kartenleser zu Haus<\/em><\/li>\n<li>einer <em>elektronischen Gesundheitskarte (eGK)<\/em> beim Besuch eines Arztes bzw. Krankenhauses mit einem e<em>GK-Kartenleseger\u00e4t (eHealth-BCS-Terminals)<\/em><\/li>\n<li>einer der <em>elektronischen Funktionen des Personalausweises<\/em> wie der Online-Ausweisfunktion (eID-Funktion) per <em>Personalausweis-Kartenleser<\/em><\/li>\n<li>einer <em>Signaturkarten<\/em> f\u00fcr das Signieren bzw. Verschl\u00fcssen von E-Mails per<em> Signaturkartenleser<\/em><\/li>\n<li>einer <em>Nutzungskarte (speziellen Chipkarte)<\/em> zur Authentifizierung eines Nutzer an einem Rechner <em>per internem Chipkartenleser<\/em><\/li>\n<li>einer <em>Smartcard-Zugangskarte (speziellen Chipkarte)<\/em> zur Authentifizierung einer Person bei einer Zugangskontrolle f\u00fcr bestimmte Geb\u00e4ude oder R\u00e4ume <em>per Chipkartenleser<\/em><\/li>\n<li>einer <em>SIM-Karte<\/em> f\u00fcr das Freischalten einer Smartphone-Verbindung <em>per integriertem Chipkartenleser<\/em> des Smartphones<\/li>\n<li>einer <em>Geldkarte<\/em> beim Zahlen mit dieser am POS <em>per Geldkartenleser<\/em><\/li>\n<\/ul>\n<p><!-- h3>Weitere Informationen zu Chipkartenleseger\u00e4ten<\/h3>\n\n\nWeiter n\u00fctzliche Hinweise und Informationen zu Chipkartenlesern sind unter folgendem Link zu finden.\n<a href=\"http:\/\/www.kartenlesegeraet24.de\/index.php\/chipkartenleser-smartcard-reader-chipkartenlesegeraete\/\">&raquo; Hinweise und Informationen zu Chipkartenlesern<\/a --><\/p>\n<h3>Weitere Informationen zu Personalausweis-Kartenlesern<\/h3>\n<p>Weiter n\u00fctzliche Hinweise und Informationen zu Personalausweis-Leseger\u00e4ten sind unter folgendem Link zu finden.<br \/>\n<a href=\"http:\/\/www.kartenlesegeraet24.de\/index.php\/personalausweis-kartenlesegeraete\/\">&raquo; Hinweise und Informationen zu Personalausweis-Kartenlesern<\/a><\/p>\n<h3>Einsatz und Nutzung von Speicherkartenleseger\u00e4ten<\/h3>\n<p>Aktuell existieren verschiedene Arten von Speicherkarten, wobei aktuell die Flash-Technologie das gebr\u00e4uchlichste Datenformat ist. Um solche Speicherkarten nutzen zu k\u00f6nnen, ist ein Rechner n\u00f6tig sowie ein Speicherkartenleseger\u00e4t und wenn n\u00f6tig die dazugeh\u00f6rige Kartenleser-Software. M\u00f6gliche Einsatzf\u00e4lle f\u00fcr Speicherkartenleser sind daher die Verwendung:<\/p>\n<ul>\n<li>einer <em>SD-Karten (Secure Digital Memory Card)<\/em>, f\u00fcr das Auslesen von Audio-Dateien eines MP3-Player per <em>SD-Kartenleser<\/em><\/li>\n<li>einer <em>CF-Karten (CompactFlash)<\/em>, f\u00fcr das Auslesen von Bilddateien einer Digital-Kamera per <em>CF-Kartenleseger\u00e4t<\/em><\/li>\n<\/ul>\n<p><!-- h3>Weitere Informationen zu Speicherkartenleseger\u00e4ten<\/h3>\n\n\nWeiter n\u00fctzliche Hinweise und Informationen zu Speicherkartenlesern sind unter folgendem Link zu finden.\n<a href=\"http:\/\/www.kartenlesegeraet24.de\/index.php\/speicherkartenleser\/\">&raquo; Hinweise und Informationen zu Speicherkartenlesern<\/a --><\/p>\n","protected":false},"excerpt":{"rendered":"<p>Einsatz und Nutzung von Kartenleseger\u00e4ten Kartenleseger\u00e4te sind vielseitig einsetzbar und decken ein breites Nutzungsspektrum ab. Der Einsatzbereich bzw. die Nutzung h\u00e4ngt von der Art des Kartenlesers ab. So gibt es Leseger\u00e4te die mit Chipkarten (Smartcards) interagieren und einfache Speicherkartenleser, die lediglich Daten aus einer entsprechenden Speicherkarte auslesen k\u00f6nnen. Chipkartenleser verf\u00fcgen \u00fcber einen deutlich breiten Einsatzbereich &hellip; <a href=\"https:\/\/www.kartenlesegeraet24.de\/index.php\/kartenleser-bzw-kartenlesegeraete\/einsatzbereiche-von-kartenlesegeraeten\/\" class=\"more-link\"><span class=\"screen-reader-text\">Einsatzbereiche von Kartenleseger\u00e4ten<\/span> weiterlesen <span class=\"meta-nav\">&rarr;<\/span><\/a><\/p>\n","protected":false},"author":1,"featured_media":0,"parent":2,"menu_order":30,"comment_status":"closed","ping_status":"open","template":"","meta":{"footnotes":""},"class_list":["post-656","page","type-page","status-publish","hentry"],"_links":{"self":[{"href":"https:\/\/www.kartenlesegeraet24.de\/index.php\/wp-json\/wp\/v2\/pages\/656","targetHints":{"allow":["GET"]}}],"collection":[{"href":"https:\/\/www.kartenlesegeraet24.de\/index.php\/wp-json\/wp\/v2\/pages"}],"about":[{"href":"https:\/\/www.kartenlesegeraet24.de\/index.php\/wp-json\/wp\/v2\/types\/page"}],"author":[{"embeddable":true,"href":"https:\/\/www.kartenlesegeraet24.de\/index.php\/wp-json\/wp\/v2\/users\/1"}],"replies":[{"embeddable":true,"href":"https:\/\/www.kartenlesegeraet24.de\/index.php\/wp-json\/wp\/v2\/comments?post=656"}],"version-history":[{"count":30,"href":"https:\/\/www.kartenlesegeraet24.de\/index.php\/wp-json\/wp\/v2\/pages\/656\/revisions"}],"predecessor-version":[{"id":1863,"href":"https:\/\/www.kartenlesegeraet24.de\/index.php\/wp-json\/wp\/v2\/pages\/656\/revisions\/1863"}],"up":[{"embeddable":true,"href":"https:\/\/www.kartenlesegeraet24.de\/index.php\/wp-json\/wp\/v2\/pages\/2"}],"wp:attachment":[{"href":"https:\/\/www.kartenlesegeraet24.de\/index.php\/wp-json\/wp\/v2\/media?parent=656"}],"curies":[{"name":"wp","href":"https:\/\/api.w.org\/{rel}","templated":true}]}}