{"id":62,"date":"2015-06-20T21:49:53","date_gmt":"2015-06-20T19:49:53","guid":{"rendered":"http:\/\/www.kartenlesegeraet24.de\/?page_id=62"},"modified":"2017-03-04T18:35:47","modified_gmt":"2017-03-04T17:35:47","slug":"basis-kartenlesegeraete-fuer-den-personalausweis","status":"publish","type":"page","link":"https:\/\/www.kartenlesegeraet24.de\/index.php\/unterscheidung-von-personalausweis-kartenleser\/basis-kartenlesegeraete-fuer-den-personalausweis\/","title":{"rendered":"Basis-Kartenleseger\u00e4te f\u00fcr den Personalausweis"},"content":{"rendered":"<h2>Basis-Kartenleseger\u00e4te f\u00fcr den Einsatz des elektronischen Personalausweises<\/h2>\n<p><a rel=\"nofollow\" href=\"https:\/\/www.amazon.de\/gp\/product\/B004FQO10U\/ref=as_li_tl?ie=UTF8&#038;camp=1638&#038;creative=6742&#038;creativeASIN=B004FQO10U&#038;linkCode=as2&#038;tag=httpwwwper0af-21\"><figure id=\"attachment_823\" aria-describedby=\"caption-attachment-823\" style=\"width: 450px\" class=\"wp-caption aligncenter\"><img loading=\"lazy\" decoding=\"async\" src=\"http:\/\/www.kartenlesegeraet24.de\/wp-content\/uploads\/2015\/06\/kartenlesegeraet-basis-kartenleser-reiner-sct-cyberjack-rfid-basis.jpg\" alt=\"cyberJack\u00ae RFID basis (Basis-Kartenleser von REINER SCT)\" width=\"450\" height=\"320\" class=\"size-full wp-image-823\" srcset=\"https:\/\/www.kartenlesegeraet24.de\/wp-content\/uploads\/2015\/06\/kartenlesegeraet-basis-kartenleser-reiner-sct-cyberjack-rfid-basis.jpg 450w, https:\/\/www.kartenlesegeraet24.de\/wp-content\/uploads\/2015\/06\/kartenlesegeraet-basis-kartenleser-reiner-sct-cyberjack-rfid-basis-300x213.jpg 300w\" sizes=\"auto, (max-width: 450px) 100vw, 450px\" \/><figcaption id=\"caption-attachment-823\" class=\"wp-caption-text\">cyberJack\u00ae RFID basis (Basis-Kartenleser von REINER SCT)<\/figcaption><\/figure><\/a><img loading=\"lazy\" decoding=\"async\" src=\"http:\/\/ir-de.amazon-adsystem.com\/e\/ir?t=httpwwwper0af-21&#038;l=as2&#038;o=3&#038;a=B004FQO10U\" width=\"1\" height=\"1\" border=\"0\" alt=\"\" style=\"border:none !important; margin:0px !important;\" \/><\/p>\n<h3>Basis-Kartenleseger\u00e4te zur Nutzung der Online-Ausweisfunktion des Personalausweises<\/h3>\n<p><em>Basis-Kartenleseger\u00e4te<\/em> besitzen keine eigene Tastatur f\u00fcr die Eingabe der PIN und keine Anzeigeeinheit (Display). Die Eingabe erfolgt \u00fcber die Tastatur des Rechners oder \u00fcber eine virtuelle Tastatur auf dem Bildschirm. Das Anzeigen von relevante Informationen erfolgt auf dem Bildschirm des jeweiligen Rechners. Basis-Kartenleseger\u00e4te unterst\u00fctzen nur die Online-Ausweisfunktion (eID-Funktion) des Personalausweises. Basis-Leseger\u00e4te sind in der Regel sehr preiswert im Vergleich zu <a href=\"http:\/\/www.kartenlesegeraet24.de\/index.php\/personalausweis-kartenlesegeraete\/unterscheidung-von-personalausweis-kartenleser\/standard-kartenlesegeraete-fuer-den-personalausweis\/\">Standard-Kartenlesern<\/a> bzw. <a href=\"http:\/\/www.kartenlesegeraet24.de\/index.php\/personalausweis-kartenlesegeraete\/unterscheidung-von-personalausweis-kartenleser\/komfort-kartenlesegeraete-fuer-den-personalausweis\/\">Komfort-Lesern<\/a>.<\/p>\n<h3>Auflistung verschiedener Basis-Kartenleseger\u00e4te<\/h3>\n<p>Folgend sind Basis-Kartenleseger\u00e4te aufgef\u00fchrt<\/p>\n<ul>\n<li><a href=\"http:\/\/www.kartenlesegeraet24.de\/index.php\/personalausweis-kartenlesegeraete\/unterscheidung-von-personalausweis-kartenleser\/basis-kartenlesegeraete-fuer-den-personalausweis\/basis-kartenlesegeraet-cyberjack-rfid-basis-von-reiner-sct\/\"> Basis-Kartenleseger\u00e4t cyberJack@ RFID basis von REINER SCT<\/a><\/li>\n<li><a href=\"http:\/\/www.kartenlesegeraet24.de\/index.php\/personalausweis-kartenlesegeraete\/unterscheidung-von-personalausweis-kartenleser\/basis-kartenlesegeraete-fuer-den-personalausweis\/basis-kartenlesegeraet-hid-global-omnikey-5321-v2-von-hid-global\/\"> Basis-Kartenleseger\u00e4t HID global OMNIKEY 5321 V2 von HID Global<\/a><\/li>\n<li><a href=\"http:\/\/www.kartenlesegeraet24.de\/index.php\/personalausweis-kartenlesegeraete\/unterscheidung-von-personalausweis-kartenleser\/basis-kartenlesegeraete-fuer-den-personalausweis\/basis-kartenlesegeraet-acs-acr1281u-von-acs\/\"> Basis-Kartenleseger\u00e4t ACS ACR1281U von ACS<\/a><\/li>\n<li><a href=\"http:\/\/www.kartenlesegeraet24.de\/index.php\/personalausweis-kartenlesegeraete\/unterscheidung-von-personalausweis-kartenleser\/basis-kartenlesegeraete-fuer-den-personalausweis\/basis-kartenlesegeraet-scl-011-von-identive\/\"> Basis-Kartenleseger\u00e4t SCL 011 von Identive<\/a><\/li>\n<li><a href=\"http:\/\/www.kartenlesegeraet24.de\/index.php\/personalausweis-kartenlesegeraete\/unterscheidung-von-personalausweis-kartenleser\/basis-kartenlesegeraete-fuer-den-personalausweis\/basis-kartenlesegeraet-sdi-011-von-identive\/\"> Basis-Kartenleseger\u00e4t SDI 011 von Identive<\/a><\/li>\n<li><a href=\"http:\/\/www.kartenlesegeraet24.de\/index.php\/personalausweis-kartenlesegeraete\/unterscheidung-von-personalausweis-kartenleser\/basis-kartenlesegeraete-fuer-den-personalausweis\/basis-kartenlesegeraet-idtoken-von-kobil\/\"> Basis-Kartenleseger\u00e4t IDToken von KOBIL<\/a><\/li>\n<li><a href=\"http:\/\/www.kartenlesegeraet24.de\/index.php\/personalausweis-kartenlesegeraete\/unterscheidung-von-personalausweis-kartenleser\/basis-kartenlesegeraete-fuer-den-personalausweis\/basis-kartenlesegeraet-obid-myaxxess-basic-von-feig\/\"> Basis-Kartenleseger\u00e4t OBID myAXXESS basic von FEIG<\/a><\/li>\n<p><!-- li><a href=\"http:\/\/www.kartenlesegeraet24.de\/index.php\/personalausweis-kartenlesegeraete\/unterscheidung-von-personalausweis-kartenleser\/basis-kartenlesegeraete-fuer-den-personalausweis\/basis-kartenlesegeraet-prox-du-von-gemalto\/\"> Basis-Kartenleseger\u00e4t Prox DU von Gemalto<\/a><\/li>\n\n\n\n\n<li><a href=\"http:\/\/www.kartenlesegeraet24.de\/index.php\/personalausweis-kartenlesegeraete\/unterscheidung-von-personalausweis-kartenleser\/basis-kartenlesegeraete-fuer-den-personalausweis\/basis-kartenlesegeraet-prox-su-von-gemalto\/\"> Basis-Kartenleseger\u00e4t Prox SU von Gemalto<\/a><\/li -->\n<\/ul>\n<p>Grundlegend k\u00f6nnen Basis-Kartenleseger\u00e4te f\u00fcr den Personalausweis in<\/p>\n<ul>\n<li>zertifizierte Basis-Kartenleseger\u00e4te bzw.<\/li>\n<li>nicht zertifizierte Basis-Kartenleseger\u00e4te<\/li>\n<\/ul>\n<p>unterschieden werden.<\/p>\n","protected":false},"excerpt":{"rendered":"<p>Basis-Kartenleseger\u00e4te f\u00fcr den Einsatz des elektronischen Personalausweises Basis-Kartenleseger\u00e4te zur Nutzung der Online-Ausweisfunktion des Personalausweises Basis-Kartenleseger\u00e4te besitzen keine eigene Tastatur f\u00fcr die Eingabe der PIN und keine Anzeigeeinheit (Display). Die Eingabe erfolgt \u00fcber die Tastatur des Rechners oder \u00fcber eine virtuelle Tastatur auf dem Bildschirm. Das Anzeigen von relevante Informationen erfolgt auf dem Bildschirm des jeweiligen &hellip; <a href=\"https:\/\/www.kartenlesegeraet24.de\/index.php\/unterscheidung-von-personalausweis-kartenleser\/basis-kartenlesegeraete-fuer-den-personalausweis\/\" class=\"more-link\"><span class=\"screen-reader-text\">Basis-Kartenleseger\u00e4te f\u00fcr den Personalausweis<\/span> weiterlesen <span class=\"meta-nav\">&rarr;<\/span><\/a><\/p>\n","protected":false},"author":1,"featured_media":0,"parent":14,"menu_order":300,"comment_status":"closed","ping_status":"closed","template":"","meta":{"footnotes":""},"class_list":["post-62","page","type-page","status-publish","hentry"],"_links":{"self":[{"href":"https:\/\/www.kartenlesegeraet24.de\/index.php\/wp-json\/wp\/v2\/pages\/62","targetHints":{"allow":["GET"]}}],"collection":[{"href":"https:\/\/www.kartenlesegeraet24.de\/index.php\/wp-json\/wp\/v2\/pages"}],"about":[{"href":"https:\/\/www.kartenlesegeraet24.de\/index.php\/wp-json\/wp\/v2\/types\/page"}],"author":[{"embeddable":true,"href":"https:\/\/www.kartenlesegeraet24.de\/index.php\/wp-json\/wp\/v2\/users\/1"}],"replies":[{"embeddable":true,"href":"https:\/\/www.kartenlesegeraet24.de\/index.php\/wp-json\/wp\/v2\/comments?post=62"}],"version-history":[{"count":21,"href":"https:\/\/www.kartenlesegeraet24.de\/index.php\/wp-json\/wp\/v2\/pages\/62\/revisions"}],"predecessor-version":[{"id":1685,"href":"https:\/\/www.kartenlesegeraet24.de\/index.php\/wp-json\/wp\/v2\/pages\/62\/revisions\/1685"}],"up":[{"embeddable":true,"href":"https:\/\/www.kartenlesegeraet24.de\/index.php\/wp-json\/wp\/v2\/pages\/14"}],"wp:attachment":[{"href":"https:\/\/www.kartenlesegeraet24.de\/index.php\/wp-json\/wp\/v2\/media?parent=62"}],"curies":[{"name":"wp","href":"https:\/\/api.w.org\/{rel}","templated":true}]}}