{"id":538,"date":"2015-06-22T14:15:23","date_gmt":"2015-06-22T12:15:23","guid":{"rendered":"http:\/\/www.kartenlesegeraet24.de\/?page_id=538"},"modified":"2017-03-19T14:41:29","modified_gmt":"2017-03-19T13:41:29","slug":"standard-kartenlesegeraet-cyberjack-wave-von-reiner-sct","status":"publish","type":"page","link":"https:\/\/www.kartenlesegeraet24.de\/index.php\/unterscheidung-von-personalausweis-kartenleser\/standard-kartenlesegeraet-cyberjack-wave-von-reiner-sct\/","title":{"rendered":"Standard-Kartenleseger\u00e4t cyberJack wave von REINER SCT"},"content":{"rendered":"<h2>Standard-Kartenleser cyberJack wave von REINER SCT<\/h2>\n<p><a rel=\"nofollow\" href=\"https:\/\/www.amazon.de\/gp\/product\/B00BX5DBR0\/ref=as_li_tl?ie=UTF8&#038;camp=1638&#038;creative=6742&#038;creativeASIN=B00BX5DBR0&#038;linkCode=as2&#038;tag=httpwwwper0af-21\"><figure id=\"attachment_810\" aria-describedby=\"caption-attachment-810\" style=\"width: 450px\" class=\"wp-caption aligncenter\"><img loading=\"lazy\" decoding=\"async\" src=\"http:\/\/www.kartenlesegeraet24.de\/wp-content\/uploads\/2015\/06\/kartenlesegeraet-cyberjack-wave-standard-kartenlesegeraet.jpg\" alt=\"cyberJack\u00ae wave (Standard-Kartenleser von REINER SCT)\" width=\"450\" height=\"320\" class=\"size-full wp-image-810\" srcset=\"https:\/\/www.kartenlesegeraet24.de\/wp-content\/uploads\/2015\/06\/kartenlesegeraet-cyberjack-wave-standard-kartenlesegeraet.jpg 450w, https:\/\/www.kartenlesegeraet24.de\/wp-content\/uploads\/2015\/06\/kartenlesegeraet-cyberjack-wave-standard-kartenlesegeraet-300x213.jpg 300w\" sizes=\"auto, (max-width: 450px) 100vw, 450px\" \/><figcaption id=\"caption-attachment-810\" class=\"wp-caption-text\">cyberJack\u00ae wave (Standard-Kartenleser von REINER SCT)<\/figcaption><\/figure><\/a><img loading=\"lazy\" decoding=\"async\" src=\"http:\/\/ir-de.amazon-adsystem.com\/e\/ir?t=httpwwwper0af-21&#038;l=as2&#038;o=3&#038;a=B00BX5DBR0\" width=\"1\" height=\"1\" border=\"0\" alt=\"\" style=\"border:none !important; margin:0px !important;\" \/><\/p>\n<h3>Grundinformationen zum Standard-Kartenleseger\u00e4t cyberJack wave<\/h3>\n<ul>\n<li>Produkt: Kartenleseger\u00e4t cyberJack wave<\/li>\n<li>Hersteller: REINER SCT<\/li>\n<li>Typ: kontaktlos<\/li>\n<li>Typ: Personalausweis Standard-Kartenleseger\u00e4t<\/li>\n<\/ul>\n<table style=\"width: 98%; font-size:10pt; line-height: 1.5;\">\n<caption>Nutzungsm\u00f6glichkeiten des Standard-Kartenlesers cyberJack wave von REINER SCT<\/caption>\n<thead>\n<tr>\n<th style=\"width: 20%;\"><\/th>\n<th style=\"text-align: center; width: 79%;\">Einsatz<\/th>\n<\/tr>\n<\/thead>\n<tbody>\n<tr>\n<td style=\"text-align: center;width: 20%;\"><img loading=\"lazy\" decoding=\"async\" src=\"http:\/\/www.kartenlesegeraet24.de\/wp-content\/uploads\/2015\/06\/kartenlesegeraet-icon-wu.jpg\" alt=\"Kartenlesegeraet-Icon (wu)\" width=\"35\" height=\"35\" class=\"size-full wp-image-387\" \/><\/td>\n<td style=\"text-align: center;width: 79%;\">Unterst\u00fctzung der Online-Ausweisfunktion (eID-Funktion) des Personalausweises<\/td>\n<\/tr>\n<tr>\n<td style=\"text-align: center;width: 20%;\"><img loading=\"lazy\" decoding=\"async\" src=\"http:\/\/www.kartenlesegeraet24.de\/wp-content\/uploads\/2015\/06\/kartenlesegeraet-icon-wu.jpg\" alt=\"Kartenlesegeraet-Icon (wu)\" width=\"35\" height=\"35\" class=\"size-full wp-image-387\" \/><\/td>\n<td style=\"text-align: center;width: 79%;\">Unterst\u00fctzung anderer kontaktloser Karten nach ISO14443<\/td>\n<\/tr>\n<tr>\n<td style=\"text-align: center;width: 20%;\"><img loading=\"lazy\" decoding=\"async\" src=\"http:\/\/www.kartenlesegeraet24.de\/wp-content\/uploads\/2015\/06\/kartenlesegeraet-icon-nu.jpg\" alt=\"Kartenlesegeraet-Icon (nu)\" width=\"35\" height=\"35\" class=\"size-full wp-image-386\" \/><\/td>\n<td style=\"text-align: center;width: 79%;\">Unterst\u00fctzung der Unterschriftsfunktion (QES) des Personalausweises<\/td>\n<\/tr>\n<tr>\n<td style=\"text-align: center;width: 20%;\"><img loading=\"lazy\" decoding=\"async\" src=\"http:\/\/www.kartenlesegeraet24.de\/wp-content\/uploads\/2015\/06\/kartenlesegeraet-icon-wu.jpg\" alt=\"Kartenlesegeraet-Icon (wu)\" width=\"35\" height=\"35\" class=\"size-full wp-image-387\" \/><\/td>\n<td style=\"text-align: center;width: 79%;\">Unterst\u00fctzung der qualifizierten elektronischen Signatur (QES) mit anderen kontaktbehafteten Signaturkarten<\/td>\n<\/tr>\n<tr>\n<td style=\"text-align: center;width: 20%;\"><img loading=\"lazy\" decoding=\"async\" src=\"http:\/\/www.kartenlesegeraet24.de\/wp-content\/uploads\/2015\/06\/kartenlesegeraet-icon-wu.jpg\" alt=\"Kartenlesegeraet-Icon (wu)\" width=\"35\" height=\"35\" class=\"size-full wp-image-387\" \/><\/td>\n<td style=\"text-align: center;width: 79%;\">Unterst\u00fctzung anderer kontaktbehafteter Karten nach ISO 7816<\/td>\n<\/tr>\n<\/tbody>\n<\/table>\n<h2>Unterst\u00fctzte Betriebssysteme<\/h2>\n<ul>\n<li>Windows: 2000, XP (32 \/ 64 Bit), Vista (32 \/ 64 Bit), 7 (32 \/ 64 Bit), Server 2003 (32 \/ 64 Bit \/ IA64), Server 2008 R2 (64 Bit \/ IA64)<\/li>\n<li>Windows Phone<\/li>\n<li>android<\/li>\n<li>iOS<\/li>\n<li>Mac OS: Mac OS X 10.6<\/li>\n<li>Linux<\/li>\n<\/ul>\n<h2>Angaben zur Zertifizierung des Kartenlesers<\/h2>\n<ul>\n<li>zertifiziert: es liegt keine Zertifizierung vor<\/li>\n<\/ul>\n","protected":false},"excerpt":{"rendered":"<p>Standard-Kartenleser cyberJack wave von REINER SCT Grundinformationen zum Standard-Kartenleseger\u00e4t cyberJack wave Produkt: Kartenleseger\u00e4t cyberJack wave Hersteller: REINER SCT Typ: kontaktlos Typ: Personalausweis Standard-Kartenleseger\u00e4t Nutzungsm\u00f6glichkeiten des Standard-Kartenlesers cyberJack wave von REINER SCT Einsatz Unterst\u00fctzung der Online-Ausweisfunktion (eID-Funktion) des Personalausweises Unterst\u00fctzung anderer kontaktloser Karten nach ISO14443 Unterst\u00fctzung der Unterschriftsfunktion (QES) des Personalausweises Unterst\u00fctzung der qualifizierten elektronischen Signatur &hellip; <a href=\"https:\/\/www.kartenlesegeraet24.de\/index.php\/unterscheidung-von-personalausweis-kartenleser\/standard-kartenlesegeraet-cyberjack-wave-von-reiner-sct\/\" class=\"more-link\"><span class=\"screen-reader-text\">Standard-Kartenleseger\u00e4t cyberJack wave von REINER SCT<\/span> weiterlesen <span class=\"meta-nav\">&rarr;<\/span><\/a><\/p>\n","protected":false},"author":1,"featured_media":0,"parent":14,"menu_order":220,"comment_status":"closed","ping_status":"open","template":"","meta":{"footnotes":""},"class_list":["post-538","page","type-page","status-publish","hentry"],"_links":{"self":[{"href":"https:\/\/www.kartenlesegeraet24.de\/index.php\/wp-json\/wp\/v2\/pages\/538","targetHints":{"allow":["GET"]}}],"collection":[{"href":"https:\/\/www.kartenlesegeraet24.de\/index.php\/wp-json\/wp\/v2\/pages"}],"about":[{"href":"https:\/\/www.kartenlesegeraet24.de\/index.php\/wp-json\/wp\/v2\/types\/page"}],"author":[{"embeddable":true,"href":"https:\/\/www.kartenlesegeraet24.de\/index.php\/wp-json\/wp\/v2\/users\/1"}],"replies":[{"embeddable":true,"href":"https:\/\/www.kartenlesegeraet24.de\/index.php\/wp-json\/wp\/v2\/comments?post=538"}],"version-history":[{"count":21,"href":"https:\/\/www.kartenlesegeraet24.de\/index.php\/wp-json\/wp\/v2\/pages\/538\/revisions"}],"predecessor-version":[{"id":1844,"href":"https:\/\/www.kartenlesegeraet24.de\/index.php\/wp-json\/wp\/v2\/pages\/538\/revisions\/1844"}],"up":[{"embeddable":true,"href":"https:\/\/www.kartenlesegeraet24.de\/index.php\/wp-json\/wp\/v2\/pages\/14"}],"wp:attachment":[{"href":"https:\/\/www.kartenlesegeraet24.de\/index.php\/wp-json\/wp\/v2\/media?parent=538"}],"curies":[{"name":"wp","href":"https:\/\/api.w.org\/{rel}","templated":true}]}}