{"id":517,"date":"2015-06-22T13:32:48","date_gmt":"2015-06-22T11:32:48","guid":{"rendered":"http:\/\/www.kartenlesegeraet24.de\/?page_id=517"},"modified":"2017-03-19T14:48:13","modified_gmt":"2017-03-19T13:48:13","slug":"standard-kartenlesegeraet-cyberjack-rfid-standard-von-reiner-sct","status":"publish","type":"page","link":"https:\/\/www.kartenlesegeraet24.de\/index.php\/unterscheidung-von-personalausweis-kartenleser\/standard-kartenlesegeraet-cyberjack-rfid-standard-von-reiner-sct\/","title":{"rendered":"Standard-Kartenleser cyberJack RFID standard von REINER SCT"},"content":{"rendered":"<h2>Informationen zum Standard-Kartenleser cyberJack RFID standard<\/h2>\n<p><a rel=\"nofollow\" href=\"https:\/\/www.amazon.de\/gp\/product\/B004FQL8RY\/ref=as_li_tl?ie=UTF8&#038;camp=1638&#038;creative=6742&#038;creativeASIN=B004FQL8RY&#038;linkCode=as2&#038;tag=httpwwwper0af-21\"><figure id=\"attachment_1581\" aria-describedby=\"caption-attachment-1581\" style=\"width: 450px\" class=\"wp-caption aligncenter\"><img loading=\"lazy\" decoding=\"async\" src=\"http:\/\/www.kartenlesegeraet24.de\/wp-content\/uploads\/2015\/06\/kartenlesegeraetstandard-kartenleser-reiner-sct-cyberjack-rfid-standard-001.jpg\" alt=\"cyberJack\u00ae standard (Standard-Kartenleser von REINER SCT)\" width=\"450\" height=\"320\" class=\"size-full wp-image-1581\" srcset=\"https:\/\/www.kartenlesegeraet24.de\/wp-content\/uploads\/2015\/06\/kartenlesegeraetstandard-kartenleser-reiner-sct-cyberjack-rfid-standard-001.jpg 450w, https:\/\/www.kartenlesegeraet24.de\/wp-content\/uploads\/2015\/06\/kartenlesegeraetstandard-kartenleser-reiner-sct-cyberjack-rfid-standard-001-300x213.jpg 300w\" sizes=\"auto, (max-width: 450px) 100vw, 450px\" \/><figcaption id=\"caption-attachment-1581\" class=\"wp-caption-text\">cyberJack\u00ae standard (Standard-Kartenleser von REINER SCT)<\/figcaption><\/figure><\/a><img loading=\"lazy\" decoding=\"async\" src=\"http:\/\/ir-de.amazon-adsystem.com\/e\/ir?t=httpwwwper0af-21&#038;l=as2&#038;o=3&#038;a=B004FQL8RY\" width=\"1\" height=\"1\" border=\"0\" alt=\"\" style=\"border:none !important; margin:0px !important;\" \/><\/p>\n<h3>Grundinformationen zum Standard-Leser cyberJack@ RFID standard<\/h3>\n<ul>\n<li>Produkt: Kartenleseger\u00e4t cyberJack@ RFID standard<\/li>\n<li>Hersteller: REINER SCT<\/li>\n<li>Typ: kontaktlos<\/li>\n<li>Typ: Personalausweis Standard-Kartenleseger\u00e4t<\/li>\n<\/ul>\n<table style=\"width: 98%; font-size:10pt; line-height: 1.5;\">\n<caption>Nutzungsm\u00f6glichkeiten des Standard-Kartenlesers cyberJack@ RFID standard<\/caption>\n<thead>\n<tr>\n<th style=\"width: 20%;\"><\/th>\n<th style=\"text-align: center; width: 79%;\">Einsatz<\/th>\n<\/tr>\n<\/thead>\n<tbody>\n<tr>\n<td style=\"text-align: center;width: 20%;\"><img loading=\"lazy\" decoding=\"async\" src=\"http:\/\/www.kartenlesegeraet24.de\/wp-content\/uploads\/2015\/06\/kartenlesegeraet-icon-wu.jpg\" alt=\"Kartenlesegeraet-Icon (wu)\" width=\"35\" height=\"35\" class=\"size-full wp-image-387\" \/><\/td>\n<td style=\"text-align: center;width: 79%;\">Unterst\u00fctzung der Online-Ausweisfunktion (eID-Funktion) des Personalausweises<\/td>\n<\/tr>\n<tr>\n<td style=\"text-align: center;width: 20%;\"><img loading=\"lazy\" decoding=\"async\" src=\"http:\/\/www.kartenlesegeraet24.de\/wp-content\/uploads\/2015\/06\/kartenlesegeraet-icon-wu.jpg\" alt=\"Kartenlesegeraet-Icon (wu)\" width=\"35\" height=\"35\" class=\"size-full wp-image-387\" \/><\/td>\n<td style=\"text-align: center;width: 79%;\">Unterst\u00fctzung anderer kontaktloser Karten nach ISO14443<\/td>\n<\/tr>\n<tr>\n<td style=\"text-align: center;width: 20%;\"><img loading=\"lazy\" decoding=\"async\" src=\"http:\/\/www.kartenlesegeraet24.de\/wp-content\/uploads\/2015\/06\/kartenlesegeraet-icon-nu.jpg\" alt=\"Kartenlesegeraet-Icon (nu)\" width=\"35\" height=\"35\" class=\"size-full wp-image-386\" \/><\/td>\n<td style=\"text-align: center;width: 79%;\">Unterst\u00fctzung der Unterschriftsfunktion (QES) des Personalausweises<\/td>\n<\/tr>\n<tr>\n<td style=\"text-align: center;width: 20%;\"><img loading=\"lazy\" decoding=\"async\" src=\"http:\/\/www.kartenlesegeraet24.de\/wp-content\/uploads\/2015\/06\/kartenlesegeraet-icon-wu.jpg\" alt=\"Kartenlesegeraet-Icon (wu)\" width=\"35\" height=\"35\" class=\"size-full wp-image-387\" \/><\/td>\n<td style=\"text-align: center;width: 79%;\">Unterst\u00fctzung der qualifizierten elektronischen Signatur (QES) mit anderen kontaktbehafteten Signaturkarten<\/td>\n<\/tr>\n<tr>\n<td style=\"text-align: center;width: 20%;\"><img loading=\"lazy\" decoding=\"async\" src=\"http:\/\/www.kartenlesegeraet24.de\/wp-content\/uploads\/2015\/06\/kartenlesegeraet-icon-wu.jpg\" alt=\"Kartenlesegeraet-Icon (wu)\" width=\"35\" height=\"35\" class=\"size-full wp-image-387\" \/><\/td>\n<td style=\"text-align: center;width: 79%;\">Unterst\u00fctzung anderer kontaktbehafteter Karten nach ISO 7816<\/td>\n<\/tr>\n<\/tbody>\n<\/table>\n<h2>Unterst\u00fctzte Betriebssysteme<\/h2>\n<ul>\n<li>Windows: 2000, XP (32 \/ 64 Bit), Vista (32 \/ 64 Bit), 7 (32 \/ 64 Bit), Server 2003 &#8211; 2008 R2<\/li>\n<li>Linux ab Kernel 2.6.x: Debian, Ubuntu, SuSE, Fedora, Mandriva<\/li>\n<li>Mac OS X: 10.4 und h\u00f6her<\/li>\n<\/ul>\n<h2>Angaben zur Zertifizierung des Kartenlesers<\/h2>\n<ul>\n<li>zertifiziert: ja, nach BSI TR-03119 (v1.1)<\/li>\n<li>Zertifizierungsdatum: 28.12.2010<\/li>\n<li>ZertifikatsID: BSI-K-TR-0067-2010<\/li>\n<\/ul>\n","protected":false},"excerpt":{"rendered":"<p>Informationen zum Standard-Kartenleser cyberJack RFID standard Grundinformationen zum Standard-Leser cyberJack@ RFID standard Produkt: Kartenleseger\u00e4t cyberJack@ RFID standard Hersteller: REINER SCT Typ: kontaktlos Typ: Personalausweis Standard-Kartenleseger\u00e4t Nutzungsm\u00f6glichkeiten des Standard-Kartenlesers cyberJack@ RFID standard Einsatz Unterst\u00fctzung der Online-Ausweisfunktion (eID-Funktion) des Personalausweises Unterst\u00fctzung anderer kontaktloser Karten nach ISO14443 Unterst\u00fctzung der Unterschriftsfunktion (QES) des Personalausweises Unterst\u00fctzung der qualifizierten elektronischen Signatur &hellip; <a href=\"https:\/\/www.kartenlesegeraet24.de\/index.php\/unterscheidung-von-personalausweis-kartenleser\/standard-kartenlesegeraet-cyberjack-rfid-standard-von-reiner-sct\/\" class=\"more-link\"><span class=\"screen-reader-text\">Standard-Kartenleser cyberJack RFID standard von REINER SCT<\/span> weiterlesen <span class=\"meta-nav\">&rarr;<\/span><\/a><\/p>\n","protected":false},"author":1,"featured_media":0,"parent":14,"menu_order":210,"comment_status":"closed","ping_status":"closed","template":"","meta":{"footnotes":""},"class_list":["post-517","page","type-page","status-publish","hentry"],"_links":{"self":[{"href":"https:\/\/www.kartenlesegeraet24.de\/index.php\/wp-json\/wp\/v2\/pages\/517","targetHints":{"allow":["GET"]}}],"collection":[{"href":"https:\/\/www.kartenlesegeraet24.de\/index.php\/wp-json\/wp\/v2\/pages"}],"about":[{"href":"https:\/\/www.kartenlesegeraet24.de\/index.php\/wp-json\/wp\/v2\/types\/page"}],"author":[{"embeddable":true,"href":"https:\/\/www.kartenlesegeraet24.de\/index.php\/wp-json\/wp\/v2\/users\/1"}],"replies":[{"embeddable":true,"href":"https:\/\/www.kartenlesegeraet24.de\/index.php\/wp-json\/wp\/v2\/comments?post=517"}],"version-history":[{"count":23,"href":"https:\/\/www.kartenlesegeraet24.de\/index.php\/wp-json\/wp\/v2\/pages\/517\/revisions"}],"predecessor-version":[{"id":1850,"href":"https:\/\/www.kartenlesegeraet24.de\/index.php\/wp-json\/wp\/v2\/pages\/517\/revisions\/1850"}],"up":[{"embeddable":true,"href":"https:\/\/www.kartenlesegeraet24.de\/index.php\/wp-json\/wp\/v2\/pages\/14"}],"wp:attachment":[{"href":"https:\/\/www.kartenlesegeraet24.de\/index.php\/wp-json\/wp\/v2\/media?parent=517"}],"curies":[{"name":"wp","href":"https:\/\/api.w.org\/{rel}","templated":true}]}}