{"id":48,"date":"2015-06-20T21:42:20","date_gmt":"2015-06-20T19:42:20","guid":{"rendered":"http:\/\/www.kartenlesegeraet24.de\/?page_id=48"},"modified":"2017-02-25T19:26:18","modified_gmt":"2017-02-25T18:26:18","slug":"sicherheit-von-standard-kartenlesegeraeten-fuer-den-personalausweis","status":"publish","type":"page","link":"https:\/\/www.kartenlesegeraet24.de\/index.php\/sicherheit-von-personalausweis-kartenlesegeraeten\/sicherheit-von-standard-kartenlesegeraeten-fuer-den-personalausweis\/","title":{"rendered":"Sicherheit von Standard-Kartenleseger\u00e4ten f\u00fcr den Personalausweis"},"content":{"rendered":"<h2>Sichere Nutzung von Standard-Kartenlesern mit integriertem PIN-Pad<\/h2>\n<h3>Standard-Kartenleseger\u00e4te mit PIN-Pad<\/h3>\n<p><strong>Standard-Kartenleseger\u00e4te<\/strong> verf\u00fcgen im Unterschied zu <a href=\"http:\/\/www.kartenlesegeraet24.de\/index.php\/personalausweis-kartenlesegeraete\/unterscheidung-von-personalausweis-kartenleser\/basis-kartenlesegeraete-fuer-den-personalausweis\/\">Basis-Kartenlesern<\/a> \u00fcber eine eigenes PIN-Pad also \u00fcber eine eigene Eingabetastatur f\u00fcr die entsprechende PIN. Dadurch wird ein deutlicher Sicherheitsgewinn gegen\u00fcber Basis-Kartenleser geschaffen. Beim <a href=\"http:\/\/www.kartenlesegeraet24.de\/index.php\/personalausweis-kartenlesegeraete\/unterscheidung-von-personalausweis-kartenleser\/standard-kartenlesegeraete-fuer-den-personalausweis\/\">Standard-Kartenleser<\/a> wird die PIN \u00fcber das separate PIN-Pad eingegeben. <\/p>\n<h3>Sicherheitsgewinn durch PIN-Pad<\/h3>\n<p>Durch die Eingabe der PIN \u00fcber das eigene PIN-Pad ist ein Aussp\u00e4hen bzw. Abgreifen der PIN z. B. durch Schadsoftware auf dem Nutzerrechner theoretisch nicht mehr m\u00f6glich. <\/p>\n<h3>Standard-Kartenleseger\u00e4te zur Nutzung der Online-Ausweisfunktion<\/h3>\n<p>Standard-Kartenleseger\u00e4te f\u00fcr den Personalausweis dienen ebenso ausschlie\u00dflich zur Verwendung der Online-Ausweisfunktion (wie Basis-Kartenleser) im Gegensatz zu <a href=\"http:\/\/www.kartenlesegeraet24.de\/index.php\/personalausweis-kartenlesegeraete\/unterscheidung-von-personalausweis-kartenleser\/komfort-kartenlesegeraete-fuer-den-personalausweis\/\">Komfort-Kartenlesern<\/a>, mit welchen die Online-Ausweisfunktion und die Unterschriftsfunktion verwendet werden kann.<\/p>\n<h3>Kosten f\u00fcr Standard-Kartenleseger\u00e4te<\/h3>\n<p>Standard-Leseger\u00e4te f\u00fcr den Einsatz der Online-Ausweisfunktion (eID-Funktion) kosten ca. zwischen 60 bis 90 Euro und werden von verschiedenen <a href=\"http:\/\/www.kartenlesegeraet24.de\/index.php\/personalausweis-kartenlesegeraete\/weiter-informationen-zu-personalausweis-kartenlesegeraeten\/hersteller-von-personalausweis-kartenlesegeraeten\/\">Herstellern<\/a> angeboten.<\/p>\n","protected":false},"excerpt":{"rendered":"<p>Sichere Nutzung von Standard-Kartenlesern mit integriertem PIN-Pad Standard-Kartenleseger\u00e4te mit PIN-Pad Standard-Kartenleseger\u00e4te verf\u00fcgen im Unterschied zu Basis-Kartenlesern \u00fcber eine eigenes PIN-Pad also \u00fcber eine eigene Eingabetastatur f\u00fcr die entsprechende PIN. Dadurch wird ein deutlicher Sicherheitsgewinn gegen\u00fcber Basis-Kartenleser geschaffen. Beim Standard-Kartenleser wird die PIN \u00fcber das separate PIN-Pad eingegeben. Sicherheitsgewinn durch PIN-Pad Durch die Eingabe der PIN &hellip; <a href=\"https:\/\/www.kartenlesegeraet24.de\/index.php\/sicherheit-von-personalausweis-kartenlesegeraeten\/sicherheit-von-standard-kartenlesegeraeten-fuer-den-personalausweis\/\" class=\"more-link\"><span class=\"screen-reader-text\">Sicherheit von Standard-Kartenleseger\u00e4ten f\u00fcr den Personalausweis<\/span> weiterlesen <span class=\"meta-nav\">&rarr;<\/span><\/a><\/p>\n","protected":false},"author":1,"featured_media":0,"parent":44,"menu_order":2,"comment_status":"closed","ping_status":"closed","template":"","meta":{"footnotes":""},"class_list":["post-48","page","type-page","status-publish","hentry"],"_links":{"self":[{"href":"https:\/\/www.kartenlesegeraet24.de\/index.php\/wp-json\/wp\/v2\/pages\/48","targetHints":{"allow":["GET"]}}],"collection":[{"href":"https:\/\/www.kartenlesegeraet24.de\/index.php\/wp-json\/wp\/v2\/pages"}],"about":[{"href":"https:\/\/www.kartenlesegeraet24.de\/index.php\/wp-json\/wp\/v2\/types\/page"}],"author":[{"embeddable":true,"href":"https:\/\/www.kartenlesegeraet24.de\/index.php\/wp-json\/wp\/v2\/users\/1"}],"replies":[{"embeddable":true,"href":"https:\/\/www.kartenlesegeraet24.de\/index.php\/wp-json\/wp\/v2\/comments?post=48"}],"version-history":[{"count":6,"href":"https:\/\/www.kartenlesegeraet24.de\/index.php\/wp-json\/wp\/v2\/pages\/48\/revisions"}],"predecessor-version":[{"id":1415,"href":"https:\/\/www.kartenlesegeraet24.de\/index.php\/wp-json\/wp\/v2\/pages\/48\/revisions\/1415"}],"up":[{"embeddable":true,"href":"https:\/\/www.kartenlesegeraet24.de\/index.php\/wp-json\/wp\/v2\/pages\/44"}],"wp:attachment":[{"href":"https:\/\/www.kartenlesegeraet24.de\/index.php\/wp-json\/wp\/v2\/media?parent=48"}],"curies":[{"name":"wp","href":"https:\/\/api.w.org\/{rel}","templated":true}]}}