{"id":474,"date":"2015-06-21T16:19:38","date_gmt":"2015-06-21T14:19:38","guid":{"rendered":"http:\/\/www.kartenlesegeraet24.de\/?page_id=474"},"modified":"2017-03-04T17:54:22","modified_gmt":"2017-03-04T16:54:22","slug":"basis-kartenlesegeraet-idtoken-von-kobil","status":"publish","type":"page","link":"https:\/\/www.kartenlesegeraet24.de\/index.php\/unterscheidung-von-personalausweis-kartenleser\/basis-kartenlesegeraet-idtoken-von-kobil\/","title":{"rendered":"Basis-Kartenleseger\u00e4t IDToken von KOBIL"},"content":{"rendered":"<h2>Informationen zum Basis-Kartenleseger\u00e4t IDToken von KOBIL<\/h2>\n<p><a rel=\"nofollow\" href=\"https:\/\/www.amazon.de\/gp\/product\/B00CLFCI66\/ref=as_li_tl?ie=UTF8&#038;camp=1638&#038;creative=6742&#038;creativeASIN=B00CLFCI66&#038;linkCode=as2&#038;tag=httpwwwper0af-21\"><figure id=\"attachment_476\" aria-describedby=\"caption-attachment-476\" style=\"width: 253px\" class=\"wp-caption aligncenter\"><img loading=\"lazy\" decoding=\"async\" src=\"http:\/\/www.kartenlesegeraet24.de\/wp-content\/uploads\/2015\/06\/KOBIL-Personalausweis-Basis-Kartenleser-KOBIL-IDTOKEN-253x300.jpg\" alt=\"KOBIL Personalausweis-Basis-Kartenleser KOBIL IDTOKEN\" width=\"253\" height=\"300\" class=\"size-medium wp-image-476\" srcset=\"https:\/\/www.kartenlesegeraet24.de\/wp-content\/uploads\/2015\/06\/KOBIL-Personalausweis-Basis-Kartenleser-KOBIL-IDTOKEN-253x300.jpg 253w, https:\/\/www.kartenlesegeraet24.de\/wp-content\/uploads\/2015\/06\/KOBIL-Personalausweis-Basis-Kartenleser-KOBIL-IDTOKEN.jpg 270w\" sizes=\"auto, (max-width: 253px) 100vw, 253px\" \/><figcaption id=\"caption-attachment-476\" class=\"wp-caption-text\">KOBIL Personalausweis-Basis-Kartenleser KOBIL IDTOKEN<\/figcaption><\/figure><\/a><img loading=\"lazy\" decoding=\"async\" src=\"http:\/\/ir-de.amazon-adsystem.com\/e\/ir?t=httpwwwper0af-21&#038;l=as2&#038;o=3&#038;a=B00CLFCI66\" width=\"1\" height=\"1\" border=\"0\" alt=\"\" style=\"border:none !important; margin:0px !important;\" \/><\/p>\n<h3>Grundinformationen zum Kartenleseger\u00e4t IDToken von KOBIL<\/h3>\n<ul>\n<li>Produkt: Kartenleseger\u00e4t IDToken<\/li>\n<li>Hersteller: KOBIL Systems GmbH<\/li>\n<li>Typ: kontaktlos<\/li>\n<li>Typ: Personalausweis Basis-Kartenleseger\u00e4t<\/li>\n<\/ul>\n<table style=\"width: 98%; font-size:10pt; line-height: 1.5;\">\n<caption>Nutzungsm\u00f6glichkeiten des Basis-Kartenlesers IDToken von KOBIL<\/caption>\n<thead>\n<tr>\n<th style=\"width: 20%;\"><\/th>\n<th style=\"text-align: center; width: 79%;\">Einsatz<\/th>\n<\/tr>\n<\/thead>\n<tbody>\n<tr>\n<td style=\"text-align: center;width: 20%;\"><img loading=\"lazy\" decoding=\"async\" src=\"http:\/\/www.kartenlesegeraet24.de\/wp-content\/uploads\/2015\/06\/kartenlesegeraet-icon-wu.jpg\" alt=\"Kartenlesegeraet-Icon (wu)\" width=\"35\" height=\"35\" class=\"size-full wp-image-387\" \/><\/td>\n<td style=\"text-align: center;width: 79%;\">Unterst\u00fctzung der Online-Ausweisfunktion (eID-Funktion) des Personalausweises<\/td>\n<\/tr>\n<tr>\n<td style=\"text-align: center;width: 20%;\"><img loading=\"lazy\" decoding=\"async\" src=\"http:\/\/www.kartenlesegeraet24.de\/wp-content\/uploads\/2015\/06\/kartenlesegeraet-icon-wu.jpg\" alt=\"Kartenlesegeraet-Icon (wu)\" width=\"35\" height=\"35\" class=\"size-full wp-image-387\" \/><\/td>\n<td style=\"text-align: center;width: 79%;\">Unterst\u00fctzung anderer kontaktloser Karten nach ISO14443<\/td>\n<\/tr>\n<tr>\n<td style=\"text-align: center;width: 20%;\"><img loading=\"lazy\" decoding=\"async\" src=\"http:\/\/www.kartenlesegeraet24.de\/wp-content\/uploads\/2015\/06\/kartenlesegeraet-icon-nu.jpg\" alt=\"Kartenlesegeraet-Icon (nu)\" width=\"35\" height=\"35\" class=\"size-full wp-image-386\" \/><\/td>\n<td style=\"text-align: center;width: 79%;\">Unterst\u00fctzung der Unterschriftsfunktion (QES) des Personalausweises<\/td>\n<\/tr>\n<tr>\n<td style=\"text-align: center;width: 20%;\"><img loading=\"lazy\" decoding=\"async\" src=\"http:\/\/www.kartenlesegeraet24.de\/wp-content\/uploads\/2015\/06\/kartenlesegeraet-icon-nu.jpg\" alt=\"Kartenlesegeraet-Icon (nu)\" width=\"35\" height=\"35\" class=\"size-full wp-image-386\" \/><\/td>\n<td style=\"text-align: center;width: 79%;\">Unterst\u00fctzung der qualifizierten elektronischen Signatur (QES) mit anderen kontaktbehafteten Signaturkarten<\/td>\n<\/tr>\n<tr>\n<td style=\"text-align: center;width: 20%;\"><img loading=\"lazy\" decoding=\"async\" src=\"http:\/\/www.kartenlesegeraet24.de\/wp-content\/uploads\/2015\/06\/kartenlesegeraet-icon-nu.jpg\" alt=\"Kartenlesegeraet-Icon (nu)\" width=\"35\" height=\"35\" class=\"size-full wp-image-386\" \/><\/td>\n<td style=\"text-align: center;width: 79%;\">Unterst\u00fctzung anderer kontaktbehafteter Karten nach ISO 7816<\/td>\n<\/tr>\n<\/tbody>\n<\/table>\n<h3>Unterst\u00fctzte Betriebssysteme<\/h3>\n<ul>\n<li>Windows: 2000, XP (32 \/ 64 Bit), Vista (32 \/ 64 Bit), 7 (32 \/ 64 Bit), Server 2003 &#8211; 2008 R2<\/li>\n<li>Linux ab Kernel 2.6.x: Debian, Ubuntu, SuSE, Fedora, Mandriva<\/li>\n<li>Mac OS X: 10.4 und h\u00f6her<\/li>\n<\/ul>\n<h3>Angaben zur Zertifizierung des Kartenlesers<\/h3>\n<ul>\n<li>zertifiziert: ja, nach BSI TR-03119 liegt vor<\/li>\n<\/ul>\n","protected":false},"excerpt":{"rendered":"<p>Informationen zum Basis-Kartenleseger\u00e4t IDToken von KOBIL Grundinformationen zum Kartenleseger\u00e4t IDToken von KOBIL Produkt: Kartenleseger\u00e4t IDToken Hersteller: KOBIL Systems GmbH Typ: kontaktlos Typ: Personalausweis Basis-Kartenleseger\u00e4t Nutzungsm\u00f6glichkeiten des Basis-Kartenlesers IDToken von KOBIL Einsatz Unterst\u00fctzung der Online-Ausweisfunktion (eID-Funktion) des Personalausweises Unterst\u00fctzung anderer kontaktloser Karten nach ISO14443 Unterst\u00fctzung der Unterschriftsfunktion (QES) des Personalausweises Unterst\u00fctzung der qualifizierten elektronischen Signatur (QES) &hellip; <a href=\"https:\/\/www.kartenlesegeraet24.de\/index.php\/unterscheidung-von-personalausweis-kartenleser\/basis-kartenlesegeraet-idtoken-von-kobil\/\" class=\"more-link\"><span class=\"screen-reader-text\">Basis-Kartenleseger\u00e4t IDToken von KOBIL<\/span> weiterlesen <span class=\"meta-nav\">&rarr;<\/span><\/a><\/p>\n","protected":false},"author":1,"featured_media":0,"parent":14,"menu_order":380,"comment_status":"closed","ping_status":"closed","template":"","meta":{"footnotes":""},"class_list":["post-474","page","type-page","status-publish","hentry"],"_links":{"self":[{"href":"https:\/\/www.kartenlesegeraet24.de\/index.php\/wp-json\/wp\/v2\/pages\/474","targetHints":{"allow":["GET"]}}],"collection":[{"href":"https:\/\/www.kartenlesegeraet24.de\/index.php\/wp-json\/wp\/v2\/pages"}],"about":[{"href":"https:\/\/www.kartenlesegeraet24.de\/index.php\/wp-json\/wp\/v2\/types\/page"}],"author":[{"embeddable":true,"href":"https:\/\/www.kartenlesegeraet24.de\/index.php\/wp-json\/wp\/v2\/users\/1"}],"replies":[{"embeddable":true,"href":"https:\/\/www.kartenlesegeraet24.de\/index.php\/wp-json\/wp\/v2\/comments?post=474"}],"version-history":[{"count":10,"href":"https:\/\/www.kartenlesegeraet24.de\/index.php\/wp-json\/wp\/v2\/pages\/474\/revisions"}],"predecessor-version":[{"id":1644,"href":"https:\/\/www.kartenlesegeraet24.de\/index.php\/wp-json\/wp\/v2\/pages\/474\/revisions\/1644"}],"up":[{"embeddable":true,"href":"https:\/\/www.kartenlesegeraet24.de\/index.php\/wp-json\/wp\/v2\/pages\/14"}],"wp:attachment":[{"href":"https:\/\/www.kartenlesegeraet24.de\/index.php\/wp-json\/wp\/v2\/media?parent=474"}],"curies":[{"name":"wp","href":"https:\/\/api.w.org\/{rel}","templated":true}]}}