{"id":470,"date":"2015-06-21T16:12:41","date_gmt":"2015-06-21T14:12:41","guid":{"rendered":"http:\/\/www.kartenlesegeraet24.de\/?page_id=470"},"modified":"2017-03-04T17:54:49","modified_gmt":"2017-03-04T16:54:49","slug":"basis-kartenlesegeraet-obid-myaxxess-basic-von-feig","status":"publish","type":"page","link":"https:\/\/www.kartenlesegeraet24.de\/index.php\/unterscheidung-von-personalausweis-kartenleser\/basis-kartenlesegeraet-obid-myaxxess-basic-von-feig\/","title":{"rendered":"Basis-Kartenleseger\u00e4t OBID myAXXESS basic von FEIG"},"content":{"rendered":"<h2>Informationen zum Basis-Kartenleseger\u00e4t OBID myAXXESS basic<\/h2>\n<p><a href=\"https:\/\/www.amazon.de\/OBID-myAXXESS-basic-Personalausweis-kontaktlose\/dp\/B006PC86JE\/ref=as_li_ss_tl?ie=UTF8&#038;linkCode=ll1&#038;tag=httpwwwper0af-21&#038;linkId=57e120bc5d4c6ba355a4ffa43041a0cb\"><figure id=\"attachment_471\" aria-describedby=\"caption-attachment-471\" style=\"width: 253px\" class=\"wp-caption aligncenter\"><img loading=\"lazy\" decoding=\"async\" src=\"http:\/\/www.kartenlesegeraet24.de\/wp-content\/uploads\/2015\/06\/FEIG-Personalausweis-Basis-Kartenleseger\u00e4t-OBID-myAXXESS-basic-253x300.jpg\" alt=\"FEIG Personalausweis-Basis-Kartenleseger\u00e4t OBID myAXXESS basic\" width=\"253\" height=\"300\" class=\"size-medium wp-image-471\" srcset=\"https:\/\/www.kartenlesegeraet24.de\/wp-content\/uploads\/2015\/06\/FEIG-Personalausweis-Basis-Kartenleseger\u00e4t-OBID-myAXXESS-basic-253x300.jpg 253w, https:\/\/www.kartenlesegeraet24.de\/wp-content\/uploads\/2015\/06\/FEIG-Personalausweis-Basis-Kartenleseger\u00e4t-OBID-myAXXESS-basic.jpg 270w\" sizes=\"auto, (max-width: 253px) 100vw, 253px\" \/><figcaption id=\"caption-attachment-471\" class=\"wp-caption-text\">FEIG Personalausweis-Basis-Kartenleseger\u00e4t OBID myAXXESS basic<\/figcaption><\/figure><\/a><\/p>\n<h3>Grundinformationen zum Kartenleseger\u00e4t OBID myAXXESS basic<\/h3>\n<ul>\n<li>Produkt: Kartenleseger\u00e4t<\/li>\n<li>Hersteller: FEIG (FEIG ELECTRONIC GmbH)<\/li>\n<li>Typ: kontaktlos<\/li>\n<li>Typ: Personalausweis Basis-Kartenleseger\u00e4t<\/li>\n<\/ul>\n<table style=\"width: 98%; font-size:10pt; line-height: 1.5;\">\n<caption>Nutzungsm\u00f6glichkeiten des Basis-Kartenlesers OBID myAXXESS basic<\/caption>\n<thead>\n<tr>\n<th style=\"width: 20%;\"><\/th>\n<th style=\"text-align: center; width: 79%;\">Einsatz<\/th>\n<\/tr>\n<\/thead>\n<tbody>\n<tr>\n<td style=\"text-align: center;width: 20%;\"><img loading=\"lazy\" decoding=\"async\" src=\"http:\/\/www.kartenlesegeraet24.de\/wp-content\/uploads\/2015\/06\/kartenlesegeraet-icon-wu.jpg\" alt=\"Kartenlesegeraet-Icon (wu)\" width=\"35\" height=\"35\" class=\"size-full wp-image-387\" \/><\/td>\n<td style=\"text-align: center;width: 79%;\">Unterst\u00fctzung der Online-Ausweisfunktion (eID-Funktion) des Personalausweises<\/td>\n<\/tr>\n<tr>\n<td style=\"text-align: center;width: 20%;\"><img loading=\"lazy\" decoding=\"async\" src=\"http:\/\/www.kartenlesegeraet24.de\/wp-content\/uploads\/2015\/06\/kartenlesegeraet-icon-wu.jpg\" alt=\"Kartenlesegeraet-Icon (wu)\" width=\"35\" height=\"35\" class=\"size-full wp-image-387\" \/><\/td>\n<td style=\"text-align: center;width: 79%;\">Unterst\u00fctzung anderer kontaktloser Karten nach ISO14443<\/td>\n<\/tr>\n<tr>\n<td style=\"text-align: center;width: 20%;\"><img loading=\"lazy\" decoding=\"async\" src=\"http:\/\/www.kartenlesegeraet24.de\/wp-content\/uploads\/2015\/06\/kartenlesegeraet-icon-nu.jpg\" alt=\"Kartenlesegeraet-Icon (nu)\" width=\"35\" height=\"35\" class=\"size-full wp-image-386\" \/><\/td>\n<td style=\"text-align: center;width: 79%;\">Unterst\u00fctzung der Unterschriftsfunktion (QES) des Personalausweises<\/td>\n<\/tr>\n<tr>\n<td style=\"text-align: center;width: 20%;\"><img loading=\"lazy\" decoding=\"async\" src=\"http:\/\/www.kartenlesegeraet24.de\/wp-content\/uploads\/2015\/06\/kartenlesegeraet-icon-nu.jpg\" alt=\"Kartenlesegeraet-Icon (nu)\" width=\"35\" height=\"35\" class=\"size-full wp-image-386\" \/><\/td>\n<td style=\"text-align: center;width: 79%;\">Unterst\u00fctzung der qualifizierten elektronischen Signatur (QES) mit anderen kontaktbehafteten Signaturkarten<\/td>\n<\/tr>\n<tr>\n<td style=\"text-align: center;width: 20%;\"><img loading=\"lazy\" decoding=\"async\" src=\"http:\/\/www.kartenlesegeraet24.de\/wp-content\/uploads\/2015\/06\/kartenlesegeraet-icon-nu.jpg\" alt=\"Kartenlesegeraet-Icon (nu)\" width=\"35\" height=\"35\" class=\"size-full wp-image-386\" \/><\/td>\n<td style=\"text-align: center;width: 79%;\">Unterst\u00fctzung anderer kontaktbehafteter Karten nach ISO 7816<\/td>\n<\/tr>\n<\/tbody>\n<\/table>\n<h3>Unterst\u00fctzte Betriebssysteme<\/h3>\n<ul>\n<li>Windows: 2000, XP (32 \/ 64 Bit), Vista (32 \/ 64 Bit), 7 (32 \/ 64 Bit), Server 2003 (32 \/ 64 Bit \/ IA64), Server 2008 R2 (64 Bit \/ IA64)<\/li>\n<li>Linux: geplant<\/li>\n<li>Mac OS: geplant<\/li>\n<\/ul>\n<h3>Angaben zur Zertifizierung des Kartenlesers<\/h3>\n<ul>\n<li>zertifiziert: ja, nach BSI TR-03119 (v1.2)<\/li>\n<li>Zertifizierungsdatum: 28.07.2011<\/li>\n<li>ZertifikatsID: BSI-K-TR-0095-2011<\/li>\n<\/ul>\n","protected":false},"excerpt":{"rendered":"<p>Informationen zum Basis-Kartenleseger\u00e4t OBID myAXXESS basic Grundinformationen zum Kartenleseger\u00e4t OBID myAXXESS basic Produkt: Kartenleseger\u00e4t Hersteller: FEIG (FEIG ELECTRONIC GmbH) Typ: kontaktlos Typ: Personalausweis Basis-Kartenleseger\u00e4t Nutzungsm\u00f6glichkeiten des Basis-Kartenlesers OBID myAXXESS basic Einsatz Unterst\u00fctzung der Online-Ausweisfunktion (eID-Funktion) des Personalausweises Unterst\u00fctzung anderer kontaktloser Karten nach ISO14443 Unterst\u00fctzung der Unterschriftsfunktion (QES) des Personalausweises Unterst\u00fctzung der qualifizierten elektronischen Signatur (QES) &hellip; <a href=\"https:\/\/www.kartenlesegeraet24.de\/index.php\/unterscheidung-von-personalausweis-kartenleser\/basis-kartenlesegeraet-obid-myaxxess-basic-von-feig\/\" class=\"more-link\"><span class=\"screen-reader-text\">Basis-Kartenleseger\u00e4t OBID myAXXESS basic von FEIG<\/span> weiterlesen <span class=\"meta-nav\">&rarr;<\/span><\/a><\/p>\n","protected":false},"author":1,"featured_media":0,"parent":14,"menu_order":390,"comment_status":"closed","ping_status":"closed","template":"","meta":{"footnotes":""},"class_list":["post-470","page","type-page","status-publish","hentry"],"_links":{"self":[{"href":"https:\/\/www.kartenlesegeraet24.de\/index.php\/wp-json\/wp\/v2\/pages\/470","targetHints":{"allow":["GET"]}}],"collection":[{"href":"https:\/\/www.kartenlesegeraet24.de\/index.php\/wp-json\/wp\/v2\/pages"}],"about":[{"href":"https:\/\/www.kartenlesegeraet24.de\/index.php\/wp-json\/wp\/v2\/types\/page"}],"author":[{"embeddable":true,"href":"https:\/\/www.kartenlesegeraet24.de\/index.php\/wp-json\/wp\/v2\/users\/1"}],"replies":[{"embeddable":true,"href":"https:\/\/www.kartenlesegeraet24.de\/index.php\/wp-json\/wp\/v2\/comments?post=470"}],"version-history":[{"count":7,"href":"https:\/\/www.kartenlesegeraet24.de\/index.php\/wp-json\/wp\/v2\/pages\/470\/revisions"}],"predecessor-version":[{"id":1641,"href":"https:\/\/www.kartenlesegeraet24.de\/index.php\/wp-json\/wp\/v2\/pages\/470\/revisions\/1641"}],"up":[{"embeddable":true,"href":"https:\/\/www.kartenlesegeraet24.de\/index.php\/wp-json\/wp\/v2\/pages\/14"}],"wp:attachment":[{"href":"https:\/\/www.kartenlesegeraet24.de\/index.php\/wp-json\/wp\/v2\/media?parent=470"}],"curies":[{"name":"wp","href":"https:\/\/api.w.org\/{rel}","templated":true}]}}