{"id":461,"date":"2015-06-21T15:58:16","date_gmt":"2015-06-21T13:58:16","guid":{"rendered":"http:\/\/www.kartenlesegeraet24.de\/?page_id=461"},"modified":"2017-03-04T17:53:26","modified_gmt":"2017-03-04T16:53:26","slug":"basis-kartenlesegeraet-hid-global-omnikey-5321-v2-von-hid-global","status":"publish","type":"page","link":"https:\/\/www.kartenlesegeraet24.de\/index.php\/unterscheidung-von-personalausweis-kartenleser\/basis-kartenlesegeraet-hid-global-omnikey-5321-v2-von-hid-global\/","title":{"rendered":"Basis-Kartenleseger\u00e4t HID global OMNIKEY 5321 V2 von HID Global"},"content":{"rendered":"<h2>Informationen zum Basis-Kartenleser HID global OMNIKEY 5321 V2 von HID Global<\/h2>\n<p><a href=\"http:\/\/www.amazon.de\/gp\/product\/B003JI9SYE\/ref=as_li_tl?ie=UTF8&#038;camp=1638&#038;creative=19454&#038;creativeASIN=B003JI9SYE&#038;linkCode=as2&#038;tag=httpwwwper0af-21&#038;linkId=T3HX7TLRV5S475HB\"><figure id=\"attachment_462\" aria-describedby=\"caption-attachment-462\" style=\"width: 253px\" class=\"wp-caption aligncenter\"><img loading=\"lazy\" decoding=\"async\" src=\"http:\/\/www.kartenlesegeraet24.de\/wp-content\/uploads\/2015\/06\/HID-Personalausweis-Basis-Kartenleseger\u00e4t-HID-global-OMNIKEY-5321-253x300.jpg\" alt=\"HID Personalausweis-Basis-Kartenleseger\u00e4t HID global OMNIKEY 5321\" width=\"253\" height=\"300\" class=\"size-medium wp-image-462\" srcset=\"https:\/\/www.kartenlesegeraet24.de\/wp-content\/uploads\/2015\/06\/HID-Personalausweis-Basis-Kartenleseger\u00e4t-HID-global-OMNIKEY-5321-253x300.jpg 253w, https:\/\/www.kartenlesegeraet24.de\/wp-content\/uploads\/2015\/06\/HID-Personalausweis-Basis-Kartenleseger\u00e4t-HID-global-OMNIKEY-5321.jpg 270w\" sizes=\"auto, (max-width: 253px) 100vw, 253px\" \/><figcaption id=\"caption-attachment-462\" class=\"wp-caption-text\">HID Personalausweis-Basis-Kartenleseger\u00e4t HID global OMNIKEY 5321<\/figcaption><\/figure><br \/>\n<\/a><img loading=\"lazy\" decoding=\"async\" src=\"http:\/\/ir-de.amazon-adsystem.com\/e\/ir?t=httpwwwper0af-21&#038;l=as2&#038;o=3&#038;a=B003JI9SYE\" width=\"1\" height=\"1\" border=\"0\" alt=\"\" style=\"border:none !important; margin:0px !important;\" \/><\/p>\n<h3>Grundinformationen zum Kartenleseger\u00e4t HID global OMNIKEY 5321 V2<\/h3>\n<ul>\n<li>Produkt: Kartenleseger\u00e4t HID global OMNIKEY 5321 V2 (USB)<\/li>\n<li>Hersteller: HDI Global<\/li>\n<li>Typ: kontaktlos<\/li>\n<li>Typ: Personalausweis Basis-Kartenleseger\u00e4t<\/li>\n<\/ul>\n<table style=\"width: 98%; font-size:10pt; line-height: 1.5;\">\n<caption>Nutzungsm\u00f6glichkeiten des Basis-KartenlesersHID global OMNIKEY 5321 V2<\/caption>\n<thead>\n<tr>\n<th style=\"width: 20%;\"><\/th>\n<th style=\"text-align: center; width: 79%;\">Einsatz<\/th>\n<\/tr>\n<\/thead>\n<tbody>\n<tr>\n<td style=\"text-align: center;width: 20%;\"><img loading=\"lazy\" decoding=\"async\" src=\"http:\/\/www.kartenlesegeraet24.de\/wp-content\/uploads\/2015\/06\/kartenlesegeraet-icon-wu.jpg\" alt=\"Kartenlesegeraet-Icon (wu)\" width=\"35\" height=\"35\" class=\"size-full wp-image-387\" \/><\/td>\n<td style=\"text-align: center;width: 79%;\">Unterst\u00fctzung der Online-Ausweisfunktion (eID-Funktion) des Personalausweises<\/td>\n<\/tr>\n<tr>\n<td style=\"text-align: center;width: 20%;\"><img loading=\"lazy\" decoding=\"async\" src=\"http:\/\/www.kartenlesegeraet24.de\/wp-content\/uploads\/2015\/06\/kartenlesegeraet-icon-wu.jpg\" alt=\"Kartenlesegeraet-Icon (wu)\" width=\"35\" height=\"35\" class=\"size-full wp-image-387\" \/><\/td>\n<td style=\"text-align: center;width: 79%;\">Unterst\u00fctzung anderer kontaktloser Karten nach ISO14443<\/td>\n<\/tr>\n<tr>\n<td style=\"text-align: center;width: 20%;\"><img loading=\"lazy\" decoding=\"async\" src=\"http:\/\/www.kartenlesegeraet24.de\/wp-content\/uploads\/2015\/06\/kartenlesegeraet-icon-nu.jpg\" alt=\"Kartenlesegeraet-Icon (nu)\" width=\"35\" height=\"35\" class=\"size-full wp-image-386\" \/><\/td>\n<td style=\"text-align: center;width: 79%;\">Unterst\u00fctzung der Unterschriftsfunktion (QES) des Personalausweises<\/td>\n<\/tr>\n<tr>\n<td style=\"text-align: center;width: 20%;\"><img loading=\"lazy\" decoding=\"async\" src=\"http:\/\/www.kartenlesegeraet24.de\/wp-content\/uploads\/2015\/06\/kartenlesegeraet-icon-nu.jpg\" alt=\"Kartenlesegeraet-Icon (nu)\" width=\"35\" height=\"35\" class=\"size-full wp-image-386\" \/><\/td>\n<td style=\"text-align: center;width: 79%;\">Unterst\u00fctzung der qualifizierten elektronischen Signatur (QES) mit anderen kontaktbehafteten Signaturkarten<\/td>\n<\/tr>\n<tr>\n<td style=\"text-align: center;width: 20%;\"><img loading=\"lazy\" decoding=\"async\" src=\"http:\/\/www.kartenlesegeraet24.de\/wp-content\/uploads\/2015\/06\/kartenlesegeraet-icon-wu.jpg\" alt=\"Kartenlesegeraet-Icon (wu)\" width=\"35\" height=\"35\" class=\"size-full wp-image-387\" \/><\/td>\n<td style=\"text-align: center;width: 79%;\">Unterst\u00fctzung anderer kontaktbehafteter Karten nach ISO 7816<\/td>\n<\/tr>\n<\/tbody>\n<\/table>\n<h2>Unterst\u00fctzte Betriebssysteme<\/h2>\n<ul>\n<li>Windows: XP (32 &#038; 64 bit), Vista (32 &#038; 64 bit), 7 (32 &#038; 64 bit), CE V5.x 6.0, Mobile, Server 2003 (32 &#038; 64 bit), Server 2008 (32 &#038; 64 bit &#038; R2)<\/li>\n<li>Linux (Kernel >2.6.x)<\/li>\n<li>Mac OS X: 10.5<\/li>\n<\/ul>\n<h2>Angaben zur Zertifizierung des Kartenlesers<\/h2>\n<ul>\n<li>zertifiziert: ja, nach BSI TR-03119 (v1.1)<\/li>\n<li>Zertifizierungsdatum: 11.02.2011<\/li>\n<li>ZertifikatsID: BSI-K-TR-0089-2010<\/li>\n<\/ul>\n","protected":false},"excerpt":{"rendered":"<p>Informationen zum Basis-Kartenleser HID global OMNIKEY 5321 V2 von HID Global Grundinformationen zum Kartenleseger\u00e4t HID global OMNIKEY 5321 V2 Produkt: Kartenleseger\u00e4t HID global OMNIKEY 5321 V2 (USB) Hersteller: HDI Global Typ: kontaktlos Typ: Personalausweis Basis-Kartenleseger\u00e4t Nutzungsm\u00f6glichkeiten des Basis-KartenlesersHID global OMNIKEY 5321 V2 Einsatz Unterst\u00fctzung der Online-Ausweisfunktion (eID-Funktion) des Personalausweises Unterst\u00fctzung anderer kontaktloser Karten nach ISO14443 &hellip; <a href=\"https:\/\/www.kartenlesegeraet24.de\/index.php\/unterscheidung-von-personalausweis-kartenleser\/basis-kartenlesegeraet-hid-global-omnikey-5321-v2-von-hid-global\/\" class=\"more-link\"><span class=\"screen-reader-text\">Basis-Kartenleseger\u00e4t HID global OMNIKEY 5321 V2 von HID Global<\/span> weiterlesen <span class=\"meta-nav\">&rarr;<\/span><\/a><\/p>\n","protected":false},"author":1,"featured_media":0,"parent":14,"menu_order":320,"comment_status":"closed","ping_status":"closed","template":"","meta":{"footnotes":""},"class_list":["post-461","page","type-page","status-publish","hentry"],"_links":{"self":[{"href":"https:\/\/www.kartenlesegeraet24.de\/index.php\/wp-json\/wp\/v2\/pages\/461","targetHints":{"allow":["GET"]}}],"collection":[{"href":"https:\/\/www.kartenlesegeraet24.de\/index.php\/wp-json\/wp\/v2\/pages"}],"about":[{"href":"https:\/\/www.kartenlesegeraet24.de\/index.php\/wp-json\/wp\/v2\/types\/page"}],"author":[{"embeddable":true,"href":"https:\/\/www.kartenlesegeraet24.de\/index.php\/wp-json\/wp\/v2\/users\/1"}],"replies":[{"embeddable":true,"href":"https:\/\/www.kartenlesegeraet24.de\/index.php\/wp-json\/wp\/v2\/comments?post=461"}],"version-history":[{"count":11,"href":"https:\/\/www.kartenlesegeraet24.de\/index.php\/wp-json\/wp\/v2\/pages\/461\/revisions"}],"predecessor-version":[{"id":1653,"href":"https:\/\/www.kartenlesegeraet24.de\/index.php\/wp-json\/wp\/v2\/pages\/461\/revisions\/1653"}],"up":[{"embeddable":true,"href":"https:\/\/www.kartenlesegeraet24.de\/index.php\/wp-json\/wp\/v2\/pages\/14"}],"wp:attachment":[{"href":"https:\/\/www.kartenlesegeraet24.de\/index.php\/wp-json\/wp\/v2\/media?parent=461"}],"curies":[{"name":"wp","href":"https:\/\/api.w.org\/{rel}","templated":true}]}}