{"id":46,"date":"2015-06-20T21:42:07","date_gmt":"2015-06-20T19:42:07","guid":{"rendered":"http:\/\/www.kartenlesegeraet24.de\/?page_id=46"},"modified":"2017-02-25T19:52:18","modified_gmt":"2017-02-25T18:52:18","slug":"sicherheit-von-basis-kartenlesegeraeten-fuer-den-personalausweis","status":"publish","type":"page","link":"https:\/\/www.kartenlesegeraet24.de\/index.php\/sicherheit-von-personalausweis-kartenlesegeraeten\/sicherheit-von-basis-kartenlesegeraeten-fuer-den-personalausweis\/","title":{"rendered":"Sicherheit von Basis-Kartenleseger\u00e4ten f\u00fcr den Personalausweis"},"content":{"rendered":"<h2>Sichere Nutzung von Basis-Kartenleseger\u00e4ten ohne PIN-Pad und Display<\/h2>\n<p>Obwohl die preisg\u00fcnstigen Basis-Kartenleseger\u00e4t keine Sicherheitsfunktion besitzen, bieten sie ebenso ein sehr hohes Sicherheitsniveau im Vergleich zu meist verwendeten Nutzername-Password-Logins. Basisleser dienen ausschlie\u00dflich zur Nutzung der <a href=\"http:\/\/www.kartenlesegeraet24.de\/index.php\/personalausweis-kartenlesegeraete\/hintergrundwissen-zum-thema-personalausweis-kartenlesegeraete\/\">Online-Ausweisfunktion<\/a>.<\/p>\n<h3>Hohe Sicherheit bei der Verwendung von Basis-Kartenlesern<\/h3>\n<p>Weiterhin werden bei der Verwendung der Online-Ausweisfunktion (eID-Funktion) die Daten zwischen dem Nutzer (dessen Personalausweis) und dem jeweiligen Diensteanbieter (z. B. Onlineshop) komplett verschl\u00fcsselt \u00fcbertragen. Die Verschl\u00fcsselung der Daten und die damit erreichte Sicherheit ist unabh\u00e4ngig vom <a href=\"http:\/\/www.kartenlesegeraet24.de\/index.php\/personalausweis-kartenlesegeraete\/unterscheidung-von-personalausweis-kartenleser\/\">Kartenleseger\u00e4ttyp<\/a>, da die Verschl\u00fcsselung vom Chip des Personalausweises realisiert wird.<\/p>\n<h3>Form von Basis-Leseger\u00e4ten f\u00fcr die Verwendung der Online-Ausweisfunktion (eID-Funktion)<\/h3>\n<p>Auf Grund der <a href=\"http:\/\/www.kartenlesegeraet24.de\/index.php\/kartenleser-bzw-kartenlesegeraete\/kontaktlose-bzw-kontaktbehaftete-kartenleser\/\">kontaktlosen Schnittstelle<\/a> des Personalausweises besteht kein Zwang f\u00fcr die Form dieses Kartenlesertyps. Damit ist eine hohe Flexibilit\u00e4t f\u00fcr diese Art der Personalausweis-Kartenleser gegeben. <a href=\"http:\/\/www.kartenlesegeraet24.de\/index.php\/personalausweis-kartenlesegeraete\/unterscheidung-von-personalausweis-kartenleser\/basis-kartenlesegeraete-fuer-den-personalausweis\/\">Basis-Kartenleseger\u00e4te<\/a> variieren somit stark in der Form und k\u00f6nnten theoretisch in Laptops oder Tastaturen integriert werden. Im letzteren Fall entf\u00e4llt somit die Notwendigkeit eines weiteren Ger\u00e4tes. <\/p>\n<h3>Kosten f\u00fcr Basis-Leser<\/h3>\n<p>Basis-Kartenleseger\u00e4t f\u00fcr den Personalausweis haben meist einen Preis zwischen 20 bis 50 Euro und werden von verschiedenen <a href=\"http:\/\/www.kartenlesegeraet24.de\/index.php\/personalausweis-kartenlesegeraete\/weiter-informationen-zu-personalausweis-kartenlesegeraeten\/hersteller-von-personalausweis-kartenlesegeraeten\/\">Kartenleser-Herstellern<\/a> angeboten. <\/p>\n","protected":false},"excerpt":{"rendered":"<p>Sichere Nutzung von Basis-Kartenleseger\u00e4ten ohne PIN-Pad und Display Obwohl die preisg\u00fcnstigen Basis-Kartenleseger\u00e4t keine Sicherheitsfunktion besitzen, bieten sie ebenso ein sehr hohes Sicherheitsniveau im Vergleich zu meist verwendeten Nutzername-Password-Logins. Basisleser dienen ausschlie\u00dflich zur Nutzung der Online-Ausweisfunktion. Hohe Sicherheit bei der Verwendung von Basis-Kartenlesern Weiterhin werden bei der Verwendung der Online-Ausweisfunktion (eID-Funktion) die Daten zwischen dem Nutzer &hellip; <a href=\"https:\/\/www.kartenlesegeraet24.de\/index.php\/sicherheit-von-personalausweis-kartenlesegeraeten\/sicherheit-von-basis-kartenlesegeraeten-fuer-den-personalausweis\/\" class=\"more-link\"><span class=\"screen-reader-text\">Sicherheit von Basis-Kartenleseger\u00e4ten f\u00fcr den Personalausweis<\/span> weiterlesen <span class=\"meta-nav\">&rarr;<\/span><\/a><\/p>\n","protected":false},"author":1,"featured_media":0,"parent":44,"menu_order":3,"comment_status":"closed","ping_status":"closed","template":"","meta":{"footnotes":""},"class_list":["post-46","page","type-page","status-publish","hentry"],"_links":{"self":[{"href":"https:\/\/www.kartenlesegeraet24.de\/index.php\/wp-json\/wp\/v2\/pages\/46","targetHints":{"allow":["GET"]}}],"collection":[{"href":"https:\/\/www.kartenlesegeraet24.de\/index.php\/wp-json\/wp\/v2\/pages"}],"about":[{"href":"https:\/\/www.kartenlesegeraet24.de\/index.php\/wp-json\/wp\/v2\/types\/page"}],"author":[{"embeddable":true,"href":"https:\/\/www.kartenlesegeraet24.de\/index.php\/wp-json\/wp\/v2\/users\/1"}],"replies":[{"embeddable":true,"href":"https:\/\/www.kartenlesegeraet24.de\/index.php\/wp-json\/wp\/v2\/comments?post=46"}],"version-history":[{"count":11,"href":"https:\/\/www.kartenlesegeraet24.de\/index.php\/wp-json\/wp\/v2\/pages\/46\/revisions"}],"predecessor-version":[{"id":1420,"href":"https:\/\/www.kartenlesegeraet24.de\/index.php\/wp-json\/wp\/v2\/pages\/46\/revisions\/1420"}],"up":[{"embeddable":true,"href":"https:\/\/www.kartenlesegeraet24.de\/index.php\/wp-json\/wp\/v2\/pages\/44"}],"wp:attachment":[{"href":"https:\/\/www.kartenlesegeraet24.de\/index.php\/wp-json\/wp\/v2\/media?parent=46"}],"curies":[{"name":"wp","href":"https:\/\/api.w.org\/{rel}","templated":true}]}}