{"id":44,"date":"2015-06-20T21:41:24","date_gmt":"2015-06-20T19:41:24","guid":{"rendered":"http:\/\/www.kartenlesegeraet24.de\/?page_id=44"},"modified":"2017-06-09T12:15:15","modified_gmt":"2017-06-09T10:15:15","slug":"sicherheit-von-personalausweis-kartenlesegeraeten","status":"publish","type":"page","link":"https:\/\/www.kartenlesegeraet24.de\/index.php\/sicherheit-von-personalausweis-kartenlesegeraeten\/","title":{"rendered":"Sicherheit von Personalausweis-Kartenleseger\u00e4ten"},"content":{"rendered":"<h2>Sicherer Nutzung von Personalausweis-Kartenlesern<\/h2>\n<p><strong>Basis-Kartenleseger\u00e4te, Standard-Kartenleser und Komfort-Leser sicher verwenden<\/strong><\/p>\n<h3>Sicherheitshinweise f\u00fcr den Einsatz von Kartenlesern zur Nutzung der Online-Ausweisfunktion<\/h3>\n<p>Obwohl <em>Basis-Kartenleseger\u00e4te<\/em> als hinreichend sicher eingestuft werden k\u00f6nnen, sollte dieser <a href=\"http:\/\/www.kartenlesegeraet24.de\/index.php\/personalausweis-kartenlesegeraete\/unterscheidung-von-personalausweis-kartenleser\/\">Kartenleseger\u00e4tetyp<\/a> ausschlie\u00dflich vom Nutzer eingesetzt werden, die ihren Rechner eigenst\u00e4ndig hinreichend sichern k\u00f6nnen. Zu den Ma\u00dfnahmen f\u00fcr eine hinreichende Sicherung z\u00e4hlen z. B. <\/p>\n<ul>\n<li>das Aufspielen einer Antivirensoftware,<\/li>\n<li>der Einsatz einer Firewall und<\/li>\n<li>die regelm\u00e4\u00dfige Installation aller sicherheitsrelevanter Software-Updates.<\/li>\n<\/ul>\n<p>Dabei ist ein hinreichend abgesicherter Rechner mit Hilfe der genannten Schutzma\u00dfnahmen keine Besonderheit, sondern ist generell zu empfehlen, unabh\u00e4ngig davon, ob der Personalausweis und entsprechende Kartenleseger\u00e4te zum Einsatz kommen.<\/p>\n<h3>Sicherheitsherausforderung bei Personalausweis-Basisleser<\/h3>\n<p>Explizit besteht bei der Verwendung von Personalausweis-Basisleser das Risiko, dass ein sogenannter Keylogger auf dem Nutzerrechner eingeschleust wird, mit welchen z. B. die Online-Ausweisfunktions-PIN aufzeichnet und an eine dritte Person \u00fcbermittelt werden kann. Ein Keylogger ist eine spezielle Schadsoftware die Tastatureingaben dokumentiert und somit f\u00fcr eine andere Person einsehbar macht.<\/p>\n<h3>Mi\u00dfbrauch der Online-Ausweisfunktions-PIN ohne Ausweis nicht m\u00f6glich<\/h3>\n<p>Allerdings ist mit dem Aussp\u00e4hen der Online-Ausweisfunktions-PIN bzw. Unterschriftsfunktions-PIN kein Missbrauch des Ausweisdokumentes m\u00f6glich. Der Angreifer muss neben der Kenntnis der jeweiligen PIN auch noch den Personalausweis physisch besitzen. <\/p>\n<h3>Sichere Aufbewahrung des Ausweises und der Ausweis-PIN<\/h3>\n<p>Der Personalausweis sollte daher immer sicher aufbewahrt werden. Das bedeutet, dass der Ausweis ausschlie\u00dflich dann auf ein Kartenleser zu legen ist, wenn dieser auch genutzt werden soll. Weiterhin sollte der Rechner des Nutzers frei von jeglicher Schadsoftware sein. Ebenso sind die PINs nicht auf den Personalausweis zu schreiben, in seiner N\u00e4he aufzubewahren bzw. sind keine PINs zu w\u00e4hlen, die sich auf dem Personalausweis befinden (z. B.  Geburtsdatum).<\/p>\n<h3>Mehr Sicherheit durch die Online-Ausweisfunktion (eID-Funktion)<\/h3>\n<p>F\u00fcr die Nutzung der <a href=\"http:\/\/www.kartenlesegeraet24.de\/index.php\/personalausweis-kartenlesegeraete\/hintergrundwissen-zum-thema-personalausweis-kartenlesegeraete\/\">Online-Ausweisfunktion (eID-Funktion)<\/a> sind <a href=\"http:\/\/www.kartenlesegeraet24.de\/index.php\/personalausweis-kartenlesegeraete\/unterscheidung-von-personalausweis-kartenleser\/komfort-kartenlesegeraete-fuer-den-personalausweis\/\">Komfort-Kartenleser<\/a> als die sichersten Leser einzustufen, gefolgt von <a href=\"http:\/\/www.kartenlesegeraet24.de\/index.php\/personalausweis-kartenlesegeraete\/unterscheidung-von-personalausweis-kartenleser\/standard-kartenlesegeraete-fuer-den-personalausweis\/\">Standard-Kartenlesern<\/a>. Die im Vergleich am wenigsten sicheren Leseger\u00e4te sind die <a href=\"http:\/\/www.kartenlesegeraet24.de\/index.php\/personalausweis-kartenlesegeraete\/unterscheidung-von-personalausweis-kartenleser\/basis-kartenlesegeraete-fuer-den-personalausweis\/\">Basis-Kartenleser<\/a>, da sie weder \u00fcber ein PIN-Pad noch \u00fcber ein Display verf\u00fcgen. Der Einsatz des Personalausweises bzw. der Online-Ausweisfunktion (eID-Funktion) bedeutet einen deutlichen Sicherheitsgewinn im Vergleich zu den aktuell genutzten Login-Passwort-Verfahren, unabh\u00e4ngig welches Leseger\u00e4t verwendet wird.<\/p>\n","protected":false},"excerpt":{"rendered":"<p>Sicherer Nutzung von Personalausweis-Kartenlesern Basis-Kartenleseger\u00e4te, Standard-Kartenleser und Komfort-Leser sicher verwenden Sicherheitshinweise f\u00fcr den Einsatz von Kartenlesern zur Nutzung der Online-Ausweisfunktion Obwohl Basis-Kartenleseger\u00e4te als hinreichend sicher eingestuft werden k\u00f6nnen, sollte dieser Kartenleseger\u00e4tetyp ausschlie\u00dflich vom Nutzer eingesetzt werden, die ihren Rechner eigenst\u00e4ndig hinreichend sichern k\u00f6nnen. Zu den Ma\u00dfnahmen f\u00fcr eine hinreichende Sicherung z\u00e4hlen z. B. das Aufspielen &hellip; <a href=\"https:\/\/www.kartenlesegeraet24.de\/index.php\/sicherheit-von-personalausweis-kartenlesegeraeten\/\" class=\"more-link\"><span class=\"screen-reader-text\">Sicherheit von Personalausweis-Kartenleseger\u00e4ten<\/span> weiterlesen <span class=\"meta-nav\">&rarr;<\/span><\/a><\/p>\n","protected":false},"author":1,"featured_media":0,"parent":0,"menu_order":40,"comment_status":"closed","ping_status":"closed","template":"","meta":{"footnotes":""},"class_list":["post-44","page","type-page","status-publish","hentry"],"_links":{"self":[{"href":"https:\/\/www.kartenlesegeraet24.de\/index.php\/wp-json\/wp\/v2\/pages\/44","targetHints":{"allow":["GET"]}}],"collection":[{"href":"https:\/\/www.kartenlesegeraet24.de\/index.php\/wp-json\/wp\/v2\/pages"}],"about":[{"href":"https:\/\/www.kartenlesegeraet24.de\/index.php\/wp-json\/wp\/v2\/types\/page"}],"author":[{"embeddable":true,"href":"https:\/\/www.kartenlesegeraet24.de\/index.php\/wp-json\/wp\/v2\/users\/1"}],"replies":[{"embeddable":true,"href":"https:\/\/www.kartenlesegeraet24.de\/index.php\/wp-json\/wp\/v2\/comments?post=44"}],"version-history":[{"count":9,"href":"https:\/\/www.kartenlesegeraet24.de\/index.php\/wp-json\/wp\/v2\/pages\/44\/revisions"}],"predecessor-version":[{"id":1412,"href":"https:\/\/www.kartenlesegeraet24.de\/index.php\/wp-json\/wp\/v2\/pages\/44\/revisions\/1412"}],"wp:attachment":[{"href":"https:\/\/www.kartenlesegeraet24.de\/index.php\/wp-json\/wp\/v2\/media?parent=44"}],"curies":[{"name":"wp","href":"https:\/\/api.w.org\/{rel}","templated":true}]}}