{"id":439,"date":"2015-06-21T15:00:18","date_gmt":"2015-06-21T13:00:18","guid":{"rendered":"http:\/\/www.kartenlesegeraet24.de\/?page_id=439"},"modified":"2017-03-19T14:39:11","modified_gmt":"2017-03-19T13:39:11","slug":"basis-kartenlesegeraet-cyberjack-rfid-basis-von-reiner-sct","status":"publish","type":"page","link":"https:\/\/www.kartenlesegeraet24.de\/index.php\/unterscheidung-von-personalausweis-kartenleser\/basis-kartenlesegeraet-cyberjack-rfid-basis-von-reiner-sct\/","title":{"rendered":"Basis-Kartenleseger\u00e4t cyberJack RFID basis von REINER SCT"},"content":{"rendered":"<h2>Informationen zum Basis-Kartenleseger\u00e4t cyberJack RFID basis<\/h2>\n<p><a rel=\"nofollow\" href=\"https:\/\/www.amazon.de\/gp\/product\/B004FQO10U\/ref=as_li_tl?ie=UTF8&#038;camp=1638&#038;creative=6742&#038;creativeASIN=B004FQO10U&#038;linkCode=as2&#038;tag=httpwwwper0af-21\"><figure id=\"attachment_1372\" aria-describedby=\"caption-attachment-1372\" style=\"width: 600px\" class=\"wp-caption aligncenter\"><img loading=\"lazy\" decoding=\"async\" src=\"http:\/\/www.kartenlesegeraet24.de\/wp-content\/uploads\/2017\/02\/kontaktloser-kartenleser-reiner-sct-cyberjack-basis.jpg\" alt=\"Kontaktloser Kartenleser von REINER SCT cyberJack basis\" width=\"600\" height=\"320\" class=\"size-full wp-image-1372\" srcset=\"https:\/\/www.kartenlesegeraet24.de\/wp-content\/uploads\/2017\/02\/kontaktloser-kartenleser-reiner-sct-cyberjack-basis.jpg 600w, https:\/\/www.kartenlesegeraet24.de\/wp-content\/uploads\/2017\/02\/kontaktloser-kartenleser-reiner-sct-cyberjack-basis-300x160.jpg 300w\" sizes=\"auto, (max-width: 600px) 100vw, 600px\" \/><figcaption id=\"caption-attachment-1372\" class=\"wp-caption-text\">Kontaktloser Kartenleser von REINER SCT cyberJack basis<\/figcaption><\/figure><\/a><img loading=\"lazy\" decoding=\"async\" src=\"http:\/\/ir-de.amazon-adsystem.com\/e\/ir?t=httpwwwper0af-21&#038;l=as2&#038;o=3&#038;a=B004FQO10U\" width=\"1\" height=\"1\" border=\"0\" alt=\"\" style=\"border:none !important; margin:0px !important;\" \/><\/p>\n<h3>Grundinformationen zum Kartenleseger\u00e4t cyberJack@ RFID basis<\/h3>\n<ul>\n<li>Produkt: Kartenleser SCL 011<\/li>\n<li>Hersteller: REINER SCT<\/li>\n<li>Typ: kontaktlos<\/li>\n<li>Typ: Personalausweis Basis-Kartenleseger\u00e4t<\/li>\n<\/ul>\n<table style=\"width: 98%; font-size:10pt; line-height: 1.5;\">\n<caption>Nutzungsm\u00f6glichkeiten des Basis-Kartenlesers cyberJack@ RFID basis<\/caption>\n<thead>\n<tr>\n<th style=\"width: 20%;\"><\/th>\n<th style=\"text-align: center; width: 79%;\">Einsatz<\/th>\n<\/tr>\n<\/thead>\n<tbody>\n<tr>\n<td style=\"text-align: center;width: 20%;\"><img loading=\"lazy\" decoding=\"async\" src=\"http:\/\/www.kartenlesegeraet24.de\/wp-content\/uploads\/2015\/06\/kartenlesegeraet-icon-wu.jpg\" alt=\"Kartenlesegeraet-Icon (wu)\" width=\"35\" height=\"35\" class=\"size-full wp-image-387\" \/><\/td>\n<td style=\"text-align: center;width: 79%;\">Unterst\u00fctzung der Online-Ausweisfunktion (eID-Funktion) des Personalausweises<\/td>\n<\/tr>\n<tr>\n<td style=\"text-align: center;width: 20%;\"><img loading=\"lazy\" decoding=\"async\" src=\"http:\/\/www.kartenlesegeraet24.de\/wp-content\/uploads\/2015\/06\/kartenlesegeraet-icon-wu.jpg\" alt=\"Kartenlesegeraet-Icon (wu)\" width=\"35\" height=\"35\" class=\"size-full wp-image-387\" \/><\/td>\n<td style=\"text-align: center;width: 79%;\">Unterst\u00fctzung anderer kontaktloser Karten nach ISO14443<\/td>\n<\/tr>\n<tr>\n<td style=\"text-align: center;width: 20%;\"><img loading=\"lazy\" decoding=\"async\" src=\"http:\/\/www.kartenlesegeraet24.de\/wp-content\/uploads\/2015\/06\/kartenlesegeraet-icon-nu.jpg\" alt=\"Kartenlesegeraet-Icon (nu)\" width=\"35\" height=\"35\" class=\"size-full wp-image-386\" \/><\/td>\n<td style=\"text-align: center;width: 79%;\">Unterst\u00fctzung der Unterschriftsfunktion (QES) des Personalausweises<\/td>\n<\/tr>\n<tr>\n<td style=\"text-align: center;width: 20%;\"><img loading=\"lazy\" decoding=\"async\" src=\"http:\/\/www.kartenlesegeraet24.de\/wp-content\/uploads\/2015\/06\/kartenlesegeraet-icon-nu.jpg\" alt=\"Kartenlesegeraet-Icon (nu)\" width=\"35\" height=\"35\" class=\"size-full wp-image-386\" \/><\/td>\n<td style=\"text-align: center;width: 79%;\">Unterst\u00fctzung der qualifizierten elektronischen Signatur (QES) mit anderen kontaktbehafteten Signaturkarten<\/td>\n<\/tr>\n<tr>\n<td style=\"text-align: center;width: 20%;\"><img loading=\"lazy\" decoding=\"async\" src=\"http:\/\/www.kartenlesegeraet24.de\/wp-content\/uploads\/2015\/06\/kartenlesegeraet-icon-nu.jpg\" alt=\"Kartenlesegeraet-Icon (nu)\" width=\"35\" height=\"35\" class=\"size-full wp-image-386\" \/><\/td>\n<td style=\"text-align: center;width: 79%;\">Unterst\u00fctzung anderer kontaktbehafteter Karten nach ISO 7816<\/td>\n<\/tr>\n<\/tbody>\n<\/table>\n<h3>Unterst\u00fctzte Betriebssysteme<\/h3>\n<ul>\n<li>Windows: 2000, XP (32 \/ 64 Bit), Vista (32 \/ 64 Bit), 7 (32 \/ 64 Bit), Server 2003 &#8211; 2008 R2<\/li>\n<li>Linux ab Kernel 2.6.x: Debian, Ubuntu, SuSE, Fedora, Mandriva<\/li>\n<li>Mac OS X: 10.4 und h\u00f6her<\/li>\n<\/ul>\n<h3>Angaben zur Zertifizierung des Kartenlesers<\/h3>\n<ul>\n<li>zertifiziert: ja, nach BSI TR-03119 (v1.1)<\/li>\n<li>Zertifizierungsdatum: 11.10.2010<\/li>\n<li>ZertifikatsID: BSI-K-TR-0066-2010<\/li>\n<\/ul>\n","protected":false},"excerpt":{"rendered":"<p>Informationen zum Basis-Kartenleseger\u00e4t cyberJack RFID basis Grundinformationen zum Kartenleseger\u00e4t cyberJack@ RFID basis Produkt: Kartenleser SCL 011 Hersteller: REINER SCT Typ: kontaktlos Typ: Personalausweis Basis-Kartenleseger\u00e4t Nutzungsm\u00f6glichkeiten des Basis-Kartenlesers cyberJack@ RFID basis Einsatz Unterst\u00fctzung der Online-Ausweisfunktion (eID-Funktion) des Personalausweises Unterst\u00fctzung anderer kontaktloser Karten nach ISO14443 Unterst\u00fctzung der Unterschriftsfunktion (QES) des Personalausweises Unterst\u00fctzung der qualifizierten elektronischen Signatur (QES) &hellip; <a href=\"https:\/\/www.kartenlesegeraet24.de\/index.php\/unterscheidung-von-personalausweis-kartenleser\/basis-kartenlesegeraet-cyberjack-rfid-basis-von-reiner-sct\/\" class=\"more-link\"><span class=\"screen-reader-text\">Basis-Kartenleseger\u00e4t cyberJack RFID basis von REINER SCT<\/span> weiterlesen <span class=\"meta-nav\">&rarr;<\/span><\/a><\/p>\n","protected":false},"author":1,"featured_media":0,"parent":14,"menu_order":310,"comment_status":"closed","ping_status":"closed","template":"","meta":{"footnotes":""},"class_list":["post-439","page","type-page","status-publish","hentry"],"_links":{"self":[{"href":"https:\/\/www.kartenlesegeraet24.de\/index.php\/wp-json\/wp\/v2\/pages\/439","targetHints":{"allow":["GET"]}}],"collection":[{"href":"https:\/\/www.kartenlesegeraet24.de\/index.php\/wp-json\/wp\/v2\/pages"}],"about":[{"href":"https:\/\/www.kartenlesegeraet24.de\/index.php\/wp-json\/wp\/v2\/types\/page"}],"author":[{"embeddable":true,"href":"https:\/\/www.kartenlesegeraet24.de\/index.php\/wp-json\/wp\/v2\/users\/1"}],"replies":[{"embeddable":true,"href":"https:\/\/www.kartenlesegeraet24.de\/index.php\/wp-json\/wp\/v2\/comments?post=439"}],"version-history":[{"count":17,"href":"https:\/\/www.kartenlesegeraet24.de\/index.php\/wp-json\/wp\/v2\/pages\/439\/revisions"}],"predecessor-version":[{"id":1843,"href":"https:\/\/www.kartenlesegeraet24.de\/index.php\/wp-json\/wp\/v2\/pages\/439\/revisions\/1843"}],"up":[{"embeddable":true,"href":"https:\/\/www.kartenlesegeraet24.de\/index.php\/wp-json\/wp\/v2\/pages\/14"}],"wp:attachment":[{"href":"https:\/\/www.kartenlesegeraet24.de\/index.php\/wp-json\/wp\/v2\/media?parent=439"}],"curies":[{"name":"wp","href":"https:\/\/api.w.org\/{rel}","templated":true}]}}