{"id":424,"date":"2015-06-21T14:38:47","date_gmt":"2015-06-21T12:38:47","guid":{"rendered":"http:\/\/www.kartenlesegeraet24.de\/?page_id=424"},"modified":"2017-03-04T17:56:59","modified_gmt":"2017-03-04T16:56:59","slug":"basis-kartenlesegeraet-sdi-011-von-identive","status":"publish","type":"page","link":"https:\/\/www.kartenlesegeraet24.de\/index.php\/unterscheidung-von-personalausweis-kartenleser\/basis-kartenlesegeraet-sdi-011-von-identive\/","title":{"rendered":"Basis-Kartenleseger\u00e4t SDI 011 von Identive"},"content":{"rendered":"<h2>Informationen zum Basis-Kartenleseger\u00e4t SDI 011 von Identive<\/h2>\n<p><a rel=\"nofollow\" href=\"https:\/\/www.amazon.de\/gp\/product\/B008XGDX9I\/ref=as_li_tl?ie=UTF8&#038;camp=1638&#038;creative=6742&#038;creativeASIN=B008XGDX9I&#038;linkCode=as2&#038;tag=httpwwwper0af-21\"><br \/>\n<figure id=\"attachment_431\" aria-describedby=\"caption-attachment-431\" style=\"width: 270px\" class=\"wp-caption aligncenter\"><img loading=\"lazy\" decoding=\"async\" src=\"http:\/\/www.kartenlesegeraet24.de\/wp-content\/uploads\/2015\/06\/SCM-Personalausweis-Basis-Kartenleseger\u00e4t-SDI011.jpg\" alt=\"SCM Personalausweis-Basis-Kartenleseger\u00e4t SDI011\" width=\"270\" height=\"320\" class=\"size-full wp-image-431\" srcset=\"https:\/\/www.kartenlesegeraet24.de\/wp-content\/uploads\/2015\/06\/SCM-Personalausweis-Basis-Kartenleseger\u00e4t-SDI011.jpg 270w, https:\/\/www.kartenlesegeraet24.de\/wp-content\/uploads\/2015\/06\/SCM-Personalausweis-Basis-Kartenleseger\u00e4t-SDI011-253x300.jpg 253w\" sizes=\"auto, (max-width: 270px) 100vw, 270px\" \/><figcaption id=\"caption-attachment-431\" class=\"wp-caption-text\">SCM Personalausweis-Basis-Kartenleseger\u00e4t SDI011<\/figcaption><\/figure><br \/>\n<\/a><img loading=\"lazy\" decoding=\"async\" src=\"http:\/\/ir-de.amazon-adsystem.com\/e\/ir?t=httpwwwper0af-21&#038;l=as2&#038;o=3&#038;a=B008XGDX9I\" width=\"1\" height=\"1\" border=\"0\" alt=\"\" style=\"border:none !important; margin:0px !important;\" \/><\/p>\n<h3>Grundinformationen zum Kartenleser SDI 011<\/h3>\n<ul>\n<li>Produkt: Kartenleser SDI 011<\/li>\n<li>Hersteller: SCM Microsystems GmbH<\/li>\n<li>Typ: kontaktlos und kontaktbehaftet (dual)<\/li>\n<li>Typ: Personalausweis Basis-Kartenleser<\/li>\n<\/ul>\n<table style=\"width: 98%; font-size:10pt; line-height: 1.5;\">\n<caption>Nutzungsm\u00f6glichkeiten des Basis-Kartenlesers SDI 011 von Identive<\/caption>\n<thead>\n<tr>\n<th style=\"width: 20%;\"><\/th>\n<th style=\"text-align: center; width: 79%;\">Einsatz<\/th>\n<\/tr>\n<\/thead>\n<tbody>\n<tr>\n<td style=\"text-align: center;width: 20%;\"><img loading=\"lazy\" decoding=\"async\" src=\"http:\/\/www.kartenlesegeraet24.de\/wp-content\/uploads\/2015\/06\/kartenlesegeraet-icon-wu.jpg\" alt=\"Kartenlesegeraet-Icon (wu)\" width=\"35\" height=\"35\" class=\"size-full wp-image-387\" \/><\/td>\n<td style=\"text-align: center;width: 79%;\">Unterst\u00fctzung der Online-Ausweisfunktion (eID-Funktion) des Personalausweises<\/td>\n<\/tr>\n<tr>\n<td style=\"text-align: center;width: 20%;\"><img loading=\"lazy\" decoding=\"async\" src=\"http:\/\/www.kartenlesegeraet24.de\/wp-content\/uploads\/2015\/06\/kartenlesegeraet-icon-wu.jpg\" alt=\"Kartenlesegeraet-Icon (wu)\" width=\"35\" height=\"35\" class=\"size-full wp-image-387\" \/><\/td>\n<td style=\"text-align: center;width: 79%;\">Unterst\u00fctzung anderer kontaktloser Karten nach ISO14443<\/td>\n<\/tr>\n<tr>\n<td style=\"text-align: center;width: 20%;\"><img loading=\"lazy\" decoding=\"async\" src=\"http:\/\/www.kartenlesegeraet24.de\/wp-content\/uploads\/2015\/06\/kartenlesegeraet-icon-nu.jpg\" alt=\"Kartenlesegeraet-Icon (nu)\" width=\"35\" height=\"35\" class=\"size-full wp-image-386\" \/><\/td>\n<td style=\"text-align: center;width: 79%;\">Unterst\u00fctzung der Unterschriftsfunktion (QES) des Personalausweises<\/td>\n<\/tr>\n<tr>\n<td style=\"text-align: center;width: 20%;\"><img loading=\"lazy\" decoding=\"async\" src=\"http:\/\/www.kartenlesegeraet24.de\/wp-content\/uploads\/2015\/06\/kartenlesegeraet-icon-nu.jpg\" alt=\"Kartenlesegeraet-Icon (nu)\" width=\"35\" height=\"35\" class=\"size-full wp-image-386\" \/><\/td>\n<td style=\"text-align: center;width: 79%;\">Unterst\u00fctzung der qualifizierten elektronischen Signatur (QES) mit anderen kontaktbehafteten Signaturkarten<\/td>\n<\/tr>\n<tr>\n<td style=\"text-align: center;width: 20%;\"><img loading=\"lazy\" decoding=\"async\" src=\"http:\/\/www.kartenlesegeraet24.de\/wp-content\/uploads\/2015\/06\/kartenlesegeraet-icon-wu.jpg\" alt=\"Kartenlesegeraet-Icon (wu)\" width=\"35\" height=\"35\" class=\"size-full wp-image-387\" \/><\/td>\n<td style=\"text-align: center;width: 79%;\">Unterst\u00fctzung anderer kontaktbehafteter Karten nach ISO 7816<\/td>\n<\/tr>\n<\/tbody>\n<\/table>\n<h3>Unterst\u00fctzte Betriebssysteme<\/h3>\n<ul>\n<li>Windows: XP (32bit), Vista (32bit \/ 64bit), 7 (32bit \/ 64bit)<\/li>\n<li>Ubuntu 9.04 (32bit), Ubuntu 10.04 (32bit)<\/li>\n<li>Mac OS X: 10.6 (32bit)<\/li>\n<\/ul>\n<h3>Angaben zur Zertifizierung des Kartenlesers<\/h3>\n<ul>\n<li>zertifiziert: ja, nach BSI TR-03119 (v1.1)<\/li>\n<li>Zertifizierungsdatum: 04.08.2010<\/li>\n<li>ZertifikatsID: BSI-K-TR-0076-2010<\/li>\n<\/ul>\n","protected":false},"excerpt":{"rendered":"<p>Informationen zum Basis-Kartenleseger\u00e4t SDI 011 von Identive Grundinformationen zum Kartenleser SDI 011 Produkt: Kartenleser SDI 011 Hersteller: SCM Microsystems GmbH Typ: kontaktlos und kontaktbehaftet (dual) Typ: Personalausweis Basis-Kartenleser Nutzungsm\u00f6glichkeiten des Basis-Kartenlesers SDI 011 von Identive Einsatz Unterst\u00fctzung der Online-Ausweisfunktion (eID-Funktion) des Personalausweises Unterst\u00fctzung anderer kontaktloser Karten nach ISO14443 Unterst\u00fctzung der Unterschriftsfunktion (QES) des Personalausweises Unterst\u00fctzung &hellip; <a href=\"https:\/\/www.kartenlesegeraet24.de\/index.php\/unterscheidung-von-personalausweis-kartenleser\/basis-kartenlesegeraet-sdi-011-von-identive\/\" class=\"more-link\"><span class=\"screen-reader-text\">Basis-Kartenleseger\u00e4t SDI 011 von Identive<\/span> weiterlesen <span class=\"meta-nav\">&rarr;<\/span><\/a><\/p>\n","protected":false},"author":1,"featured_media":0,"parent":14,"menu_order":330,"comment_status":"closed","ping_status":"closed","template":"","meta":{"footnotes":""},"class_list":["post-424","page","type-page","status-publish","hentry"],"_links":{"self":[{"href":"https:\/\/www.kartenlesegeraet24.de\/index.php\/wp-json\/wp\/v2\/pages\/424","targetHints":{"allow":["GET"]}}],"collection":[{"href":"https:\/\/www.kartenlesegeraet24.de\/index.php\/wp-json\/wp\/v2\/pages"}],"about":[{"href":"https:\/\/www.kartenlesegeraet24.de\/index.php\/wp-json\/wp\/v2\/types\/page"}],"author":[{"embeddable":true,"href":"https:\/\/www.kartenlesegeraet24.de\/index.php\/wp-json\/wp\/v2\/users\/1"}],"replies":[{"embeddable":true,"href":"https:\/\/www.kartenlesegeraet24.de\/index.php\/wp-json\/wp\/v2\/comments?post=424"}],"version-history":[{"count":13,"href":"https:\/\/www.kartenlesegeraet24.de\/index.php\/wp-json\/wp\/v2\/pages\/424\/revisions"}],"predecessor-version":[{"id":1665,"href":"https:\/\/www.kartenlesegeraet24.de\/index.php\/wp-json\/wp\/v2\/pages\/424\/revisions\/1665"}],"up":[{"embeddable":true,"href":"https:\/\/www.kartenlesegeraet24.de\/index.php\/wp-json\/wp\/v2\/pages\/14"}],"wp:attachment":[{"href":"https:\/\/www.kartenlesegeraet24.de\/index.php\/wp-json\/wp\/v2\/media?parent=424"}],"curies":[{"name":"wp","href":"https:\/\/api.w.org\/{rel}","templated":true}]}}