{"id":4,"date":"2015-06-20T21:13:41","date_gmt":"2015-06-20T19:13:41","guid":{"rendered":"http:\/\/www.kartenlesegeraet24.de\/?page_id=4"},"modified":"2017-03-04T18:47:56","modified_gmt":"2017-03-04T17:47:56","slug":"personalausweis-kartenlesegeraete","status":"publish","type":"page","link":"https:\/\/www.kartenlesegeraet24.de\/index.php\/personalausweis-kartenlesegeraete\/","title":{"rendered":"Personalausweis-Kartenleseger\u00e4te"},"content":{"rendered":"<h2>Personalausweis-Kartenleser zur Nutzung der elektronischen Funktionen des Personalausweises<\/h2>\n<p>Der elektronische Personalausweis verf\u00fcgt \u00fcber verschiedene Funktion. Diese sind <\/p>\n<ul>\n<li>die Online-Ausweisfunktion (eID-Funktion) und<\/li>\n<li>die Unterschriftsfunktion (eSigns-Funktion).<\/li>\n<\/ul>\n<p>Zur Nutzung der elektronischen Funktionen des Personalausweises wird ein entsprechendes <strong>Kartenleseger\u00e4t<\/strong> ben\u00f6tigt. Dabei haben Nutzer die Auswahl zwischen <\/p>\n<ul>\n<li>Basis-Leseger\u00e4ten<\/li>\n<li>Standard-Kartenlesern und<\/li>\n<li>Komfort-Kartenleseger\u00e4ten.<\/li>\n<\/ul>\n<h3>Unterscheidung der Kartenleser bez\u00fcglich ihrer Einsatzm\u00f6glichkeiten<\/h3>\n<p>Es ist wichtig zu wissen, dass nicht jedes Kartenleseger\u00e4t f\u00fcr jede elektronische Funktion des Personalausweises verwendet werden kann.<br \/>\nSo sind <a href=\"http:\/\/www.kartenlesegeraet24.de\/index.php\/personalausweis-kartenlesegeraete\/unterscheidung-von-personalausweis-kartenleser\/basis-kartenlesegeraete-fuer-den-personalausweis\/\">Basis-Kartenleseger\u00e4te<\/a> und <a href=\"http:\/\/www.kartenlesegeraet24.de\/index.php\/personalausweis-kartenlesegeraete\/unterscheidung-von-personalausweis-kartenleser\/standard-kartenlesegeraete-fuer-den-personalausweis\/\">Standard-Kartenleseger\u00e4te<\/a> nur f\u00fcr die Nutzung der Online-Ausweisfunktion geeignet. Im Gegensatz dazu ben\u00f6tigt der User f\u00fcr die Anwendung der Unterschriftsfunktion (eSigns-Funktion) ein <a href=\"http:\/\/www.kartenlesegeraet24.de\/index.php\/personalausweis-kartenlesegeraete\/unterscheidung-von-personalausweis-kartenleser\/komfort-kartenlesegeraete-fuer-den-personalausweis\/\">Komfort-Kartenleseger\u00e4t<\/a>.Vor dem Kauf eines Kartenleseger\u00e4tes, sollte \u00fcberlegt werden, f\u00fcr was genau der Personalausweis eingesetzt werden soll. Falls geplat ist, die Unterschriftsfunktion zu nutzen, ist eine Komfort-Kartenleseger\u00e4t n\u00f6tig. F\u00fcr die Verwendung der Online-Ausweisfunktion ist die Nutzung eines Basis-Kartenlesers bzw. Standard-Kartenlesers ausreichend.<\/p>\n<p>Vorab sollten \u00dcberlegungen bez\u00fcglich der Sicherheitsanforderungen an das Personalausweis-Kartenleseger\u00e4t get\u00e4tigt werden. Es ist zu bedenken f\u00fcr welche Funktionen, Online-Ausweisfunktion oder Unterschriftsfunktion, der Personalausweises und somit auch das Kartenleseger\u00e4te verwendet werden sollen. <\/p>\n<h3>Mehr Sicherheit durch Standard-Kartenleseger\u00e4te und Komfort-Kartenleseger\u00e4te<\/h3>\n<p>Gundlegend ist die Nutzung des Personalausweises und seiner elektronischen Funktionen sicher. Allerdings entsteht durch die Nutzung von <a href=\"http:\/\/www.kartenlesegeraet24.de\/index.php\/personalausweis-kartenlesegeraete\/unterscheidung-von-personalausweis-kartenleser\/standard-kartenlesegeraete-fuer-den-personalausweis\/\">Standard-Kartenleseger\u00e4ten<\/a> und <a href=\"http:\/\/www.kartenlesegeraet24.de\/index.php\/personalausweis-kartenlesegeraete\/unterscheidung-von-personalausweis-kartenleser\/komfort-kartenlesegeraete-fuer-den-personalausweis\/\">Komfort-Kartenleseger\u00e4ten<\/a> ein zus\u00e4tzlicher Sicherheitsgewinn, gegen\u00fcber der Verwendung eines <a href=\"http:\/\/www.kartenlesegeraet24.de\/index.php\/personalausweis-kartenlesegeraete\/unterscheidung-von-personalausweis-kartenleser\/basis-kartenlesegeraete-fuer-den-personalausweis\/\">Basis-Kartenleseger\u00e4tes<\/a>, da Basis-Leseger\u00e4te \u00fcber keine eigenst\u00e4ndige Eingabeeinheit (PIN-Pad) und Darstellungseinheit (Display) verf\u00fcgen. Daher muss die Eingabe der entsprechenden PIN \u00fcber die Software bzw. die Rechnertastatur erfolgen. Hierbei kann die Ausweis-PIN zur Nutzung der Online-Ausweisfunktion per Keylogger ausgesp\u00e4t werden und in Kombination mit anderen Voraussetzungen, zum Missbrauch des jeweiligen Personalausweises f\u00fchren.<\/p>\n<h3>\u00dcbersicht der verschiedenen Kartenleser f\u00fcr die Nutzung des elektronischen Personalausweises<\/h3>\n<table style=\"width: 98%; font-size:10pt; line-height: 1.5;\">\n<caption>\n<h4>Kartenleseger\u00e4t zur Nutzung der elektronischen Funktionen des Personalausweises <\/h4>\n<thead>\n<tr>\n<th style=\"style=\"width: 30%;\">Kartenleser<\/th>\n<th style=\"text-align: center; style=\"width: 45%;\">Einsatz<\/th>\n<th style=\"text-align: center; style=\"width: 24%;\"\">Preis<\/th>\n<\/tr>\n<\/thead>\n<tbody>\n<tr>\n<td style=\"width: 30%;\"><b>Basis-Kartenleseger\u00e4t<\/b><\/td>\n<td style=\"text-align: center; style=\"width: 45%;\">Online-Ausweisfunktion (eID-Funktion)<\/td>\n<td style=\"text-align: center; style=\"width: 24%;\"\">niedrig<\/td>\n<\/tr>\n<tr>\n<td style=\"width: 30%;\"><b>Standard-Kartenleseger\u00e4t<\/b><\/td>\n<td style=\"text-align: center; style=\"width: 45%;\">Online-Ausweisfunktion (eID-Funktion)<\/td>\n<td>mittel<\/td>\n<\/tr>\n<tr>\n<td style=\"width: 30%;\"><b>Komfort-Kartenleseger\u00e4t<\/b><\/td>\n<td style=\"text-align: center; style=\"width: 45%;\">Online-Ausweisfunktion (eID-Funktion) und Unterschriftsfunktion<\/td>\n<td style=\"text-align: center; style=\"width: 24%;\"\">hoch<\/td>\n<\/tr>\n<\/tbody>\n<\/table>\n<h3>Beispiele f\u00fcr Kartenleser<\/h3>\n<h4>Komfort-Kartenleser &#8211; cyberJack RFID Komfort von REINER SCT<\/h4>\n<p><a rel=\"nofollow\" href=\"https:\/\/www.amazon.de\/gp\/product\/B004FQQ3WY\/ref=as_li_tl?ie=UTF8&#038;camp=1638&#038;creative=6742&#038;creativeASIN=B004FQQ3WY&#038;linkCode=as2&#038;tag=httpwwwper0af-21\"><figure id=\"attachment_831\" aria-describedby=\"caption-attachment-831\" style=\"width: 500px\" class=\"wp-caption aligncenter\"><img loading=\"lazy\" decoding=\"async\" src=\"http:\/\/www.kartenlesegeraet24.de\/wp-content\/uploads\/2015\/06\/cyberjack-rfid-komfort-komfort-kartenlesegeraet-von-reiner-sct.jpg\" alt=\"\" width=\"500\" height=\"470\" class=\"size-full wp-image-831\" srcset=\"https:\/\/www.kartenlesegeraet24.de\/wp-content\/uploads\/2015\/06\/cyberjack-rfid-komfort-komfort-kartenlesegeraet-von-reiner-sct.jpg 500w, https:\/\/www.kartenlesegeraet24.de\/wp-content\/uploads\/2015\/06\/cyberjack-rfid-komfort-komfort-kartenlesegeraet-von-reiner-sct-300x282.jpg 300w\" sizes=\"auto, (max-width: 500px) 100vw, 500px\" \/><figcaption id=\"caption-attachment-831\" class=\"wp-caption-text\">Kartenleseger\u00e4t cyberJack\u00ae RFID komfort (Komfort-Kartenleseger\u00e4t von REINER SCT)<\/figcaption><\/figure><br \/>\n<\/a><img loading=\"lazy\" decoding=\"async\" src=\"http:\/\/ir-de.amazon-adsystem.com\/e\/ir?t=httpwwwper0af-21&#038;l=as2&#038;o=3&#038;a=B004FQQ3WY\" width=\"1\" height=\"1\" border=\"0\" alt=\"\" style=\"border:none !important; margin:0px !important;\" \/><\/p>\n<h4>Standard-Kartenleseger\u00e4t &#8211; cyberJack RFID Standard von REINER SCT<\/h4>\n<p><a rel=\"nofollow\" href=\"https:\/\/www.amazon.de\/gp\/product\/B004FQL8RY\/ref=as_li_tl?ie=UTF8&#038;camp=1638&#038;creative=6742&#038;creativeASIN=B004FQL8RY&#038;linkCode=as2&#038;tag=httpwwwper0af-21\"><figure id=\"attachment_815\" aria-describedby=\"caption-attachment-815\" style=\"width: 450px\" class=\"wp-caption aligncenter\"><img loading=\"lazy\" decoding=\"async\" src=\"http:\/\/www.kartenlesegeraet24.de\/wp-content\/uploads\/2015\/06\/kartenlesegeraetstandard-kartenleser-reiner-sct-cyberjack-rfid-standard.jpg\" alt=\"cyberJack\u00ae standard (Standard-Kartenleser von REINER SCT)\" width=\"450\" height=\"320\" class=\"size-full wp-image-815\" srcset=\"https:\/\/www.kartenlesegeraet24.de\/wp-content\/uploads\/2015\/06\/kartenlesegeraetstandard-kartenleser-reiner-sct-cyberjack-rfid-standard.jpg 450w, https:\/\/www.kartenlesegeraet24.de\/wp-content\/uploads\/2015\/06\/kartenlesegeraetstandard-kartenleser-reiner-sct-cyberjack-rfid-standard-300x213.jpg 300w\" sizes=\"auto, (max-width: 450px) 100vw, 450px\" \/><figcaption id=\"caption-attachment-815\" class=\"wp-caption-text\">cyberJack\u00ae standard (Standard-Kartenleser von REINER SCT)<\/figcaption><\/figure><br \/>\n<\/a><img loading=\"lazy\" decoding=\"async\" src=\"http:\/\/ir-de.amazon-adsystem.com\/e\/ir?t=httpwwwper0af-21&#038;l=as2&#038;o=3&#038;a=B004FQL8RY\" width=\"1\" height=\"1\" border=\"0\" alt=\"\" style=\"border:none !important; margin:0px !important;\" \/><\/p>\n<h4>Standard-Kartenleseger\u00e4t &#8211; REINERSCT cyberJack wave Bluetooth von REINER SCT<\/h4>\n<p><a rel=\"nofollow\" href=\"https:\/\/www.amazon.de\/gp\/product\/B00BX5DBR0\/ref=as_li_tl?ie=UTF8&#038;camp=1638&#038;creative=6742&#038;creativeASIN=B00BX5DBR0&#038;linkCode=as2&#038;tag=httpwwwper0af-21\"><figure id=\"attachment_810\" aria-describedby=\"caption-attachment-810\" style=\"width: 450px\" class=\"wp-caption aligncenter\"><img loading=\"lazy\" decoding=\"async\" src=\"http:\/\/www.kartenlesegeraet24.de\/wp-content\/uploads\/2015\/06\/kartenlesegeraet-cyberjack-wave-standard-kartenlesegeraet.jpg\" alt=\"cyberJack\u00ae wave (Standard-Kartenleser von REINER SCT)\" width=\"450\" height=\"320\" class=\"size-full wp-image-810\" srcset=\"https:\/\/www.kartenlesegeraet24.de\/wp-content\/uploads\/2015\/06\/kartenlesegeraet-cyberjack-wave-standard-kartenlesegeraet.jpg 450w, https:\/\/www.kartenlesegeraet24.de\/wp-content\/uploads\/2015\/06\/kartenlesegeraet-cyberjack-wave-standard-kartenlesegeraet-300x213.jpg 300w\" sizes=\"auto, (max-width: 450px) 100vw, 450px\" \/><figcaption id=\"caption-attachment-810\" class=\"wp-caption-text\">cyberJack\u00ae wave (Standard-Kartenleser von REINER SCT)<\/figcaption><\/figure><\/a><img loading=\"lazy\" decoding=\"async\" src=\"http:\/\/ir-de.amazon-adsystem.com\/e\/ir?t=httpwwwper0af-21&#038;l=as2&#038;o=3&#038;a=B00BX5DBR0\" width=\"1\" height=\"1\" border=\"0\" alt=\"\" style=\"border:none !important; margin:0px !important;\" \/><\/p>\n<h4>Basis-Kartenleser &#8211; cyberJack RFID Komfort von REINER SCT<\/h4>\n<p><a rel=\"nofollow\" href=\"https:\/\/www.amazon.de\/gp\/product\/B004FQO10U\/ref=as_li_tl?ie=UTF8&#038;camp=1638&#038;creative=6742&#038;creativeASIN=B004FQO10U&#038;linkCode=as2&#038;tag=httpwwwper0af-21\"><figure id=\"attachment_1372\" aria-describedby=\"caption-attachment-1372\" style=\"width: 600px\" class=\"wp-caption aligncenter\"><img loading=\"lazy\" decoding=\"async\" src=\"http:\/\/www.kartenlesegeraet24.de\/wp-content\/uploads\/2017\/02\/kontaktloser-kartenleser-reiner-sct-cyberjack-basis.jpg\" alt=\"Kontaktloser Kartenleser von REINER SCT cyberJack basis\" width=\"600\" height=\"320\" class=\"size-full wp-image-1372\" srcset=\"https:\/\/www.kartenlesegeraet24.de\/wp-content\/uploads\/2017\/02\/kontaktloser-kartenleser-reiner-sct-cyberjack-basis.jpg 600w, https:\/\/www.kartenlesegeraet24.de\/wp-content\/uploads\/2017\/02\/kontaktloser-kartenleser-reiner-sct-cyberjack-basis-300x160.jpg 300w\" sizes=\"auto, (max-width: 600px) 100vw, 600px\" \/><figcaption id=\"caption-attachment-1372\" class=\"wp-caption-text\">Kontaktloser Kartenleser von REINER SCT cyberJack basis<\/figcaption><\/figure><\/a><img loading=\"lazy\" decoding=\"async\" src=\"http:\/\/ir-de.amazon-adsystem.com\/e\/ir?t=httpwwwper0af-21&#038;l=as2&#038;o=3&#038;a=B004FQO10U\" width=\"1\" height=\"1\" border=\"0\" alt=\"\" style=\"border:none !important; margin:0px !important;\" \/><\/p>\n<h3>Tipps zum Kauf eine Personalausweis-Kartenleser<\/h3>\n<p>Folgend sind hilfreiche Informationen f\u00fcr den Kauf eines Personalausweis-Leseger\u00e4tes verlinkt.<br \/>\n<a href=\"http:\/\/www.kartenlesegeraet24.de\/index.php\/personalausweis-kartenlesegeraete\/tipps-fuer-den-kauf-eines-personalausweis-kartenlesegeraetes\/\">&raquo; Tipps f\u00fcr den Kauf eines Personalausweis-Kartenleseger\u00e4tes<\/a><\/p>\n","protected":false},"excerpt":{"rendered":"<p>Personalausweis-Kartenleser zur Nutzung der elektronischen Funktionen des Personalausweises Der elektronische Personalausweis verf\u00fcgt \u00fcber verschiedene Funktion. Diese sind die Online-Ausweisfunktion (eID-Funktion) und die Unterschriftsfunktion (eSigns-Funktion). Zur Nutzung der elektronischen Funktionen des Personalausweises wird ein entsprechendes Kartenleseger\u00e4t ben\u00f6tigt. Dabei haben Nutzer die Auswahl zwischen Basis-Leseger\u00e4ten Standard-Kartenlesern und Komfort-Kartenleseger\u00e4ten. Unterscheidung der Kartenleser bez\u00fcglich ihrer Einsatzm\u00f6glichkeiten Es ist wichtig &hellip; <a href=\"https:\/\/www.kartenlesegeraet24.de\/index.php\/personalausweis-kartenlesegeraete\/\" class=\"more-link\"><span class=\"screen-reader-text\">Personalausweis-Kartenleseger\u00e4te<\/span> weiterlesen <span class=\"meta-nav\">&rarr;<\/span><\/a><\/p>\n","protected":false},"author":1,"featured_media":0,"parent":0,"menu_order":1,"comment_status":"closed","ping_status":"closed","template":"","meta":{"footnotes":""},"class_list":["post-4","page","type-page","status-publish","hentry"],"_links":{"self":[{"href":"https:\/\/www.kartenlesegeraet24.de\/index.php\/wp-json\/wp\/v2\/pages\/4","targetHints":{"allow":["GET"]}}],"collection":[{"href":"https:\/\/www.kartenlesegeraet24.de\/index.php\/wp-json\/wp\/v2\/pages"}],"about":[{"href":"https:\/\/www.kartenlesegeraet24.de\/index.php\/wp-json\/wp\/v2\/types\/page"}],"author":[{"embeddable":true,"href":"https:\/\/www.kartenlesegeraet24.de\/index.php\/wp-json\/wp\/v2\/users\/1"}],"replies":[{"embeddable":true,"href":"https:\/\/www.kartenlesegeraet24.de\/index.php\/wp-json\/wp\/v2\/comments?post=4"}],"version-history":[{"count":29,"href":"https:\/\/www.kartenlesegeraet24.de\/index.php\/wp-json\/wp\/v2\/pages\/4\/revisions"}],"predecessor-version":[{"id":1690,"href":"https:\/\/www.kartenlesegeraet24.de\/index.php\/wp-json\/wp\/v2\/pages\/4\/revisions\/1690"}],"wp:attachment":[{"href":"https:\/\/www.kartenlesegeraet24.de\/index.php\/wp-json\/wp\/v2\/media?parent=4"}],"curies":[{"name":"wp","href":"https:\/\/api.w.org\/{rel}","templated":true}]}}