{"id":383,"date":"2015-06-21T12:37:17","date_gmt":"2015-06-21T10:37:17","guid":{"rendered":"http:\/\/www.kartenlesegeraet24.de\/?page_id=383"},"modified":"2017-02-20T10:34:15","modified_gmt":"2017-02-20T09:34:15","slug":"uebersicht-verschiedener-typen-von-personalausweis-kartenlesegeraeten","status":"publish","type":"page","link":"https:\/\/www.kartenlesegeraet24.de\/index.php\/personalausweis-kartenlesegeraete\/uebersicht-verschiedener-typen-von-personalausweis-kartenlesegeraeten\/","title":{"rendered":"\u00dcbersicht verschiedener Typen von Personalausweis-Kartenleseger\u00e4ten"},"content":{"rendered":"<h2>Personalausweis-Kartenleser-Typen<\/h2>\n<p>In der folgenden \u00dcbersicht werden die Unterschiede der verschiedenen Kartenlesertypen zur Nutzung des Personalausweises in einer Tabelle \u00fcbersichtlich und vergleichens dargestellt.<\/p>\n<table style=\"width: 98%; font-size:10pt; line-height: 1.5;\">\n<caption>\n<h4> \u00dcbersicht der verschiedenen Kartenleseger\u00e4ttypen zur Nutzung des Personalausweises<\/h4>\n<thead>\n<tr>\n<th style=\"text-align: center; width: 33%;\">Personalausweis-Kartenleseger\u00e4t-Kategorie (nach der TR-03119 definiert)<\/th>\n<th style=\"text-align: center; width: 22%;\">Basis-Perso-Kartenleseger\u00e4t (CAT B)<\/th>\n<th style=\"text-align: center; width: 22%;\">Standard-Perso-Kartenleseger\u00e4t (CAT S)<\/th>\n<th style=\"text-align: center; width: 22%;\">Komfort-Perso-Kartenleseger\u00e4t (CAT K)<\/th>\n<\/tr>\n<\/thead>\n<tbody>\n<tr>\n<td>unterst\u00fctzt die Online-Ausweisfunktion (eID-Funktion)<\/td>\n<td style=\"text-align: center;\"><img loading=\"lazy\" decoding=\"async\" src=\"http:\/\/www.kartenlesegeraet24.de\/wp-content\/uploads\/2015\/06\/kartenlesegeraet-icon-wu.jpg\" alt=\"Kartenlesegeraet-Icon (wu)\" width=\"35\" height=\"35\" class=\"size-full wp-image-387\" \/><\/p>\n<p>ja, wird unterst\u00fctzt<\/p>\n<\/td>\n<td style=\"text-align: center;\"><img loading=\"lazy\" decoding=\"async\" src=\"http:\/\/www.kartenlesegeraet24.de\/wp-content\/uploads\/2015\/06\/kartenlesegeraet-icon-wu.jpg\" alt=\"Kartenlesegeraet-Icon (wu)\" width=\"35\" height=\"35\" class=\"size-full wp-image-387\" \/><\/p>\n<p>ja, wird unterst\u00fctzt<\/p>\n<\/td>\n<td style=\"text-align: center;\"><img loading=\"lazy\" decoding=\"async\" src=\"http:\/\/www.kartenlesegeraet24.de\/wp-content\/uploads\/2015\/06\/kartenlesegeraet-icon-wu.jpg\" alt=\"Kartenlesegeraet-Icon (wu)\" width=\"35\" height=\"35\" class=\"size-full wp-image-387\" \/><\/p>\n<p>ja, wird unterst\u00fctzt<\/p>\n<\/td>\n<\/tr>\n<tr>\n<td>verf\u00fcgt \u00fcber eine eigene Eingabetastatur\/ Eingabeeinheit (PIN-Pad)<\/td>\n<td style=\"text-align: center;\"><img loading=\"lazy\" decoding=\"async\" src=\"http:\/\/www.kartenlesegeraet24.de\/wp-content\/uploads\/2015\/06\/kartenlesegeraet-icon-nu.jpg\" alt=\"Kartenlesegeraet-Icon (nu)\" width=\"35\" height=\"35\" class=\"size-full wp-image-386\" \/><\/p>\n<p>nein, wird nicht unterst\u00fctzt<\/p>\n<\/td>\n<td style=\"text-align: center;\"><img loading=\"lazy\" decoding=\"async\" src=\"http:\/\/www.kartenlesegeraet24.de\/wp-content\/uploads\/2015\/06\/kartenlesegeraet-icon-wu.jpg\" alt=\"Kartenlesegeraet-Icon (wu)\" width=\"35\" height=\"35\" class=\"size-full wp-image-387\" \/><\/p>\n<p>ja, wird unterst\u00fctzt<\/p>\n<\/td>\n<td style=\"text-align: center;\"><img loading=\"lazy\" decoding=\"async\" src=\"http:\/\/www.kartenlesegeraet24.de\/wp-content\/uploads\/2015\/06\/kartenlesegeraet-icon-wu.jpg\" alt=\"Kartenlesegeraet-Icon (wu)\" width=\"35\" height=\"35\" class=\"size-full wp-image-387\" \/><\/p>\n<p>ja, wird unterst\u00fctzt<\/p>\n<\/td>\n<tr>\n<td>Verf\u00fcgt \u00fcber ein eigenes Display\/ Anzeigeeinheit sowie eine PIN-Verschl\u00fcsselung<\/td>\n<td style=\"text-align: center;\"><img loading=\"lazy\" decoding=\"async\" src=\"http:\/\/www.kartenlesegeraet24.de\/wp-content\/uploads\/2015\/06\/kartenlesegeraet-icon-wu.jpg\" alt=\"Kartenlesegeraet-Icon (wu)\" width=\"35\" height=\"35\" class=\"size-full wp-image-387\" \/><\/p>\n<p>ja, wird unterst\u00fctzt<\/p>\n<\/td>\n<td style=\"text-align: center;\">\n<p>optional<\/p>\n<\/td>\n<td style=\"text-align: center;\"><img loading=\"lazy\" decoding=\"async\" src=\"http:\/\/www.kartenlesegeraet24.de\/wp-content\/uploads\/2015\/06\/kartenlesegeraet-icon-wu.jpg\" alt=\"Kartenlesegeraet-Icon (wu)\" width=\"35\" height=\"35\" class=\"size-full wp-image-387\" \/><\/p>\n<p>ja, wird unterst\u00fctzt<\/p>\n<\/td>\n<\/tr>\n<tr>\n<td>unterst\u00fctzt die eSigns-Funktion (Unterschriftsfunktion)<\/td>\n<td style=\"text-align: center;\"><img loading=\"lazy\" decoding=\"async\" src=\"http:\/\/www.kartenlesegeraet24.de\/wp-content\/uploads\/2015\/06\/kartenlesegeraet-icon-nu.jpg\" alt=\"Kartenlesegeraet-Icon (nu)\" width=\"35\" height=\"35\" class=\"size-full wp-image-386\" \/><\/p>\n<p>nein, wird nicht unterst\u00fctzt<\/p>\n<\/td>\n<td style=\"text-align: center;\"><img loading=\"lazy\" decoding=\"async\" src=\"http:\/\/www.kartenlesegeraet24.de\/wp-content\/uploads\/2015\/06\/kartenlesegeraet-icon-nu.jpg\" alt=\"Kartenlesegeraet-Icon (nu)\" width=\"35\" height=\"35\" class=\"size-full wp-image-386\" \/><\/p>\n<p>nein, wird nicht unterst\u00fctzt<\/p>\n<\/td>\n<td style=\"text-align: center;\"><img loading=\"lazy\" decoding=\"async\" src=\"http:\/\/www.kartenlesegeraet24.de\/wp-content\/uploads\/2015\/06\/kartenlesegeraet-icon-wu.jpg\" alt=\"Kartenlesegeraet-Icon (wu)\" width=\"35\" height=\"35\" class=\"size-full wp-image-387\" \/><\/p>\n<p>ja, wird unterst\u00fctzt<\/p>\n<\/td>\n<\/tr>\n<tr>\n<td>verf\u00fcgt \u00fcber eine kontaktlose Schnittstelle per RFID (nach ISO\/IEC 14443) f\u00fcr den Personalausweis<\/td>\n<td style=\"text-align: center;\"><img loading=\"lazy\" decoding=\"async\" src=\"http:\/\/www.kartenlesegeraet24.de\/wp-content\/uploads\/2015\/06\/kartenlesegeraet-icon-wu.jpg\" alt=\"Kartenlesegeraet-Icon (wu)\" width=\"35\" height=\"35\" class=\"size-full wp-image-387\" \/><\/p>\n<p>ja, wird unterst\u00fctzt<\/p>\n<\/td>\n<td style=\"text-align: center;\"><img loading=\"lazy\" decoding=\"async\" src=\"http:\/\/www.kartenlesegeraet24.de\/wp-content\/uploads\/2015\/06\/kartenlesegeraet-icon-wu.jpg\" alt=\"Kartenlesegeraet-Icon (wu)\" width=\"35\" height=\"35\" class=\"size-full wp-image-387\" \/><\/p>\n<p>ja, wird unterst\u00fctzt<\/p>\n<\/td>\n<td style=\"text-align: center;\"><img loading=\"lazy\" decoding=\"async\" src=\"http:\/\/www.kartenlesegeraet24.de\/wp-content\/uploads\/2015\/06\/kartenlesegeraet-icon-wu.jpg\" alt=\"Kartenlesegeraet-Icon (wu)\" width=\"35\" height=\"35\" class=\"size-full wp-image-387\" \/><\/p>\n<p>ja, wird unterst\u00fctzt<\/p>\n<\/td>\n<\/tr>\n<tr>\n<td>verf\u00fcgt \u00fcber eine Kontaktbehaftete Schnittstelle (nach ISO\/IEC 7816) f\u00fcr andere Chipkarten-Anwendungen<\/td>\n<td style=\"text-align: center;\"><img loading=\"lazy\" decoding=\"async\" src=\"http:\/\/www.kartenlesegeraet24.de\/wp-content\/uploads\/2015\/06\/kartenlesegeraet-icon-nu.jpg\" alt=\"Kartenlesegeraet-Icon (nu)\" width=\"35\" height=\"35\" class=\"size-full wp-image-386\" \/><\/p>\n<p>nein, wird nicht unterst\u00fctzt<\/p>\n<\/td>\n<td style=\"text-align: center;\"><img loading=\"lazy\" decoding=\"async\" src=\"http:\/\/www.kartenlesegeraet24.de\/wp-content\/uploads\/2015\/06\/kartenlesegeraet-icon-wu.jpg\" alt=\"Kartenlesegeraet-Icon (wu)\" width=\"35\" height=\"35\" class=\"size-full wp-image-387\" \/><\/p>\n<p>ja, wird unterst\u00fctzt<\/p>\n<\/td>\n<td style=\"text-align: center;\"><img loading=\"lazy\" decoding=\"async\" src=\"http:\/\/www.kartenlesegeraet24.de\/wp-content\/uploads\/2015\/06\/kartenlesegeraet-icon-wu.jpg\" alt=\"Kartenlesegeraet-Icon (wu)\" width=\"35\" height=\"35\" class=\"size-full wp-image-387\" \/><\/p>\n<p>ja, wird unterst\u00fctzt<\/p>\n<\/td>\n<\/tr>\n<tr>\n<td>Einsatz nach SigG bzw. SigV f\u00fcr qualifizierte elektronische Signaturen mit dem Personalausweis (Nutzung der nPA-QES)<\/td>\n<td style=\"text-align: center;\"><img loading=\"lazy\" decoding=\"async\" src=\"http:\/\/www.kartenlesegeraet24.de\/wp-content\/uploads\/2015\/06\/kartenlesegeraet-icon-nu.jpg\" alt=\"Kartenlesegeraet-Icon (nu)\" width=\"35\" height=\"35\" class=\"size-full wp-image-386\" \/><\/p>\n<p>nein, wird nicht unterst\u00fctzt<\/p>\n<\/td>\n<td style=\"text-align: center;\"><img loading=\"lazy\" decoding=\"async\" src=\"http:\/\/www.kartenlesegeraet24.de\/wp-content\/uploads\/2015\/06\/kartenlesegeraet-icon-nu.jpg\" alt=\"Kartenlesegeraet-Icon (nu)\" width=\"35\" height=\"35\" class=\"size-full wp-image-386\" \/><\/p>\n<p>nein, wird nicht unterst\u00fctzt<\/p>\n<\/td>\n<td style=\"text-align: center;\"><img loading=\"lazy\" decoding=\"async\" src=\"http:\/\/www.kartenlesegeraet24.de\/wp-content\/uploads\/2015\/06\/kartenlesegeraet-icon-wu.jpg\" alt=\"Kartenlesegeraet-Icon (wu)\" width=\"35\" height=\"35\" class=\"size-full wp-image-387\" \/><\/p>\n<p>ja, wird unterst\u00fctzt<\/p>\n<\/td>\n<\/tr>\n<tr>\n<td>Einsatz nach SigG bzw. SigV f\u00fcr qualifizierte elektronische Signaturen mit kontaktbehafteten Signaturchipkarten<\/td>\n<td style=\"text-align: center;\"><img loading=\"lazy\" decoding=\"async\" src=\"http:\/\/www.kartenlesegeraet24.de\/wp-content\/uploads\/2015\/06\/kartenlesegeraet-icon-nu.jpg\" alt=\"Kartenlesegeraet-Icon (nu)\" width=\"35\" height=\"35\" class=\"size-full wp-image-386\" \/><\/p>\n<p>nein, wird nicht unterst\u00fctzt<\/p>\n<\/td>\n<td style=\"text-align: center;\"><img loading=\"lazy\" decoding=\"async\" src=\"http:\/\/www.kartenlesegeraet24.de\/wp-content\/uploads\/2015\/06\/kartenlesegeraet-icon-wu.jpg\" alt=\"Kartenlesegeraet-Icon (wu)\" width=\"35\" height=\"35\" class=\"size-full wp-image-387\" \/><\/p>\n<p>ja, wird unterst\u00fctzt<\/p>\n<\/td>\n<td style=\"text-align: center;\"><img loading=\"lazy\" decoding=\"async\" src=\"http:\/\/www.kartenlesegeraet24.de\/wp-content\/uploads\/2015\/06\/kartenlesegeraet-icon-wu.jpg\" alt=\"Kartenlesegeraet-Icon (wu)\" width=\"35\" height=\"35\" class=\"size-full wp-image-387\" \/><\/p>\n<p>ja, wird unterst\u00fctzt<\/p>\n<\/td>\n<\/tr>\n<tr>\n<td>Besitzt eine eigene Hintergrundbeleuchtung der Anzeigeeinheit (Display)<\/td>\n<td style=\"text-align: center;\"><img loading=\"lazy\" decoding=\"async\" src=\"http:\/\/www.kartenlesegeraet24.de\/wp-content\/uploads\/2015\/06\/kartenlesegeraet-icon-nu.jpg\" alt=\"Kartenlesegeraet-Icon (nu)\" width=\"35\" height=\"35\" class=\"size-full wp-image-386\" \/><\/p>\n<p>nein, wird nicht unterst\u00fctzt<\/p>\n<\/td>\n<td style=\"text-align: center;\"><img loading=\"lazy\" decoding=\"async\" src=\"http:\/\/www.kartenlesegeraet24.de\/wp-content\/uploads\/2015\/06\/kartenlesegeraet-icon-wu.jpg\" alt=\"Kartenlesegeraet-Icon (wu)\" width=\"35\" height=\"35\" class=\"size-full wp-image-387\" \/><\/p>\n<p>ja, wird unterst\u00fctzt<\/p>\n<\/td>\n<td style=\"text-align: center;\"><img loading=\"lazy\" decoding=\"async\" src=\"http:\/\/www.kartenlesegeraet24.de\/wp-content\/uploads\/2015\/06\/kartenlesegeraet-icon-wu.jpg\" alt=\"Kartenlesegeraet-Icon (wu)\" width=\"35\" height=\"35\" class=\"size-full wp-image-387\" \/><\/p>\n<p>ja, wird unterst\u00fctzt<\/p>\n<\/td>\n<\/tr>\n<\/tbody>\n<\/table>\n","protected":false},"excerpt":{"rendered":"<p>Personalausweis-Kartenleser-Typen In der folgenden \u00dcbersicht werden die Unterschiede der verschiedenen Kartenlesertypen zur Nutzung des Personalausweises in einer Tabelle \u00fcbersichtlich und vergleichens dargestellt. \u00dcbersicht der verschiedenen Kartenleseger\u00e4ttypen zur Nutzung des Personalausweises Personalausweis-Kartenleseger\u00e4t-Kategorie (nach der TR-03119 definiert) Basis-Perso-Kartenleseger\u00e4t (CAT B) Standard-Perso-Kartenleseger\u00e4t (CAT S) Komfort-Perso-Kartenleseger\u00e4t (CAT K) unterst\u00fctzt die Online-Ausweisfunktion (eID-Funktion) ja, wird unterst\u00fctzt ja, wird unterst\u00fctzt ja, &hellip; <a href=\"https:\/\/www.kartenlesegeraet24.de\/index.php\/personalausweis-kartenlesegeraete\/uebersicht-verschiedener-typen-von-personalausweis-kartenlesegeraeten\/\" class=\"more-link\"><span class=\"screen-reader-text\">\u00dcbersicht verschiedener Typen von Personalausweis-Kartenleseger\u00e4ten<\/span> weiterlesen <span class=\"meta-nav\">&rarr;<\/span><\/a><\/p>\n","protected":false},"author":1,"featured_media":0,"parent":4,"menu_order":5,"comment_status":"closed","ping_status":"open","template":"","meta":{"footnotes":""},"class_list":["post-383","page","type-page","status-publish","hentry"],"_links":{"self":[{"href":"https:\/\/www.kartenlesegeraet24.de\/index.php\/wp-json\/wp\/v2\/pages\/383","targetHints":{"allow":["GET"]}}],"collection":[{"href":"https:\/\/www.kartenlesegeraet24.de\/index.php\/wp-json\/wp\/v2\/pages"}],"about":[{"href":"https:\/\/www.kartenlesegeraet24.de\/index.php\/wp-json\/wp\/v2\/types\/page"}],"author":[{"embeddable":true,"href":"https:\/\/www.kartenlesegeraet24.de\/index.php\/wp-json\/wp\/v2\/users\/1"}],"replies":[{"embeddable":true,"href":"https:\/\/www.kartenlesegeraet24.de\/index.php\/wp-json\/wp\/v2\/comments?post=383"}],"version-history":[{"count":26,"href":"https:\/\/www.kartenlesegeraet24.de\/index.php\/wp-json\/wp\/v2\/pages\/383\/revisions"}],"predecessor-version":[{"id":1260,"href":"https:\/\/www.kartenlesegeraet24.de\/index.php\/wp-json\/wp\/v2\/pages\/383\/revisions\/1260"}],"up":[{"embeddable":true,"href":"https:\/\/www.kartenlesegeraet24.de\/index.php\/wp-json\/wp\/v2\/pages\/4"}],"wp:attachment":[{"href":"https:\/\/www.kartenlesegeraet24.de\/index.php\/wp-json\/wp\/v2\/media?parent=383"}],"curies":[{"name":"wp","href":"https:\/\/api.w.org\/{rel}","templated":true}]}}