{"id":33,"date":"2015-06-20T21:26:48","date_gmt":"2015-06-20T19:26:48","guid":{"rendered":"http:\/\/www.kartenlesegeraet24.de\/?page_id=33"},"modified":"2017-02-17T19:51:55","modified_gmt":"2017-02-17T18:51:55","slug":"buecher-ueber-personalausweis-kartenlesegeraete","status":"publish","type":"page","link":"https:\/\/www.kartenlesegeraet24.de\/index.php\/weiter-informationen-zu-personalausweis-kartenlesegeraeten\/buecher-ueber-personalausweis-kartenlesegeraete\/","title":{"rendered":"B\u00fccher \u00fcber Personalausweis-Kartenleseger\u00e4te"},"content":{"rendered":"<h2>B\u00fccher \u00fcber den Personalausweis und entsprechende Kartenleseger\u00e4te<\/h2>\n<p>Folgend sind interessante B\u00fccher zum Thema <em>Personalausweis-Kartenleser<\/em> aufgef\u00fchrt.<\/p>\n<h3>Der elektronische Personalausweis: Auswirkungen auf das Identit\u00e4tsmanagement<\/h3>\n<p>Taschenbuch, 32 Seiten, von Franziska Rascher<\/p>\n<ul>\n<li>\n<a rel=\"nofollow\" href=\"https:\/\/www.amazon.de\/gp\/product\/3640809378\/ref=as_li_tl?ie=UTF8&#038;camp=1638&#038;creative=6742&#038;creativeASIN=3640809378&#038;linkCode=as2&#038;tag=httpwwwper0af-21\">Der elektronische Personalausweis: Auswirkungen auf das Identit\u00e4tsmanagement<\/a><img loading=\"lazy\" decoding=\"async\" src=\"http:\/\/ir-de.amazon-adsystem.com\/e\/ir?t=httpwwwper0af-21&#038;l=as2&#038;o=3&#038;a=3640809378\" width=\"1\" height=\"1\" border=\"0\" alt=\"\" style=\"border:none !important; margin:0px !important;\" \/>\n<\/li>\n<\/ul>\n<h3>Identit\u00e4tsdiebstahl und Identit\u00e4tsmissbrauch im Internet: Rechtliche und technische Aspekte<\/h3>\n<p>Gebundene Ausgabe, 405 Seiten, von Georg Borges , J\u00f6rg Schwenk, Carl-Friedrich Stuckenberg, Christoph Wegener<\/p>\n<ul>\n<li>\n<a rel=\"nofollow\" href=\"https:\/\/www.amazon.de\/gp\/product\/B005JXHUOC\/ref=as_li_tl?ie=UTF8&#038;camp=1638&#038;creative=6742&#038;creativeASIN=B005JXHUOC&#038;linkCode=as2&#038;tag=httpwwwper0af-21\">Identit\u00e4tsdiebstahl und Identit\u00e4tsmissbrauch im Internet: Rechtliche und technische Aspekte<\/a><img loading=\"lazy\" decoding=\"async\" src=\"http:\/\/ir-de.amazon-adsystem.com\/e\/ir?t=httpwwwper0af-21&#038;l=as2&#038;o=3&#038;a=B005JXHUOC\" width=\"1\" height=\"1\" border=\"0\" alt=\"\" style=\"border:none !important; margin:0px !important;\" \/>\n<\/li>\n<\/ul>\n<h3>Digitaler Personalausweis (DuD-Fachbeitr\u00e4ge)<\/h3>\n<p>Taschenbuch, 364 Seiten, von Herbert Reichl<\/p>\n<ul>\n<li>\n<a rel=\"nofollow\" href=\"https:\/\/www.amazon.de\/gp\/product\/3835000543\/ref=as_li_tl?ie=UTF8&#038;camp=1638&#038;creative=6742&#038;creativeASIN=3835000543&#038;linkCode=as2&#038;tag=httpwwwper0af-21\">Digitaler Personalausweis (DuD-Fachbeitr\u00e4ge)<\/a><img loading=\"lazy\" decoding=\"async\" src=\"http:\/\/ir-de.amazon-adsystem.com\/e\/ir?t=httpwwwper0af-21&#038;l=as2&#038;o=3&#038;a=3835000543\" width=\"1\" height=\"1\" border=\"0\" alt=\"\" style=\"border:none !important; margin:0px !important;\" \/>\n<\/li>\n<\/ul>\n<h3>Mehr Sicherheit im Internet durch elektronischen Identit\u00e4tsnachweis?: Der neue Personalausweis im europ\u00e4ischen Vergleich<\/h3>\n<p>Broschiert, 336 Seiten, von Herbert Kubicek, Torsten Noack<\/p>\n<ul>\n<li>\n<a rel=\"nofollow\" href=\"https:\/\/www.amazon.de\/gp\/product\/3643109164\/ref=as_li_tl?ie=UTF8&#038;camp=1638&#038;creative=6742&#038;creativeASIN=3643109164&#038;linkCode=as2&#038;tag=httpwwwper0af-21\">Mehr Sicherheit im Internet durch elektronischen Identit\u00e4tsnachweis?: Der neue Personalausweis im europ\u00e4ischen Vergleich<\/a><img loading=\"lazy\" decoding=\"async\" src=\"http:\/\/ir-de.amazon-adsystem.com\/e\/ir?t=httpwwwper0af-21&#038;l=as2&#038;o=3&#038;a=3643109164\" width=\"1\" height=\"1\" border=\"0\" alt=\"\" style=\"border:none !important; margin:0px !important;\" \/>\n<\/li>\n<\/ul>\n<h3>Elektronische Ausweisdokumente: Grundlagen und Praxisbeispiele<\/h3>\n<p>Gebundene Ausgabe, 266 Seiten, von Klaus Schmeh <\/p>\n<ul>\n<li>\n<a rel=\"nofollow\" href=\"https:\/\/www.amazon.de\/gp\/product\/3446419187\/ref=as_li_tl?ie=UTF8&#038;camp=1638&#038;creative=6742&#038;creativeASIN=3446419187&#038;linkCode=as2&#038;tag=httpwwwper0af-21\">Elektronische Ausweisdokumente: Grundlagen und Praxisbeispiele<\/a><img loading=\"lazy\" decoding=\"async\" src=\"http:\/\/ir-de.amazon-adsystem.com\/e\/ir?t=httpwwwper0af-21&#038;l=as2&#038;o=3&#038;a=3446419187\" width=\"1\" height=\"1\" border=\"0\" alt=\"\" style=\"border:none !important; margin:0px !important;\" \/>\n<\/li>\n<\/ul>\n<h3>Digitale Identit\u00e4ten im Kontext von E-Government-Anwendungen: Ausf\u00fchrungen zu einer sicheren Kommunikation zwischen B\u00fcrgern und Verwaltung<\/h3>\n<p>Taschenbuch, 90 Seiten, von Niclas Hoye<\/p>\n<ul>\n<li>\n<a rel=\"nofollow\" href=\"https:\/\/www.amazon.de\/gp\/product\/3836688662\/ref=as_li_tl?ie=UTF8&#038;camp=1638&#038;creative=6742&#038;creativeASIN=3836688662&#038;linkCode=as2&#038;tag=httpwwwper0af-21\">Digitale Identit\u00e4ten im Kontext von E-Government-Anwendungen: Ausf\u00fchrungen zu einer sicheren Kommunikation zwischen B\u00fcrgern und Verwaltung<\/a><img loading=\"lazy\" decoding=\"async\" src=\"http:\/\/ir-de.amazon-adsystem.com\/e\/ir?t=httpwwwper0af-21&#038;l=as2&#038;o=3&#038;a=3836688662\" width=\"1\" height=\"1\" border=\"0\" alt=\"\" style=\"border:none !important; margin:0px !important;\" \/>\n<\/li>\n<\/ul>\n","protected":false},"excerpt":{"rendered":"<p>B\u00fccher \u00fcber den Personalausweis und entsprechende Kartenleseger\u00e4te Folgend sind interessante B\u00fccher zum Thema Personalausweis-Kartenleser aufgef\u00fchrt. Der elektronische Personalausweis: Auswirkungen auf das Identit\u00e4tsmanagement Taschenbuch, 32 Seiten, von Franziska Rascher Der elektronische Personalausweis: Auswirkungen auf das Identit\u00e4tsmanagement Identit\u00e4tsdiebstahl und Identit\u00e4tsmissbrauch im Internet: Rechtliche und technische Aspekte Gebundene Ausgabe, 405 Seiten, von Georg Borges , J\u00f6rg Schwenk, Carl-Friedrich &hellip; <a href=\"https:\/\/www.kartenlesegeraet24.de\/index.php\/weiter-informationen-zu-personalausweis-kartenlesegeraeten\/buecher-ueber-personalausweis-kartenlesegeraete\/\" class=\"more-link\"><span class=\"screen-reader-text\">B\u00fccher \u00fcber Personalausweis-Kartenleseger\u00e4te<\/span> weiterlesen <span class=\"meta-nav\">&rarr;<\/span><\/a><\/p>\n","protected":false},"author":1,"featured_media":0,"parent":27,"menu_order":3,"comment_status":"closed","ping_status":"closed","template":"","meta":{"footnotes":""},"class_list":["post-33","page","type-page","status-publish","hentry"],"_links":{"self":[{"href":"https:\/\/www.kartenlesegeraet24.de\/index.php\/wp-json\/wp\/v2\/pages\/33","targetHints":{"allow":["GET"]}}],"collection":[{"href":"https:\/\/www.kartenlesegeraet24.de\/index.php\/wp-json\/wp\/v2\/pages"}],"about":[{"href":"https:\/\/www.kartenlesegeraet24.de\/index.php\/wp-json\/wp\/v2\/types\/page"}],"author":[{"embeddable":true,"href":"https:\/\/www.kartenlesegeraet24.de\/index.php\/wp-json\/wp\/v2\/users\/1"}],"replies":[{"embeddable":true,"href":"https:\/\/www.kartenlesegeraet24.de\/index.php\/wp-json\/wp\/v2\/comments?post=33"}],"version-history":[{"count":15,"href":"https:\/\/www.kartenlesegeraet24.de\/index.php\/wp-json\/wp\/v2\/pages\/33\/revisions"}],"predecessor-version":[{"id":1238,"href":"https:\/\/www.kartenlesegeraet24.de\/index.php\/wp-json\/wp\/v2\/pages\/33\/revisions\/1238"}],"up":[{"embeddable":true,"href":"https:\/\/www.kartenlesegeraet24.de\/index.php\/wp-json\/wp\/v2\/pages\/27"}],"wp:attachment":[{"href":"https:\/\/www.kartenlesegeraet24.de\/index.php\/wp-json\/wp\/v2\/media?parent=33"}],"curies":[{"name":"wp","href":"https:\/\/api.w.org\/{rel}","templated":true}]}}