{"id":31,"date":"2015-06-20T21:25:47","date_gmt":"2015-06-20T19:25:47","guid":{"rendered":"http:\/\/www.kartenlesegeraet24.de\/?page_id=31"},"modified":"2017-02-20T17:04:32","modified_gmt":"2017-02-20T16:04:32","slug":"webseiten-zum-thema-personalausweis-kartenlesegeraete","status":"publish","type":"page","link":"https:\/\/www.kartenlesegeraet24.de\/index.php\/weiter-informationen-zu-personalausweis-kartenlesegeraeten\/webseiten-zum-thema-personalausweis-kartenlesegeraete\/","title":{"rendered":"Webseiten zum Thema Personalausweis-Kartenleseger\u00e4te"},"content":{"rendered":"<h2>Webseiten zum Thema Personalausweis-Kartenlesern und zum Personalausweis im Allgemeinen<\/h2>\n<p>Auf den folgenden Webseiten sind interessante und weiterf\u00fchrende Informationen zum Thema <em>Kartenleseger\u00e4te f\u00fcr den Personalausweis<\/em> hinterlegt. Ebenso sind unter den folgenden Links weiterf\u00fchrende Informationen zu verschiedenen Themen zu finden, wie:<\/p>\n<ul>\n<li>zur Online-Ausweisfunktion<\/li>\n<li>zur Pseudonym-Funktion<\/li>\n<li>zur Altersverifikations-Funktion<\/li>\n<li>zur Wohnortverifikations-Funktion<\/li>\n<li>zur Unterschriftsfunktion<\/li>\n<li>zu Berechtigungszertifikaten f\u00fcr den Einsatz der eID-Funktion<\/li>\n<li>zur eID-Client-Software (n\u00f6tig zur Verwendung der elektronischen Funktionen des Personalausweises)<\/li>\n<\/ul>\n<h3>Links zum Thema Personalausweises-Leseger\u00e4te<\/h3>\n<ul>\n<li><a href=\"http:\/\/www.personalausweis-kartenleser.com\" target=\"_blank\">&raquo; http:\/\/www.personalausweis-kartenleser.com<\/a><\/li>\n<\/ul>\n<h3>Links zu den elektronischen Funktionen des Personalausweises<\/h3>\n<ul>\n<li><a href=\"http:\/\/www.die-eid-funktion.de\" target=\"_blank\">&raquo; http:\/\/www.die-eid-funktion.de<\/a><\/li>\n<li><a href=\"http:\/\/www.der-elektronische-identitaetsnachweis.de\" target=\"_blank\">&raquo; http:\/\/www.der-elektronische-identitaetsnachweis.de<\/a><\/li>\n<li><a href=\"http:\/\/www.die-online-ausweisfunktion.de\" target=\"_blank\"> http:\/\/www.die-online-ausweisfunktion.de<\/a><\/li>\n<li><a href=\"http:\/\/www.die-pseudonym-funktion.de\" target=\"_blank\">&raquo; http:\/\/www.die-pseudonym-funktion.de<\/a><\/li>\n<li><a href=\"http:\/\/www.die-unterschriftsfunktion.de\" target=\"_blank\">&raquo; http:\/\/www.die-unterschriftsfunktion.de<\/a><\/li>\n<\/ul>\n<h3>Informationen und Hinweise zur eID-Client-Software<\/h3>\n<ul>\n<li><a href=\"http:\/\/www.der-eid-client.de\" target=\"_blank\">&raquo; http:\/\/www.der-eid-client.de<\/a><\/li>\n<\/ul>\n<h3>Informationen zum Thema &#8222;Berechtigungszertifikat f\u00fcr den Einsatz der Online-Ausweisfunktion&#8220;<\/h3>\n<ul>\n<li><a href=\"http:\/\/www.berechtigungszertifikat.de\" target=\"_blank\">&raquo; http:\/\/www.berechtigungszertifikat.de<\/a><\/li>\n<li><a href=\"http:\/\/www.der-elektronische-identitaetsnachweis.de\" target=\"_blank\">&raquo; http:\/\/www.der-elektronische-identitaetsnachweis.de<\/a><\/li>\n<\/ul>\n<h3>Weiter Informationen zu \u00e4hnlichen Themen, wie &#8222;die abgeleitete Identit\u00e4t&#8220; und &#8222;Zwei-Faktor-Authentifizierung&#8220;<\/h3>\n<ul>\n<li><a href=\"http:\/\/www.die-abgeleitete-identitaet.de\" target=\"_blank\">&raquo; http:\/\/www.die-abgeleitete-identitaet.de<\/a><\/li>\n<li><a href=\"http:\/\/www.die-zwei-faktor-authentifizierung.de\" target=\"_blank\">&raquo; http:\/\/www.die-zwei-faktor-authentifizierung.de<\/a><\/li>\n<\/ul>\n","protected":false},"excerpt":{"rendered":"<p>Webseiten zum Thema Personalausweis-Kartenlesern und zum Personalausweis im Allgemeinen Auf den folgenden Webseiten sind interessante und weiterf\u00fchrende Informationen zum Thema Kartenleseger\u00e4te f\u00fcr den Personalausweis hinterlegt. Ebenso sind unter den folgenden Links weiterf\u00fchrende Informationen zu verschiedenen Themen zu finden, wie: zur Online-Ausweisfunktion zur Pseudonym-Funktion zur Altersverifikations-Funktion zur Wohnortverifikations-Funktion zur Unterschriftsfunktion zu Berechtigungszertifikaten f\u00fcr den Einsatz der &hellip; <a href=\"https:\/\/www.kartenlesegeraet24.de\/index.php\/weiter-informationen-zu-personalausweis-kartenlesegeraeten\/webseiten-zum-thema-personalausweis-kartenlesegeraete\/\" class=\"more-link\"><span class=\"screen-reader-text\">Webseiten zum Thema Personalausweis-Kartenleseger\u00e4te<\/span> weiterlesen <span class=\"meta-nav\">&rarr;<\/span><\/a><\/p>\n","protected":false},"author":1,"featured_media":0,"parent":27,"menu_order":2,"comment_status":"closed","ping_status":"closed","template":"","meta":{"footnotes":""},"class_list":["post-31","page","type-page","status-publish","hentry"],"_links":{"self":[{"href":"https:\/\/www.kartenlesegeraet24.de\/index.php\/wp-json\/wp\/v2\/pages\/31","targetHints":{"allow":["GET"]}}],"collection":[{"href":"https:\/\/www.kartenlesegeraet24.de\/index.php\/wp-json\/wp\/v2\/pages"}],"about":[{"href":"https:\/\/www.kartenlesegeraet24.de\/index.php\/wp-json\/wp\/v2\/types\/page"}],"author":[{"embeddable":true,"href":"https:\/\/www.kartenlesegeraet24.de\/index.php\/wp-json\/wp\/v2\/users\/1"}],"replies":[{"embeddable":true,"href":"https:\/\/www.kartenlesegeraet24.de\/index.php\/wp-json\/wp\/v2\/comments?post=31"}],"version-history":[{"count":15,"href":"https:\/\/www.kartenlesegeraet24.de\/index.php\/wp-json\/wp\/v2\/pages\/31\/revisions"}],"predecessor-version":[{"id":1278,"href":"https:\/\/www.kartenlesegeraet24.de\/index.php\/wp-json\/wp\/v2\/pages\/31\/revisions\/1278"}],"up":[{"embeddable":true,"href":"https:\/\/www.kartenlesegeraet24.de\/index.php\/wp-json\/wp\/v2\/pages\/27"}],"wp:attachment":[{"href":"https:\/\/www.kartenlesegeraet24.de\/index.php\/wp-json\/wp\/v2\/media?parent=31"}],"curies":[{"name":"wp","href":"https:\/\/api.w.org\/{rel}","templated":true}]}}