{"id":27,"date":"2015-06-20T21:24:33","date_gmt":"2015-06-20T19:24:33","guid":{"rendered":"http:\/\/www.kartenlesegeraet24.de\/?page_id=27"},"modified":"2017-06-09T12:15:32","modified_gmt":"2017-06-09T10:15:32","slug":"weiter-informationen-zu-personalausweis-kartenlesegeraeten","status":"publish","type":"page","link":"https:\/\/www.kartenlesegeraet24.de\/index.php\/weiter-informationen-zu-personalausweis-kartenlesegeraeten\/","title":{"rendered":"Weiter Informationen zu Personalausweis-Kartenleseger\u00e4ten"},"content":{"rendered":"<h2>Hilfreiche Informationen zum Thema Personalausweis-Kartenleser<\/h2>\n<p>Folgend sind interessante Informationen und Hinweise zum Thema Personalausweis-Kartenleser aufgef\u00fchrt, wie z. B.<\/p>\n<ul>\n<li><a href=\"http:\/\/www.kartenlesegeraet24.de\/index.php\/personalausweis-kartenlesegeraete\/informationen-zu-personalausweis-kartenlesegeraeten\/hersteller-von-personalausweis-kartenlesegeraeten\/\">Hersteller von Personalausweis-Kartenlesern<\/a><\/li>\n<li><a href=\"http:\/\/www.kartenlesegeraet24.de\/index.php\/personalausweis-kartenlesegeraete\/informationen-zu-personalausweis-kartenlesegeraeten\/webseiten-zum-thema-personalausweis-kartenlesegeraete\/\">Webseiten zu Personalausweis-Kartenlesern<\/a><\/li>\n<li><a href=\"http:\/\/www.kartenlesegeraet24.de\/index.php\/personalausweis-kartenlesegeraete\/informationen-zu-personalausweis-kartenlesegeraeten\/buecher-ueber-personalausweis-kartenlesegeraete\/\">B\u00fccher zum Thema Personalausweis-Kartenleseger\u00e4te<\/a><\/li>\n<li><a href=\"http:\/\/www.kartenlesegeraet24.de\/index.php\/personalausweis-kartenlesegeraete\/informationen-zu-personalausweis-kartenlesegeraeten\/texte-zu-personalausweis-kartenlesegeraeten\/\">Texte zu Personalausweis-Kartenlesern<\/a><\/li>\n<li><a href=\"http:\/\/www.kartenlesegeraet24.de\/index.php\/personalausweis-kartenlesegeraete\/weiter-informationen-zu-personalausweis-kartenlesegeraeten\/zertifizierung-von-personalausweis-kartenlesegeraeten\/\">Zertifizierung von Personalausweis-Kartenleseger\u00e4ten<\/a><\/li>\n<\/ul>\n<p><!-- li><a href=\"http:\/\/www.kartenlesegeraet24.de\/index.php\/personalausweis-kartenlesegeraete\/weiter-informationen-zu-personalausweis-kartenlesegeraeten\/technische-richtlinien-und-sicherheitsmechanismen-von-personalausweis-kartenlesegeraeten\/\">Technische Richtlinien\/ Sicherheitsmechanismen von Personalausweis-Kartenleseger\u00e4ten<\/a><\/li>\n\n\n\n\n<li><a href=\"http:\/\/www.kartenlesegeraet24.de\/index.php\/personalausweis-kartenlesegeraete\/informationen-zu-personalausweis-kartenlesegeraeten\/gesetze-bezueglich-personalausweis-kartenlesegeraet\/\">Gesetze zum Thema Personalausweis-Kartenleser<\/a><\/li -->\n","protected":false},"excerpt":{"rendered":"<p>Hilfreiche Informationen zum Thema Personalausweis-Kartenleser Folgend sind interessante Informationen und Hinweise zum Thema Personalausweis-Kartenleser aufgef\u00fchrt, wie z. B. Hersteller von Personalausweis-Kartenlesern Webseiten zu Personalausweis-Kartenlesern B\u00fccher zum Thema Personalausweis-Kartenleseger\u00e4te Texte zu Personalausweis-Kartenlesern Zertifizierung von Personalausweis-Kartenleseger\u00e4ten<\/p>\n","protected":false},"author":1,"featured_media":0,"parent":0,"menu_order":50,"comment_status":"closed","ping_status":"closed","template":"","meta":{"footnotes":""},"class_list":["post-27","page","type-page","status-publish","hentry"],"_links":{"self":[{"href":"https:\/\/www.kartenlesegeraet24.de\/index.php\/wp-json\/wp\/v2\/pages\/27","targetHints":{"allow":["GET"]}}],"collection":[{"href":"https:\/\/www.kartenlesegeraet24.de\/index.php\/wp-json\/wp\/v2\/pages"}],"about":[{"href":"https:\/\/www.kartenlesegeraet24.de\/index.php\/wp-json\/wp\/v2\/types\/page"}],"author":[{"embeddable":true,"href":"https:\/\/www.kartenlesegeraet24.de\/index.php\/wp-json\/wp\/v2\/users\/1"}],"replies":[{"embeddable":true,"href":"https:\/\/www.kartenlesegeraet24.de\/index.php\/wp-json\/wp\/v2\/comments?post=27"}],"version-history":[{"count":17,"href":"https:\/\/www.kartenlesegeraet24.de\/index.php\/wp-json\/wp\/v2\/pages\/27\/revisions"}],"predecessor-version":[{"id":1267,"href":"https:\/\/www.kartenlesegeraet24.de\/index.php\/wp-json\/wp\/v2\/pages\/27\/revisions\/1267"}],"wp:attachment":[{"href":"https:\/\/www.kartenlesegeraet24.de\/index.php\/wp-json\/wp\/v2\/media?parent=27"}],"curies":[{"name":"wp","href":"https:\/\/api.w.org\/{rel}","templated":true}]}}