{"id":16,"date":"2015-06-20T21:18:13","date_gmt":"2015-06-20T19:18:13","guid":{"rendered":"http:\/\/www.kartenlesegeraet24.de\/?page_id=16"},"modified":"2017-02-20T17:07:01","modified_gmt":"2017-02-20T16:07:01","slug":"zertifizierung-von-personalausweis-kartenlesegeraeten","status":"publish","type":"page","link":"https:\/\/www.kartenlesegeraet24.de\/index.php\/weiter-informationen-zu-personalausweis-kartenlesegeraeten\/zertifizierung-von-personalausweis-kartenlesegeraeten\/","title":{"rendered":"Zertifizierung von Personalausweis-Kartenleseger\u00e4ten"},"content":{"rendered":"<h2>Hinweise zur Zertifizierung von Kartenleseger\u00e4ten f\u00fcr den Personalausweis<\/h2>\n<p>Im Zusammenhang mit der Benutzung des Personalausweises empfiehlt das <strong>Bundesamt f\u00fcr Sicherheit in der Informationstechnik (BSI)<\/strong> generell die Nutzung von entsprechend zertifizierten Kartenleseger\u00e4ten.<\/p>\n<h3>Zertifizierung von Kartenlesern durch den Hersteller<\/h3>\n<p>Eine Zertifizierung eines Kartenleseger\u00e4tes wird von dem jeweiligen Hersteller nach den entsprechenden technischen Richtlinien veranlasst und beauftragt. Ebenso wie Kartenleseger\u00e4te (Hardware) kann die n\u00f6tige eID-Client-Software zur Nutzung des Personalausweises nach den entsprechenden technischen Richtlinien zertifiziert werden. <\/p>\n<h3>Ablauf der Zertifizierung von Kartenlesern durch das Bundesamt f\u00fcr Sicherheit in der Informationstechnik (BSI)<\/h3>\n<p>Im Rahmen einer Zertifizierung wird im ersten Schritt die korrekte Funktionsweise des Kartenleseger\u00e4tes mit den entsprechenden anderen Komponenten (wie z. B. AusweisApp) gepr\u00fcft. Ebenso wird die korrekte Umsetzung der entsprechenden Sicherheitsfunktionen genau beleuchtet. Weiterhin wird bei einer Zertifizierung von Kartenlesern besonders das PIN-Pad bzw. Display untersucht, wenn vorhanden.<\/p>\n","protected":false},"excerpt":{"rendered":"<p>Hinweise zur Zertifizierung von Kartenleseger\u00e4ten f\u00fcr den Personalausweis Im Zusammenhang mit der Benutzung des Personalausweises empfiehlt das Bundesamt f\u00fcr Sicherheit in der Informationstechnik (BSI) generell die Nutzung von entsprechend zertifizierten Kartenleseger\u00e4ten. Zertifizierung von Kartenlesern durch den Hersteller Eine Zertifizierung eines Kartenleseger\u00e4tes wird von dem jeweiligen Hersteller nach den entsprechenden technischen Richtlinien veranlasst und beauftragt. Ebenso &hellip; <a href=\"https:\/\/www.kartenlesegeraet24.de\/index.php\/weiter-informationen-zu-personalausweis-kartenlesegeraeten\/zertifizierung-von-personalausweis-kartenlesegeraeten\/\" class=\"more-link\"><span class=\"screen-reader-text\">Zertifizierung von Personalausweis-Kartenleseger\u00e4ten<\/span> weiterlesen <span class=\"meta-nav\">&rarr;<\/span><\/a><\/p>\n","protected":false},"author":1,"featured_media":0,"parent":27,"menu_order":10,"comment_status":"closed","ping_status":"closed","template":"","meta":{"footnotes":""},"class_list":["post-16","page","type-page","status-publish","hentry"],"_links":{"self":[{"href":"https:\/\/www.kartenlesegeraet24.de\/index.php\/wp-json\/wp\/v2\/pages\/16","targetHints":{"allow":["GET"]}}],"collection":[{"href":"https:\/\/www.kartenlesegeraet24.de\/index.php\/wp-json\/wp\/v2\/pages"}],"about":[{"href":"https:\/\/www.kartenlesegeraet24.de\/index.php\/wp-json\/wp\/v2\/types\/page"}],"author":[{"embeddable":true,"href":"https:\/\/www.kartenlesegeraet24.de\/index.php\/wp-json\/wp\/v2\/users\/1"}],"replies":[{"embeddable":true,"href":"https:\/\/www.kartenlesegeraet24.de\/index.php\/wp-json\/wp\/v2\/comments?post=16"}],"version-history":[{"count":8,"href":"https:\/\/www.kartenlesegeraet24.de\/index.php\/wp-json\/wp\/v2\/pages\/16\/revisions"}],"predecessor-version":[{"id":1279,"href":"https:\/\/www.kartenlesegeraet24.de\/index.php\/wp-json\/wp\/v2\/pages\/16\/revisions\/1279"}],"up":[{"embeddable":true,"href":"https:\/\/www.kartenlesegeraet24.de\/index.php\/wp-json\/wp\/v2\/pages\/27"}],"wp:attachment":[{"href":"https:\/\/www.kartenlesegeraet24.de\/index.php\/wp-json\/wp\/v2\/media?parent=16"}],"curies":[{"name":"wp","href":"https:\/\/api.w.org\/{rel}","templated":true}]}}