{"id":1488,"date":"2017-02-27T11:42:19","date_gmt":"2017-02-27T10:42:19","guid":{"rendered":"http:\/\/www.kartenlesegeraet24.de\/?page_id=1488"},"modified":"2017-02-27T11:42:19","modified_gmt":"2017-02-27T10:42:19","slug":"vergleich-der-verschiedenen-personalausweis-kartenlesertypen","status":"publish","type":"page","link":"https:\/\/www.kartenlesegeraet24.de\/index.php\/personalausweis-kartenlesegeraete\/vergleich-der-verschiedenen-personalausweis-kartenlesertypen\/","title":{"rendered":"Vergleich der verschiedenen Personalausweis-Kartenlesertypen"},"content":{"rendered":"<h2>Vergleich verschiedener Kartenlesertypen f\u00fcr die Nutzbarkeit der elektronischen Funktionen des Personalauweises<\/h2>\n<p>In der folgenden Tabelle sind die verschiedenen Kartenlesertypen in Bezug auf die Nutzbarkeit der<\/p>\n<ul>\n<li>Online-Ausweisfunktion (eID-Funktion) bzw.<\/li>\n<li>der Unterschriftsfunktion<\/li>\n<\/ul>\n<p>gegen\u00fcbergestellt.<\/p>\n<table style=\"width: 98%; font-size:10pt; line-height: 1.5;\">\n<caption>\n<h4>\u00dcbersicht der verschiedenen Kartenlesertypen zur Nutzung des Personalausweises und seiner elektronischen Funktionen<\/h4>\n<thead>\n<tr>\n<th style=\"text-align: center; style=\"width: 37%;\">Personalausweis-Kartenleseger\u00e4ttyp<\/th>\n<th style=\"text-align: center; style=\"width: 14%;\">Basis-Kartenleser<\/th>\n<th style=\"text-align: center; style=\"width: 18%;\">Standard-Kartenleser<\/th>\n<th style=\"text-align: center; style=\"width: 17%;\">Komfort-Leseger\u00e4t<\/th>\n<\/tr>\n<\/thead>\n<tbody>\n<tr>\n<td style=\"width: 37%;\">unterst\u00fctzt die Online-Ausweisfunktion (eID-Funktion)<\/td>\n<td style=\"text-align: center; width: 14%;\"><img loading=\"lazy\" decoding=\"async\" src=\"http:\/\/www.kartenlesegeraet24.de\/wp-content\/uploads\/2015\/06\/kartenlesegeraet-icon-wu.jpg\" alt=\"Kartenlesegeraet-Icon, wird unterst\u00fctzt\" width=\"37\" height=\"37\" class=\"size-full wp-image-387\" \/><\/td>\n<td style=\"text-align: center; width: 18%;\"><img loading=\"lazy\" decoding=\"async\" src=\"http:\/\/www.kartenlesegeraet24.de\/wp-content\/uploads\/2015\/06\/kartenlesegeraet-icon-wu.jpg\" alt=\"Kartenlesegeraet-Icon, wird unterst\u00fctzt\" width=\"37\" height=\"37\" class=\"size-full wp-image-387\" \/><\/td>\n<td style=\"text-align: center; width: 17%;\"><img loading=\"lazy\" decoding=\"async\" src=\"http:\/\/www.kartenlesegeraet24.de\/wp-content\/uploads\/2015\/06\/kartenlesegeraet-icon-wu.jpg\" alt=\"Kartenlesegeraet-Icon, wird unterst\u00fctzt\" width=\"37\" height=\"37\" class=\"size-full wp-image-387\" \/><\/td>\n<\/tr>\n<tr>\n<td style=\"width: 37%;\">verf\u00fcgt \u00fcber eine eigene Eingabetastatur\/ Eingabeeinheit (PIN-Pad)<\/td>\n<td style=\"text-align: center; width: 14%;\"><img loading=\"lazy\" decoding=\"async\" src=\"http:\/\/www.kartenlesegeraet24.de\/wp-content\/uploads\/2015\/06\/kartenlesegeraet-icon-nu.jpg\" alt=\"Kartenlesegeraet-Icon, wird nicht unterst\u00fctzt)\" width=\"37\" height=\"37\" class=\"size-full wp-image-386\" \/><\/td>\n<td style=\"text-align: center; width: 18%;\"><img loading=\"lazy\" decoding=\"async\" src=\"http:\/\/www.kartenlesegeraet24.de\/wp-content\/uploads\/2015\/06\/kartenlesegeraet-icon-wu.jpg\" alt=\"Kartenlesegeraet-Icon, wird unterst\u00fctzt\" width=\"37\" height=\"37\" class=\"size-full wp-image-387\" \/><\/td>\n<td style=\"text-align: center; width: 17%;\"><img loading=\"lazy\" decoding=\"async\" src=\"http:\/\/www.kartenlesegeraet24.de\/wp-content\/uploads\/2015\/06\/kartenlesegeraet-icon-wu.jpg\" alt=\"Kartenlesegeraet-Icon, wird unterst\u00fctzt\" width=\"37\" height=\"37\" class=\"size-full wp-image-387\" \/><\/td>\n<tr>\n<td style=\"width: 37%;\">Verf\u00fcgt \u00fcber ein eigenes Display\/ Anzeigeeinheit sowie eine PIN-Verschl\u00fcsselung<\/td>\n<td style=\"text-align: center; width: 14%;\"><img loading=\"lazy\" decoding=\"async\" src=\"http:\/\/www.kartenlesegeraet24.de\/wp-content\/uploads\/2015\/06\/kartenlesegeraet-icon-nu.jpg\" alt=\"Kartenlesegeraet-Icon, wird nicht unterst\u00fctzt)\" width=\"37\" height=\"37\" class=\"size-full wp-image-386\" \/><\/td>\n<td style=\"text-align: center; width: 18%;\"><img loading=\"lazy\" decoding=\"async\" src=\"http:\/\/www.kartenlesegeraet24.de\/wp-content\/uploads\/2015\/06\/kartenlesegeraet-icon-wu.jpg\" alt=\"Kartenlesegeraet-Icon, wird unterst\u00fctzt\" width=\"37\" height=\"37\" class=\"size-full wp-image-387\" \/><\/td>\n<td style=\"text-align: center; width: 17%;\"><img loading=\"lazy\" decoding=\"async\" src=\"http:\/\/www.kartenlesegeraet24.de\/wp-content\/uploads\/2015\/06\/kartenlesegeraet-icon-wu.jpg\" alt=\"Kartenlesegeraet-Icon, wird unterst\u00fctzt\" width=\"37\" height=\"37\" class=\"size-full wp-image-387\" \/><\/td>\n<\/tr>\n<tr>\n<td style=\"width: 37%;\">unterst\u00fctzt die eSigns-Funktion (Unterschriftsfunktion)<\/td>\n<td style=\"text-align: center; width: 14%;\"><img loading=\"lazy\" decoding=\"async\" src=\"http:\/\/www.kartenlesegeraet24.de\/wp-content\/uploads\/2015\/06\/kartenlesegeraet-icon-nu.jpg\" alt=\"Kartenlesegeraet-Icon, wird nicht unterst\u00fctzt)\" width=\"37\" height=\"37\" class=\"size-full wp-image-386\" \/><\/td>\n<td style=\"text-align: center; width: 18%;\"><img loading=\"lazy\" decoding=\"async\" src=\"http:\/\/www.kartenlesegeraet24.de\/wp-content\/uploads\/2015\/06\/kartenlesegeraet-icon-nu.jpg\" alt=\"Kartenlesegeraet-Icon, wird nicht unterst\u00fctzt)\" width=\"37\" height=\"37\" class=\"size-full wp-image-386\" \/><\/td>\n<td style=\"text-align: center; width: 17%;\"><img loading=\"lazy\" decoding=\"async\" src=\"http:\/\/www.kartenlesegeraet24.de\/wp-content\/uploads\/2015\/06\/kartenlesegeraet-icon-wu.jpg\" alt=\"Kartenlesegeraet-Icon, wird unterst\u00fctzt\" width=\"37\" height=\"37\" class=\"size-full wp-image-387\" \/><\/td>\n<\/tr>\n<tr>\n<td style=\"width: 37%;\">verf\u00fcgt \u00fcber eine kontaktlose Schnittstelle per RFID (nach ISO\/IEC 14443) f\u00fcr den Personalausweis<\/td>\n<td style=\"text-align: center; width: 14%;\"><img loading=\"lazy\" decoding=\"async\" src=\"http:\/\/www.kartenlesegeraet24.de\/wp-content\/uploads\/2015\/06\/kartenlesegeraet-icon-wu.jpg\" alt=\"Kartenlesegeraet-Icon, wird unterst\u00fctzt\" width=\"37\" height=\"37\" class=\"size-full wp-image-387\" \/><\/td>\n<td style=\"text-align: center; width: 18%;\"><img loading=\"lazy\" decoding=\"async\" src=\"http:\/\/www.kartenlesegeraet24.de\/wp-content\/uploads\/2015\/06\/kartenlesegeraet-icon-wu.jpg\" alt=\"Kartenlesegeraet-Icon, wird unterst\u00fctzt\" width=\"37\" height=\"37\" class=\"size-full wp-image-387\" \/><\/td>\n<td style=\"text-align: center; width: 17%;\"><img loading=\"lazy\" decoding=\"async\" src=\"http:\/\/www.kartenlesegeraet24.de\/wp-content\/uploads\/2015\/06\/kartenlesegeraet-icon-wu.jpg\" alt=\"Kartenlesegeraet-Icon, wird unterst\u00fctzt\" width=\"37\" height=\"37\" class=\"size-full wp-image-387\" \/><\/td>\n<\/tr>\n<tr>\n<td style=\"width: 37%;\">verf\u00fcgt \u00fcber eine Kontaktbehaftete Schnittstelle (nach ISO\/IEC 7816) f\u00fcr andere Chipkarten-Anwendungen<\/td>\n<td style=\"text-align: center; width: 14%;\"><img loading=\"lazy\" decoding=\"async\" src=\"http:\/\/www.kartenlesegeraet24.de\/wp-content\/uploads\/2015\/06\/kartenlesegeraet-icon-nu.jpg\" alt=\"Kartenlesegeraet-Icon, wird nicht unterst\u00fctzt)\" width=\"37\" height=\"37\" class=\"size-full wp-image-386\" \/><\/td>\n<td style=\"text-align: center; width: 18%;\"><img loading=\"lazy\" decoding=\"async\" src=\"http:\/\/www.kartenlesegeraet24.de\/wp-content\/uploads\/2015\/06\/kartenlesegeraet-icon-wu.jpg\" alt=\"Kartenlesegeraet-Icon, wird unterst\u00fctzt\" width=\"37\" height=\"37\" class=\"size-full wp-image-387\" \/><\/td>\n<td style=\"text-align: center; width: 17%;\"><img loading=\"lazy\" decoding=\"async\" src=\"http:\/\/www.kartenlesegeraet24.de\/wp-content\/uploads\/2015\/06\/kartenlesegeraet-icon-wu.jpg\" alt=\"Kartenlesegeraet-Icon, wird unterst\u00fctzt\" width=\"37\" height=\"37\" class=\"size-full wp-image-387\" \/><\/td>\n<\/tr>\n<tr>\n<td style=\"width: 37%;\">Einsatz nach SigG bzw. SigV f\u00fcr qualifizierte elektronische Signaturen mit dem Personalausweis (Nutzung der nPA-QES)<\/td>\n<td style=\"text-align: center; width: 14%;\"><img loading=\"lazy\" decoding=\"async\" src=\"http:\/\/www.kartenlesegeraet24.de\/wp-content\/uploads\/2015\/06\/kartenlesegeraet-icon-nu.jpg\" alt=\"Kartenlesegeraet-Icon, wird nicht unterst\u00fctzt)\" width=\"37\" height=\"37\" class=\"size-full wp-image-386\" \/><\/td>\n<td style=\"text-align: center; width: 18%;\"><img loading=\"lazy\" decoding=\"async\" src=\"http:\/\/www.kartenlesegeraet24.de\/wp-content\/uploads\/2015\/06\/kartenlesegeraet-icon-nu.jpg\" alt=\"Kartenlesegeraet-Icon, wird nicht unterst\u00fctzt)\" width=\"37\" height=\"37\" class=\"size-full wp-image-386\" \/><\/td>\n<td style=\"text-align: center; width: 17%;\"><img loading=\"lazy\" decoding=\"async\" src=\"http:\/\/www.kartenlesegeraet24.de\/wp-content\/uploads\/2015\/06\/kartenlesegeraet-icon-wu.jpg\" alt=\"Kartenlesegeraet-Icon, wird unterst\u00fctzt\" width=\"37\" height=\"37\" class=\"size-full wp-image-387\" \/><\/td>\n<\/tr>\n<tr>\n<td style=\"width: 37%;\">Einsatz nach SigG bzw. SigV f\u00fcr qualifizierte elektronische Signaturen mit kontaktbehafteten Signaturchipkarten<\/td>\n<td style=\"text-align: center; width: 14%;\"><img loading=\"lazy\" decoding=\"async\" src=\"http:\/\/www.kartenlesegeraet24.de\/wp-content\/uploads\/2015\/06\/kartenlesegeraet-icon-nu.jpg\" alt=\"Kartenlesegeraet-Icon, wird nicht unterst\u00fctzt)\" width=\"37\" height=\"37\" class=\"size-full wp-image-386\" \/><\/td>\n<td style=\"text-align: center; width: 18%;\"><img loading=\"lazy\" decoding=\"async\" src=\"http:\/\/www.kartenlesegeraet24.de\/wp-content\/uploads\/2015\/06\/kartenlesegeraet-icon-wu.jpg\" alt=\"Kartenlesegeraet-Icon, wird unterst\u00fctzt\" width=\"37\" height=\"37\" class=\"size-full wp-image-387\" \/><\/td>\n<td style=\"text-align: center; width: 17%;\"><img loading=\"lazy\" decoding=\"async\" src=\"http:\/\/www.kartenlesegeraet24.de\/wp-content\/uploads\/2015\/06\/kartenlesegeraet-icon-wu.jpg\" alt=\"Kartenlesegeraet-Icon, wird unterst\u00fctzt\" width=\"37\" height=\"37\" class=\"size-full wp-image-387\" \/><\/td>\n<\/tr>\n<tr>\n<td style=\"width: 37%;\">Besitzt eine eigene Hintergrundbeleuchtung der Anzeigeeinheit (Display)<\/td>\n<td style=\"text-align: center; width: 14%;\"><img loading=\"lazy\" decoding=\"async\" src=\"http:\/\/www.kartenlesegeraet24.de\/wp-content\/uploads\/2015\/06\/kartenlesegeraet-icon-nu.jpg\" alt=\"Kartenlesegeraet-Icon, wird nicht unterst\u00fctzt)\" width=\"37\" height=\"37\" class=\"size-full wp-image-386\" \/><\/td>\n<td style=\"text-align: center; width: 18%;\"><img loading=\"lazy\" decoding=\"async\" src=\"http:\/\/www.kartenlesegeraet24.de\/wp-content\/uploads\/2015\/06\/kartenlesegeraet-icon-wu.jpg\" alt=\"Kartenlesegeraet-Icon, wird unterst\u00fctzt\" width=\"37\" height=\"37\" class=\"size-full wp-image-387\" \/><\/td>\n<td style=\"text-align: center; width: 17%;\"><img loading=\"lazy\" decoding=\"async\" src=\"http:\/\/www.kartenlesegeraet24.de\/wp-content\/uploads\/2015\/06\/kartenlesegeraet-icon-wu.jpg\" alt=\"Kartenlesegeraet-Icon, wird unterst\u00fctzt\" width=\"37\" height=\"37\" class=\"size-full wp-image-387\" \/><\/td>\n<\/tr>\n<\/tbody>\n<\/table>\n<p><img loading=\"lazy\" decoding=\"async\" src=\"http:\/\/www.kartenlesegeraet24.de\/wp-content\/uploads\/2015\/06\/kartenlesegeraet-icon-nu.jpg\" alt=\"Kartenlesegeraet-Icon, wird nicht unterst\u00fctzt)\" width=\"35\" height=\"35\" class=\"size-full wp-image-386\" \/> nein, wird nicht unterst\u00fctzt<\/p>\n<p><img loading=\"lazy\" decoding=\"async\" src=\"http:\/\/www.kartenlesegeraet24.de\/wp-content\/uploads\/2015\/06\/kartenlesegeraet-icon-wu.jpg\" alt=\"Kartenlesegeraet-Icon, wird unterst\u00fctzt\" width=\"35\" height=\"35\" class=\"size-full wp-image-387\" \/> ja, wird unterst\u00fctzt<\/p>\n","protected":false},"excerpt":{"rendered":"<p>Vergleich verschiedener Kartenlesertypen f\u00fcr die Nutzbarkeit der elektronischen Funktionen des Personalauweises In der folgenden Tabelle sind die verschiedenen Kartenlesertypen in Bezug auf die Nutzbarkeit der Online-Ausweisfunktion (eID-Funktion) bzw. der Unterschriftsfunktion gegen\u00fcbergestellt. \u00dcbersicht der verschiedenen Kartenlesertypen zur Nutzung des Personalausweises und seiner elektronischen Funktionen Basis-Kartenleser Komfort-Leseger\u00e4t unterst\u00fctzt die Online-Ausweisfunktion (eID-Funktion) verf\u00fcgt \u00fcber eine eigene Eingabetastatur\/ Eingabeeinheit &hellip; <a href=\"https:\/\/www.kartenlesegeraet24.de\/index.php\/personalausweis-kartenlesegeraete\/vergleich-der-verschiedenen-personalausweis-kartenlesertypen\/\" class=\"more-link\"><span class=\"screen-reader-text\">Vergleich der verschiedenen Personalausweis-Kartenlesertypen<\/span> weiterlesen <span class=\"meta-nav\">&rarr;<\/span><\/a><\/p>\n","protected":false},"author":1,"featured_media":0,"parent":4,"menu_order":2,"comment_status":"closed","ping_status":"closed","template":"","meta":{"footnotes":""},"class_list":["post-1488","page","type-page","status-publish","hentry"],"_links":{"self":[{"href":"https:\/\/www.kartenlesegeraet24.de\/index.php\/wp-json\/wp\/v2\/pages\/1488","targetHints":{"allow":["GET"]}}],"collection":[{"href":"https:\/\/www.kartenlesegeraet24.de\/index.php\/wp-json\/wp\/v2\/pages"}],"about":[{"href":"https:\/\/www.kartenlesegeraet24.de\/index.php\/wp-json\/wp\/v2\/types\/page"}],"author":[{"embeddable":true,"href":"https:\/\/www.kartenlesegeraet24.de\/index.php\/wp-json\/wp\/v2\/users\/1"}],"replies":[{"embeddable":true,"href":"https:\/\/www.kartenlesegeraet24.de\/index.php\/wp-json\/wp\/v2\/comments?post=1488"}],"version-history":[{"count":1,"href":"https:\/\/www.kartenlesegeraet24.de\/index.php\/wp-json\/wp\/v2\/pages\/1488\/revisions"}],"predecessor-version":[{"id":1489,"href":"https:\/\/www.kartenlesegeraet24.de\/index.php\/wp-json\/wp\/v2\/pages\/1488\/revisions\/1489"}],"up":[{"embeddable":true,"href":"https:\/\/www.kartenlesegeraet24.de\/index.php\/wp-json\/wp\/v2\/pages\/4"}],"wp:attachment":[{"href":"https:\/\/www.kartenlesegeraet24.de\/index.php\/wp-json\/wp\/v2\/media?parent=1488"}],"curies":[{"name":"wp","href":"https:\/\/api.w.org\/{rel}","templated":true}]}}