{"id":1449,"date":"2017-02-26T15:52:18","date_gmt":"2017-02-26T14:52:18","guid":{"rendered":"http:\/\/www.kartenlesegeraet24.de\/?page_id=1449"},"modified":"2017-02-26T15:52:18","modified_gmt":"2017-02-26T14:52:18","slug":"sicherer-schutz-der-ausweis-pin","status":"publish","type":"page","link":"https:\/\/www.kartenlesegeraet24.de\/index.php\/sicherheit-von-personalausweis-kartenlesegeraeten\/tipps-fuer-den-sicheren-umgang-mit-personalausweis-kartenlesegeraeten\/sicherer-schutz-der-ausweis-pin\/","title":{"rendered":"Sicherer Schutz der Ausweis-PIN"},"content":{"rendered":"<h2>Sicherer Schutz der Ausweis-PIN<\/h2>\n<p>Die Ausweis-PIN ist ausschlie\u00dflich f\u00fcr den Personalausweisinhaber gedacht. Sie darf unter keinen Umst\u00e4nden an dritte Personen weitergegeben werden. Diese Sicherheitsma\u00dfnahme gilt auch f\u00fcr vertraute Personen, wie z. B. Verwandte oder Bekannte. <\/p>\n<h3>Aussp\u00e4hen der PIN verhindern<\/h3>\n<p>Neben der bewussten Weitergabe der Ausweis-PIN kann diese auch durch einen Dritten ausgesp\u00e4ht werden. Auch hierf\u00fcr hat der Ausweisinhaber hinreichende Sicherheitsvorkehrungen zu treffen. So ist von dem Hinterlegen der Ausweis-PIN dringend abzuraten. <\/p>\n<h3>Ausweis-PIN sicher hinterlegen<\/h3>\n<p>Vor allem d\u00fcrfen der Personalausweis und die Ausweis-PIN niemals zusammen hinterlegt werden, in dem z. B. die Ausweis-PIN direkt auf den Personalausweis aufgetragen wurde oder auf eine entsprechende H\u00fclle. Ebenso sollte keine Zahlenkombination als Ausweis-PIN genutzt werden, die sich auf den Personalausweis befindet, wie z. B. das Geburtsdatum. Ferner ist von einfachen Zahlenreihen (z. B. 123456) oder Mustern auf dem PIN-Pad abzuraten.<\/p>\n<h3>Hinweise bzw. Ma\u00dfnahmen zur Sorgfaltspflicht bzgl. dem Schutz der Ausweis-PIN<\/h3>\n<p>Sollte der Verdacht bestehen, dass die Ausweis-PIN ausgesp\u00e4ht wurde oder eine andere Person diese kennt, ist die Ausweis-PIN schnellstm\u00f6glich durch den Personalausweisinhaber zu \u00e4ndern bzw. kann dies auch bei der Personalausweisbeh\u00f6rde des jeweiligen B\u00fcrgeramtes durchgef\u00fchrt werden. Ebenso ist das Sperren der eID-Funktion (Online-Ausweisfunktion) denkbar. Eine weitere Ma\u00dfnahme zur Erh\u00f6hung des Schutzes ist das \u00c4ndern der Ausweis-PIN in regelm\u00e4\u00dfigen Abst\u00e4nden.<\/p>\n","protected":false},"excerpt":{"rendered":"<p>Sicherer Schutz der Ausweis-PIN Die Ausweis-PIN ist ausschlie\u00dflich f\u00fcr den Personalausweisinhaber gedacht. Sie darf unter keinen Umst\u00e4nden an dritte Personen weitergegeben werden. Diese Sicherheitsma\u00dfnahme gilt auch f\u00fcr vertraute Personen, wie z. B. Verwandte oder Bekannte. Aussp\u00e4hen der PIN verhindern Neben der bewussten Weitergabe der Ausweis-PIN kann diese auch durch einen Dritten ausgesp\u00e4ht werden. Auch hierf\u00fcr &hellip; <a href=\"https:\/\/www.kartenlesegeraet24.de\/index.php\/sicherheit-von-personalausweis-kartenlesegeraeten\/tipps-fuer-den-sicheren-umgang-mit-personalausweis-kartenlesegeraeten\/sicherer-schutz-der-ausweis-pin\/\" class=\"more-link\"><span class=\"screen-reader-text\">Sicherer Schutz der Ausweis-PIN<\/span> weiterlesen <span class=\"meta-nav\">&rarr;<\/span><\/a><\/p>\n","protected":false},"author":1,"featured_media":0,"parent":52,"menu_order":30,"comment_status":"closed","ping_status":"closed","template":"","meta":{"footnotes":""},"class_list":["post-1449","page","type-page","status-publish","hentry"],"_links":{"self":[{"href":"https:\/\/www.kartenlesegeraet24.de\/index.php\/wp-json\/wp\/v2\/pages\/1449","targetHints":{"allow":["GET"]}}],"collection":[{"href":"https:\/\/www.kartenlesegeraet24.de\/index.php\/wp-json\/wp\/v2\/pages"}],"about":[{"href":"https:\/\/www.kartenlesegeraet24.de\/index.php\/wp-json\/wp\/v2\/types\/page"}],"author":[{"embeddable":true,"href":"https:\/\/www.kartenlesegeraet24.de\/index.php\/wp-json\/wp\/v2\/users\/1"}],"replies":[{"embeddable":true,"href":"https:\/\/www.kartenlesegeraet24.de\/index.php\/wp-json\/wp\/v2\/comments?post=1449"}],"version-history":[{"count":1,"href":"https:\/\/www.kartenlesegeraet24.de\/index.php\/wp-json\/wp\/v2\/pages\/1449\/revisions"}],"predecessor-version":[{"id":1450,"href":"https:\/\/www.kartenlesegeraet24.de\/index.php\/wp-json\/wp\/v2\/pages\/1449\/revisions\/1450"}],"up":[{"embeddable":true,"href":"https:\/\/www.kartenlesegeraet24.de\/index.php\/wp-json\/wp\/v2\/pages\/52"}],"wp:attachment":[{"href":"https:\/\/www.kartenlesegeraet24.de\/index.php\/wp-json\/wp\/v2\/media?parent=1449"}],"curies":[{"name":"wp","href":"https:\/\/api.w.org\/{rel}","templated":true}]}}