{"id":1442,"date":"2017-02-26T15:01:40","date_gmt":"2017-02-26T14:01:40","guid":{"rendered":"http:\/\/www.kartenlesegeraet24.de\/?page_id=1442"},"modified":"2017-02-26T15:43:32","modified_gmt":"2017-02-26T14:43:32","slug":"usschliesslicher-einsatz-von-zertifizierten-kartenlesern-bzw-zertifizierter-eid-client-software","status":"publish","type":"page","link":"https:\/\/www.kartenlesegeraet24.de\/index.php\/sicherheit-von-personalausweis-kartenlesegeraeten\/tipps-fuer-den-sicheren-umgang-mit-personalausweis-kartenlesegeraeten\/usschliesslicher-einsatz-von-zertifizierten-kartenlesern-bzw-zertifizierter-eid-client-software\/","title":{"rendered":"Ausschlie\u00dflicher Einsatz von zertifizierten Kartenlesern bzw. zertifizierter eID-Client-Software"},"content":{"rendered":"<h2>Ausschlie\u00dfliche Nutzung von zertifizierten Kartenlesern bzw. zertifizierter eID-Client-Ssoftware<\/h2>\n<p><strong>Verwendung von zertifizierten Basis-Leseger\u00e4ten, Standard-Kartenleser bzw. Komfort-Kartenleseger\u00e4ten sowie gepr\u00fcfter Software<\/strong><\/p>\n<p>F\u00fcr den Einsatz der Online-Ausweisfunktion (eID-Funktion) und der eSigns-Funktion (Unterschriftsfunktion) sollte ausschlie\u00dflich entsprechend zertifizierte Hardware genutzt werden. Nur die vom Bundesamt f\u00fcr Sicherheit in der Informationstechnik (BSI) gepr\u00fcften<\/p>\n<ul>\n<li><a href=\"http:\/\/www.kartenlesegeraet24.de\/index.php\/personalausweis-kartenlesegeraete\/unterscheidung-von-personalausweis-kartenleser\/komfort-kartenlesegeraete-fuer-den-personalausweis\/\">&raquo; Komfort-Kartenleser<\/a>,<\/li>\n<li><a href=\"http:\/\/www.kartenlesegeraet24.de\/index.php\/personalausweis-kartenlesegeraete\/unterscheidung-von-personalausweis-kartenleser\/standard-kartenlesegeraete-fuer-den-personalausweis\/\">&raquo; Standard-Leser<\/a> bzw.<\/li>\n<li><a href=\"http:\/\/www.kartenlesegeraet24.de\/index.php\/personalausweis-kartenlesegeraete\/unterscheidung-von-personalausweis-kartenleser\/standard-kartenlesegeraete-fuer-den-personalausweis\/\">&raquo; Basis-Leseger\u00e4te<\/a><\/li>\n<\/ul>\n<p>sind hinreichend auf das Zusammenspiel mit der eID-Client-Software auf eine sichere Nutzung gepr\u00fcft. <\/p>\n<p>Neben der Nutzung von entsprechend zertifizierter Hardware ist es ebenso von gro\u00dfer Bedeutung, hinreichend zertifizierte Software (AusweisApp) in der aktuellsten Version f\u00fcr die eID-Funktion zu nutzen.<\/p>\n<h3>Hinweise und Ma\u00dfnahmen zur Sorgfaltspflicht bez\u00fcglich dem Einsatz von zertifizierten Kartenlesern bzw. zertifizierter eID-Client-Ssoftware<\/h3>\n<p>Bei der Nutzung der eID-Funktion bzw. der eSigns-Funktion ist grundlegend der Einsatz von Standard-Kartenleseger\u00e4ten oder Komfort-Kartenleseger\u00e4ten zu empfehlen, da diese Kartenlesertypen \u00fcber ein eigenes PIN-Pad und eine eigene Anzeige (Komfort-Kartenleser) verf\u00fcgen. Dadurch wird Sicherheit der Nutzung deutlich gesteigert.<\/p>\n<p>Bei der Nutzung eines <a href=\"http:\/\/www.kartenlesegeraet24.de\/index.php\/personalausweis-kartenlesegeraete\/unterscheidung-von-personalausweis-kartenleser\/basis-kartenlesegeraete-fuer-den-personalausweis\/\">Basis-Kartenlesers<\/a> sollte die Eingabe der eID-PIN nur mittels der Tastatur des Rechners get\u00e4tigt werden.<\/p>\n","protected":false},"excerpt":{"rendered":"<p>Ausschlie\u00dfliche Nutzung von zertifizierten Kartenlesern bzw. zertifizierter eID-Client-Ssoftware Verwendung von zertifizierten Basis-Leseger\u00e4ten, Standard-Kartenleser bzw. Komfort-Kartenleseger\u00e4ten sowie gepr\u00fcfter Software F\u00fcr den Einsatz der Online-Ausweisfunktion (eID-Funktion) und der eSigns-Funktion (Unterschriftsfunktion) sollte ausschlie\u00dflich entsprechend zertifizierte Hardware genutzt werden. Nur die vom Bundesamt f\u00fcr Sicherheit in der Informationstechnik (BSI) gepr\u00fcften &raquo; Komfort-Kartenleser, &raquo; Standard-Leser bzw. &raquo; Basis-Leseger\u00e4te sind hinreichend &hellip; <a href=\"https:\/\/www.kartenlesegeraet24.de\/index.php\/sicherheit-von-personalausweis-kartenlesegeraeten\/tipps-fuer-den-sicheren-umgang-mit-personalausweis-kartenlesegeraeten\/usschliesslicher-einsatz-von-zertifizierten-kartenlesern-bzw-zertifizierter-eid-client-software\/\" class=\"more-link\"><span class=\"screen-reader-text\">Ausschlie\u00dflicher Einsatz von zertifizierten Kartenlesern bzw. zertifizierter eID-Client-Software<\/span> weiterlesen <span class=\"meta-nav\">&rarr;<\/span><\/a><\/p>\n","protected":false},"author":1,"featured_media":0,"parent":52,"menu_order":50,"comment_status":"closed","ping_status":"closed","template":"","meta":{"footnotes":""},"class_list":["post-1442","page","type-page","status-publish","hentry"],"_links":{"self":[{"href":"https:\/\/www.kartenlesegeraet24.de\/index.php\/wp-json\/wp\/v2\/pages\/1442","targetHints":{"allow":["GET"]}}],"collection":[{"href":"https:\/\/www.kartenlesegeraet24.de\/index.php\/wp-json\/wp\/v2\/pages"}],"about":[{"href":"https:\/\/www.kartenlesegeraet24.de\/index.php\/wp-json\/wp\/v2\/types\/page"}],"author":[{"embeddable":true,"href":"https:\/\/www.kartenlesegeraet24.de\/index.php\/wp-json\/wp\/v2\/users\/1"}],"replies":[{"embeddable":true,"href":"https:\/\/www.kartenlesegeraet24.de\/index.php\/wp-json\/wp\/v2\/comments?post=1442"}],"version-history":[{"count":5,"href":"https:\/\/www.kartenlesegeraet24.de\/index.php\/wp-json\/wp\/v2\/pages\/1442\/revisions"}],"predecessor-version":[{"id":1447,"href":"https:\/\/www.kartenlesegeraet24.de\/index.php\/wp-json\/wp\/v2\/pages\/1442\/revisions\/1447"}],"up":[{"embeddable":true,"href":"https:\/\/www.kartenlesegeraet24.de\/index.php\/wp-json\/wp\/v2\/pages\/52"}],"wp:attachment":[{"href":"https:\/\/www.kartenlesegeraet24.de\/index.php\/wp-json\/wp\/v2\/media?parent=1442"}],"curies":[{"name":"wp","href":"https:\/\/api.w.org\/{rel}","templated":true}]}}