{"id":1432,"date":"2017-02-26T14:04:59","date_gmt":"2017-02-26T13:04:59","guid":{"rendered":"http:\/\/www.kartenlesegeraet24.de\/?page_id=1432"},"modified":"2017-02-26T14:50:27","modified_gmt":"2017-02-26T13:50:27","slug":"einsatz-des-personalausweises-nur-bei-sicheren-und-vertrauenswuerdigen-dienstanbietern","status":"publish","type":"page","link":"https:\/\/www.kartenlesegeraet24.de\/index.php\/sicherheit-von-personalausweis-kartenlesegeraeten\/tipps-fuer-den-sicheren-umgang-mit-personalausweis-kartenlesegeraeten\/einsatz-des-personalausweises-nur-bei-sicheren-und-vertrauenswuerdigen-dienstanbietern\/","title":{"rendered":"Einsatz des Personalausweises nur bei sicheren und vertrauensw\u00fcrdigen Dienstanbietern"},"content":{"rendered":"<h2>Verwendung der elektronischen Funktionen des Personalausweises nur bei sicheren und vertrauensw\u00fcrdigen Dienstanbietern<\/h2>\n<p>Nur Dienstanbieter, die \u00fcber ein entsprechendes Berechtigungszertifikat verf\u00fcgen, d\u00fcrfen den Personalausweis in ihre Onlinedienste integrieren. Die Angaben aus dem Berechtigungszertifikat sollten durch den Nutzer (Personalausweisinhaber) gepr\u00fcft werden.<\/p>\n<h3>Hinweise bzw. Ma\u00dfnahmen zur Sorgfaltspflicht bez\u00fcglich vertrauensw\u00fcrdigen Dienstanbietern<\/h3>\n<p>Dem Personalausweisinhaber ist es m\u00f6glich, w\u00e4hrend der Nutzung der Online-Ausweisfunktion bzw. der eSigns-Funktion die Angaben aus dem Berechtigungszertifikat zu pr\u00fcfen. Die pr\u00fcfbaren Daten umfasen z. B. den<\/p>\n<ul>\n<li>Besitzer des Berechtigungszertifikates bzw.<\/li>\n<li>Datenschutzbeauftragter und weitere Angaben)<\/li>\n<\/ul>\n<p>per eID-Client-Software mittels des Displays des Kartenlesers. Falls keine Informationen angezeigt werden bzw. diese offensichtlich falsch sind, sollte der Dienst nicht per elektronischen Funktionen des Personalausweises genutzt werden. <\/p>\n","protected":false},"excerpt":{"rendered":"<p>Verwendung der elektronischen Funktionen des Personalausweises nur bei sicheren und vertrauensw\u00fcrdigen Dienstanbietern Nur Dienstanbieter, die \u00fcber ein entsprechendes Berechtigungszertifikat verf\u00fcgen, d\u00fcrfen den Personalausweis in ihre Onlinedienste integrieren. Die Angaben aus dem Berechtigungszertifikat sollten durch den Nutzer (Personalausweisinhaber) gepr\u00fcft werden. Hinweise bzw. Ma\u00dfnahmen zur Sorgfaltspflicht bez\u00fcglich vertrauensw\u00fcrdigen Dienstanbietern Dem Personalausweisinhaber ist es m\u00f6glich, w\u00e4hrend der Nutzung &hellip; <a href=\"https:\/\/www.kartenlesegeraet24.de\/index.php\/sicherheit-von-personalausweis-kartenlesegeraeten\/tipps-fuer-den-sicheren-umgang-mit-personalausweis-kartenlesegeraeten\/einsatz-des-personalausweises-nur-bei-sicheren-und-vertrauenswuerdigen-dienstanbietern\/\" class=\"more-link\"><span class=\"screen-reader-text\">Einsatz des Personalausweises nur bei sicheren und vertrauensw\u00fcrdigen Dienstanbietern<\/span> weiterlesen <span class=\"meta-nav\">&rarr;<\/span><\/a><\/p>\n","protected":false},"author":1,"featured_media":0,"parent":52,"menu_order":90,"comment_status":"closed","ping_status":"closed","template":"","meta":{"footnotes":""},"class_list":["post-1432","page","type-page","status-publish","hentry"],"_links":{"self":[{"href":"https:\/\/www.kartenlesegeraet24.de\/index.php\/wp-json\/wp\/v2\/pages\/1432","targetHints":{"allow":["GET"]}}],"collection":[{"href":"https:\/\/www.kartenlesegeraet24.de\/index.php\/wp-json\/wp\/v2\/pages"}],"about":[{"href":"https:\/\/www.kartenlesegeraet24.de\/index.php\/wp-json\/wp\/v2\/types\/page"}],"author":[{"embeddable":true,"href":"https:\/\/www.kartenlesegeraet24.de\/index.php\/wp-json\/wp\/v2\/users\/1"}],"replies":[{"embeddable":true,"href":"https:\/\/www.kartenlesegeraet24.de\/index.php\/wp-json\/wp\/v2\/comments?post=1432"}],"version-history":[{"count":4,"href":"https:\/\/www.kartenlesegeraet24.de\/index.php\/wp-json\/wp\/v2\/pages\/1432\/revisions"}],"predecessor-version":[{"id":1440,"href":"https:\/\/www.kartenlesegeraet24.de\/index.php\/wp-json\/wp\/v2\/pages\/1432\/revisions\/1440"}],"up":[{"embeddable":true,"href":"https:\/\/www.kartenlesegeraet24.de\/index.php\/wp-json\/wp\/v2\/pages\/52"}],"wp:attachment":[{"href":"https:\/\/www.kartenlesegeraet24.de\/index.php\/wp-json\/wp\/v2\/media?parent=1432"}],"curies":[{"name":"wp","href":"https:\/\/api.w.org\/{rel}","templated":true}]}}