{"id":1354,"date":"2017-02-22T12:39:12","date_gmt":"2017-02-22T11:39:12","guid":{"rendered":"http:\/\/www.kartenlesegeraet24.de\/?page_id=1354"},"modified":"2017-06-09T13:04:41","modified_gmt":"2017-06-09T11:04:41","slug":"dual-interface-chipkarten","status":"publish","type":"page","link":"https:\/\/www.kartenlesegeraet24.de\/index.php\/kartenleser-bzw-kartenlesegeraete\/kontaktlose-bzw-kontaktbehaftete-kartenleser\/dual-interface-chipkarten\/","title":{"rendered":"Dual Interface Chipkarten"},"content":{"rendered":"<h2>Zwei Datenschnittstellen &#8211; Dual Interface Chipkarten<\/h2>\n<p>Neben einfachen Chipkarten (Smartcards) gibt es Smartcards, vielmehr die Chips dieser Karten, die per Dual Interface zwei Schnittstellen f\u00fcr Daten anbieten. Diese Dual Interfaces erlauben die kontaktlose und die kontaktbehaftete \u00dcbertragung von Daten. Solche Dual Interface Chipkarten verwenden einen Chip, in welchem zwei Schnittstellen integriert sind.<\/p>\n<h3>Mehr Flexibilit\u00e4t und Leistungsf\u00e4higkeit durch Dual Interface Chipkarten<\/h3>\n<p>Dual Interface Chipkarten zeichnen sich durch ein besonders hohes Ma\u00df an Leistungsf\u00e4higkeit und Flexibilit\u00e4t im Gegensatz zu einfachen Chipkarten aus. Zur Nutzung von Dual Interface Chipkarten werden Dual Interface Chipkartenleser verwendet.<\/p>\n","protected":false},"excerpt":{"rendered":"<p>Zwei Datenschnittstellen &#8211; Dual Interface Chipkarten Neben einfachen Chipkarten (Smartcards) gibt es Smartcards, vielmehr die Chips dieser Karten, die per Dual Interface zwei Schnittstellen f\u00fcr Daten anbieten. Diese Dual Interfaces erlauben die kontaktlose und die kontaktbehaftete \u00dcbertragung von Daten. Solche Dual Interface Chipkarten verwenden einen Chip, in welchem zwei Schnittstellen integriert sind. Mehr Flexibilit\u00e4t und &hellip; <a href=\"https:\/\/www.kartenlesegeraet24.de\/index.php\/kartenleser-bzw-kartenlesegeraete\/kontaktlose-bzw-kontaktbehaftete-kartenleser\/dual-interface-chipkarten\/\" class=\"more-link\"><span class=\"screen-reader-text\">Dual Interface Chipkarten<\/span> weiterlesen <span class=\"meta-nav\">&rarr;<\/span><\/a><\/p>\n","protected":false},"author":1,"featured_media":0,"parent":1128,"menu_order":50,"comment_status":"closed","ping_status":"closed","template":"","meta":{"footnotes":""},"class_list":["post-1354","page","type-page","status-publish","hentry"],"_links":{"self":[{"href":"https:\/\/www.kartenlesegeraet24.de\/index.php\/wp-json\/wp\/v2\/pages\/1354","targetHints":{"allow":["GET"]}}],"collection":[{"href":"https:\/\/www.kartenlesegeraet24.de\/index.php\/wp-json\/wp\/v2\/pages"}],"about":[{"href":"https:\/\/www.kartenlesegeraet24.de\/index.php\/wp-json\/wp\/v2\/types\/page"}],"author":[{"embeddable":true,"href":"https:\/\/www.kartenlesegeraet24.de\/index.php\/wp-json\/wp\/v2\/users\/1"}],"replies":[{"embeddable":true,"href":"https:\/\/www.kartenlesegeraet24.de\/index.php\/wp-json\/wp\/v2\/comments?post=1354"}],"version-history":[{"count":6,"href":"https:\/\/www.kartenlesegeraet24.de\/index.php\/wp-json\/wp\/v2\/pages\/1354\/revisions"}],"predecessor-version":[{"id":1870,"href":"https:\/\/www.kartenlesegeraet24.de\/index.php\/wp-json\/wp\/v2\/pages\/1354\/revisions\/1870"}],"up":[{"embeddable":true,"href":"https:\/\/www.kartenlesegeraet24.de\/index.php\/wp-json\/wp\/v2\/pages\/1128"}],"wp:attachment":[{"href":"https:\/\/www.kartenlesegeraet24.de\/index.php\/wp-json\/wp\/v2\/media?parent=1354"}],"curies":[{"name":"wp","href":"https:\/\/api.w.org\/{rel}","templated":true}]}}