{"id":1349,"date":"2017-02-22T11:41:57","date_gmt":"2017-02-22T10:41:57","guid":{"rendered":"http:\/\/www.kartenlesegeraet24.de\/?page_id=1349"},"modified":"2017-02-25T13:58:47","modified_gmt":"2017-02-25T12:58:47","slug":"hybridkarten","status":"publish","type":"page","link":"https:\/\/www.kartenlesegeraet24.de\/index.php\/kartenleser-bzw-kartenlesegeraete\/kontaktlose-bzw-kontaktbehaftete-kartenleser\/hybridkarten\/","title":{"rendered":"Hybridkarten"},"content":{"rendered":"<h2>Hybridkarten<\/h2>\n<p>Als Hybridkarten werden Karten bezeichnet, die mehrere verschiedene Typen von Speichermedien nutzen. Ein Beispiel f\u00fcr solch eine hybride Karte ist die Platzierung<\/p>\n<ul>\n<li>eines Magnetstreifens sowie<\/li>\n<li>eines RFID-Chips<\/li>\n<\/ul>\n<p>auf einer Karte. Ein weiteres Beispiel ist der Einsatz von zwei Chips in einer Karte, jeweils einen Chip f\u00fcr die kontaktlos bzw. kontaktbehaftete Daten\u00fcbertragung. Dabei k\u00f6nnen auf den unterschiedlichen Medien verschiedene Informationen gespeichert werden, was die Anwendungsm\u00f6glichkeiten der Chipkarte erheblich erweitert. <\/p>\n<h3>Konkretes Beispiel f\u00fcr eine Hybridkarte<\/h3>\n<p>Ein konkretes Beispiel f\u00fcr eine Hybridkarte ist die jedem bekannte Bankkarte. Diese verbindet Chip und Magnetstreifen. Dabei sind die Informationen zum Konto des Kunden im Magnetstreifen hinterlegt. Mit Hilfe des Chips k\u00f6nnen Nutzer eine Zahlung ohne die Nutzung von Bargeld durchf\u00fchren, wobei vorab ein entsprechendes Guthaben aufgeladen werden muss.<br \/>\n<figure id=\"attachment_1361\" aria-describedby=\"caption-attachment-1361\" style=\"width: 600px\" class=\"wp-caption aligncenter\"><img loading=\"lazy\" decoding=\"async\" src=\"http:\/\/www.kartenlesegeraet24.de\/wp-content\/uploads\/2017\/02\/vorderseite-hybridkarte-hybridert-kartenleser.jpg\" alt=\"Vorderseite einer Hybridkarte (Bankkarte der Commerzbank) \" width=\"600\" height=\"391\" class=\"size-full wp-image-1361\" srcset=\"https:\/\/www.kartenlesegeraet24.de\/wp-content\/uploads\/2017\/02\/vorderseite-hybridkarte-hybridert-kartenleser.jpg 600w, https:\/\/www.kartenlesegeraet24.de\/wp-content\/uploads\/2017\/02\/vorderseite-hybridkarte-hybridert-kartenleser-300x196.jpg 300w\" sizes=\"auto, (max-width: 600px) 100vw, 600px\" \/><figcaption id=\"caption-attachment-1361\" class=\"wp-caption-text\">Vorderseite einer Hybridkarte (Bankkarte der Commerzbank)<\/figcaption><\/figure><br \/>\n<figure id=\"attachment_1360\" aria-describedby=\"caption-attachment-1360\" style=\"width: 600px\" class=\"wp-caption aligncenter\"><img loading=\"lazy\" decoding=\"async\" src=\"http:\/\/www.kartenlesegeraet24.de\/wp-content\/uploads\/2017\/02\/rueckseite-hybridkarte-hybridert-kartenleser.jpg\" alt=\"R\u00fcckseite einer Hybridkarte (Bankkarte der Commerzbank) \" width=\"600\" height=\"391\" class=\"size-full wp-image-1360\" srcset=\"https:\/\/www.kartenlesegeraet24.de\/wp-content\/uploads\/2017\/02\/rueckseite-hybridkarte-hybridert-kartenleser.jpg 600w, https:\/\/www.kartenlesegeraet24.de\/wp-content\/uploads\/2017\/02\/rueckseite-hybridkarte-hybridert-kartenleser-300x196.jpg 300w\" sizes=\"auto, (max-width: 600px) 100vw, 600px\" \/><figcaption id=\"caption-attachment-1360\" class=\"wp-caption-text\">R\u00fcckseite einer Hybridkarte (Bankkarte der Commerzbank)<\/figcaption><\/figure><\/p>\n<h3>Dual Interface Chipkarte spezielle Auspr\u00e4gung der Hybridkarte<\/h3>\n<p><a href=\"http:\/\/www.kartenlesegeraet24.de\/index.php\/kartenleser-bzw-kartenlesegeraete\/kontaktlose-bzw-kontaktbehaftete-kartenleser\/dual-interface-chipkarten\/\">Dual Interface Chipkarten<\/a> sind eine besondere Art der Hybridkarten. Sie besitzen einen Chip der allerdings zwei Schnittstellen zur Daten\u00fcbertragung besitzt.<\/p>\n<h3>Vorteile von Hybridkarte<\/h3>\n<p>Durch den Einsatz von Hybridkarten k\u00f6nnen verschiedene Vorteile genutzt werden. Diese sind z. B. eine deutliche Erweiterung der Einsatzm\u00f6glichkeiten durch ihr hohes Ma\u00df an Flexibilit\u00e4t. Ebenso kann der Schutz von Anwendungen durch den Einsatz von Hybridkarten deutlich gesteigert werden. <\/p>\n<h3>Hybridkarten erh\u00f6hen Sicherheit von RFID basierten Kartenl\u00f6sungen<\/h3>\n<p>Besonders bei der Verwendung von RFID basierten Kartenl\u00f6sungen wird vermehrt auf Hybridkarten zur\u00fcckgegriffen, da die bestehenden Sicherheitsbedenken bzw. existierenden Sicherheitsprobleme minimiert werden k\u00f6nnen.<\/p>\n","protected":false},"excerpt":{"rendered":"<p>Hybridkarten Als Hybridkarten werden Karten bezeichnet, die mehrere verschiedene Typen von Speichermedien nutzen. Ein Beispiel f\u00fcr solch eine hybride Karte ist die Platzierung eines Magnetstreifens sowie eines RFID-Chips auf einer Karte. Ein weiteres Beispiel ist der Einsatz von zwei Chips in einer Karte, jeweils einen Chip f\u00fcr die kontaktlos bzw. kontaktbehaftete Daten\u00fcbertragung. Dabei k\u00f6nnen auf &hellip; <a href=\"https:\/\/www.kartenlesegeraet24.de\/index.php\/kartenleser-bzw-kartenlesegeraete\/kontaktlose-bzw-kontaktbehaftete-kartenleser\/hybridkarten\/\" class=\"more-link\"><span class=\"screen-reader-text\">Hybridkarten<\/span> weiterlesen <span class=\"meta-nav\">&rarr;<\/span><\/a><\/p>\n","protected":false},"author":1,"featured_media":0,"parent":1128,"menu_order":40,"comment_status":"closed","ping_status":"closed","template":"","meta":{"footnotes":""},"class_list":["post-1349","page","type-page","status-publish","hentry"],"_links":{"self":[{"href":"https:\/\/www.kartenlesegeraet24.de\/index.php\/wp-json\/wp\/v2\/pages\/1349","targetHints":{"allow":["GET"]}}],"collection":[{"href":"https:\/\/www.kartenlesegeraet24.de\/index.php\/wp-json\/wp\/v2\/pages"}],"about":[{"href":"https:\/\/www.kartenlesegeraet24.de\/index.php\/wp-json\/wp\/v2\/types\/page"}],"author":[{"embeddable":true,"href":"https:\/\/www.kartenlesegeraet24.de\/index.php\/wp-json\/wp\/v2\/users\/1"}],"replies":[{"embeddable":true,"href":"https:\/\/www.kartenlesegeraet24.de\/index.php\/wp-json\/wp\/v2\/comments?post=1349"}],"version-history":[{"count":8,"href":"https:\/\/www.kartenlesegeraet24.de\/index.php\/wp-json\/wp\/v2\/pages\/1349\/revisions"}],"predecessor-version":[{"id":1402,"href":"https:\/\/www.kartenlesegeraet24.de\/index.php\/wp-json\/wp\/v2\/pages\/1349\/revisions\/1402"}],"up":[{"embeddable":true,"href":"https:\/\/www.kartenlesegeraet24.de\/index.php\/wp-json\/wp\/v2\/pages\/1128"}],"wp:attachment":[{"href":"https:\/\/www.kartenlesegeraet24.de\/index.php\/wp-json\/wp\/v2\/media?parent=1349"}],"curies":[{"name":"wp","href":"https:\/\/api.w.org\/{rel}","templated":true}]}}