{"id":1303,"date":"2017-02-20T19:44:46","date_gmt":"2017-02-20T18:44:46","guid":{"rendered":"http:\/\/www.kartenlesegeraet24.de\/?page_id=1303"},"modified":"2017-06-09T12:52:44","modified_gmt":"2017-06-09T10:52:44","slug":"kartenleserhersteller-feig-electronic","status":"publish","type":"page","link":"https:\/\/www.kartenlesegeraet24.de\/index.php\/weiter-informationen-zu-personalausweis-kartenlesegeraeten\/hersteller-von-personalausweis-kartenlesegeraeten\/kartenleserhersteller-feig-electronic\/","title":{"rendered":"Kartenleserhersteller FEIG ELECTRONIC"},"content":{"rendered":"<h2>Kartenleseger\u00e4tehersteller FEIG ELECTRONIC<\/h2>\n<p>FEIG ELECTRONIC wurde im Jahr 1970 gegr\u00fcndet. Der Hauptsitz von FEIG ELECTRONIC befindet sich in Weilburg. FEIG ELECTRONIC besch\u00e4ftigt aktuell nach eigenen Angaben 180 Mitarbeiter und betrachtet sich als Spezialist f\u00fcr RFID-Identifikation (ber\u00fchrungslose Identifikation), Verkehrssensorik und Steuerungselektronik. <\/p>\n<h3>Gesch\u00e4ftsbereich von FEIG ELECTRONIC<\/h3>\n<p>Weitere Gesch\u00e4ftsfelder von FEIG ELECTRONIC sind ebenso:<\/p>\n<ul>\n<li>Torsteuerungen,<\/li>\n<li>Detektoren,<\/li>\n<li>RFID Leseger\u00e4te<\/li>\n<li><a href=\"http:\/\/www.kartenlesegeraet24.de\/index.php\/personalausweis-kartenlesegeraete\/\">Kartenleser zur Nutzung des elektronischen Personalausweises<\/a><\/li>\n<\/ul>\n<p>Damit bedient FEIG ELECTRONIC ein weites Feld bez\u00fcglich des Einsatzes von Chipkartenlesern.<\/p>\n<h3>Webseite von FEIG ELECTRONIC<\/h3>\n<p>Webseite: http:\/\/www.feig.de<br \/>\n(Stand 2015)<\/p>\n","protected":false},"excerpt":{"rendered":"<p>Kartenleseger\u00e4tehersteller FEIG ELECTRONIC FEIG ELECTRONIC wurde im Jahr 1970 gegr\u00fcndet. Der Hauptsitz von FEIG ELECTRONIC befindet sich in Weilburg. FEIG ELECTRONIC besch\u00e4ftigt aktuell nach eigenen Angaben 180 Mitarbeiter und betrachtet sich als Spezialist f\u00fcr RFID-Identifikation (ber\u00fchrungslose Identifikation), Verkehrssensorik und Steuerungselektronik. Gesch\u00e4ftsbereich von FEIG ELECTRONIC Weitere Gesch\u00e4ftsfelder von FEIG ELECTRONIC sind ebenso: Torsteuerungen, Detektoren, RFID Leseger\u00e4te &hellip; <a href=\"https:\/\/www.kartenlesegeraet24.de\/index.php\/weiter-informationen-zu-personalausweis-kartenlesegeraeten\/hersteller-von-personalausweis-kartenlesegeraeten\/kartenleserhersteller-feig-electronic\/\" class=\"more-link\"><span class=\"screen-reader-text\">Kartenleserhersteller FEIG ELECTRONIC<\/span> weiterlesen <span class=\"meta-nav\">&rarr;<\/span><\/a><\/p>\n","protected":false},"author":1,"featured_media":0,"parent":29,"menu_order":60,"comment_status":"closed","ping_status":"closed","template":"","meta":{"footnotes":""},"class_list":["post-1303","page","type-page","status-publish","hentry"],"_links":{"self":[{"href":"https:\/\/www.kartenlesegeraet24.de\/index.php\/wp-json\/wp\/v2\/pages\/1303","targetHints":{"allow":["GET"]}}],"collection":[{"href":"https:\/\/www.kartenlesegeraet24.de\/index.php\/wp-json\/wp\/v2\/pages"}],"about":[{"href":"https:\/\/www.kartenlesegeraet24.de\/index.php\/wp-json\/wp\/v2\/types\/page"}],"author":[{"embeddable":true,"href":"https:\/\/www.kartenlesegeraet24.de\/index.php\/wp-json\/wp\/v2\/users\/1"}],"replies":[{"embeddable":true,"href":"https:\/\/www.kartenlesegeraet24.de\/index.php\/wp-json\/wp\/v2\/comments?post=1303"}],"version-history":[{"count":4,"href":"https:\/\/www.kartenlesegeraet24.de\/index.php\/wp-json\/wp\/v2\/pages\/1303\/revisions"}],"predecessor-version":[{"id":1869,"href":"https:\/\/www.kartenlesegeraet24.de\/index.php\/wp-json\/wp\/v2\/pages\/1303\/revisions\/1869"}],"up":[{"embeddable":true,"href":"https:\/\/www.kartenlesegeraet24.de\/index.php\/wp-json\/wp\/v2\/pages\/29"}],"wp:attachment":[{"href":"https:\/\/www.kartenlesegeraet24.de\/index.php\/wp-json\/wp\/v2\/media?parent=1303"}],"curies":[{"name":"wp","href":"https:\/\/api.w.org\/{rel}","templated":true}]}}