{"id":1298,"date":"2017-02-20T18:09:31","date_gmt":"2017-02-20T17:09:31","guid":{"rendered":"http:\/\/www.kartenlesegeraet24.de\/?page_id=1298"},"modified":"2017-02-21T11:01:00","modified_gmt":"2017-02-21T10:01:00","slug":"lesegeraethersteller-cherry","status":"publish","type":"page","link":"https:\/\/www.kartenlesegeraet24.de\/index.php\/weiter-informationen-zu-personalausweis-kartenlesegeraeten\/hersteller-von-personalausweis-kartenlesegeraeten\/lesegeraethersteller-cherry\/","title":{"rendered":"Leseger\u00e4thersteller CHERRY"},"content":{"rendered":"<h2>Kartenleseger\u00e4tehersteller CHERRY<\/h2>\n<p>Das Unternehmen CHERRY wurde 1953 von Walter Cherry in den USA gegr\u00fcndet. Im Jahre 1963 wurde die deutsche Niederlassung gegr\u00fcndet und er\u00f6ffnet. Seit dem Jahr 1979 befindet sich auch der Hauptsitz von CHERRY in Deutschland. Das Unternehmen CHERRY stellt seit dem Jahr 1967 Tastaturen f\u00fcr Computer her und ist damit einer der \u00e4ltesten noch aktiven Tastaturhersteller weltweit. <\/p>\n<h3>Produktmarke&#8220;CHERRY&#8220; seit 2008<\/h3>\n<p>Seit dem Jahr 2008 geh\u00f6rt CHERRY zum Automobilzulieferer ZF Friedrichshafen, wodurch CHERRY nur noch als Produktmarke existiert. Unter der Marke CHERRY werden Computereingabeger\u00e4te vertrieben, wie z. B <a href=\"http:\/\/www.kartenlesegeraet24.de\/index.php\/chipkartenleser-smartcard-reader-chipkartenlesegeraete\/\">Chip- und Magnet-Kartenleseger\u00e4te<\/a> sowie biometrischen Fingerprint-Sensoren, zahlreiche Spezialtastaturen f\u00fcr Anwendungen in den Bereichen Gesundheitswesen, Security sowie dem Point of Sale (PoS). Ebenso stellt CHERRY <a href=\"http:\/\/www.kartenlesegeraet24.de\/index.php\/personalausweis-kartenlesegeraete\/\">Kartenleseger\u00e4te zur Verwendung des deutschen Personalausweis<\/a> her. Dies sind Leseger\u00e4te f\u00fcr die Verwendung der <a href=\"http:\/\/www.kartenlesegeraet24.de\/index.php\/personalausweis-kartenlesegeraete\/hintergrundwissen-zum-thema-personalausweis-kartenlesegeraete\/\">Online-Ausweisfunktion (eID-Funktion)<\/a> und der <a href=\"http:\/\/www.kartenlesegeraet24.de\/index.php\/personalausweis-kartenlesegeraete\/hintergrundwissen-zum-thema-personalausweis-kartenlesegeraete\/\">Unterschriftsfunktion<\/a> <\/a> her.<\/p>\n<h3>Webseite von  CHERRY<\/h3>\n<p>http:\/\/www.cherry.de<br \/>\n(Stand 2015)<\/p>\n","protected":false},"excerpt":{"rendered":"<p>Kartenleseger\u00e4tehersteller CHERRY Das Unternehmen CHERRY wurde 1953 von Walter Cherry in den USA gegr\u00fcndet. Im Jahre 1963 wurde die deutsche Niederlassung gegr\u00fcndet und er\u00f6ffnet. Seit dem Jahr 1979 befindet sich auch der Hauptsitz von CHERRY in Deutschland. Das Unternehmen CHERRY stellt seit dem Jahr 1967 Tastaturen f\u00fcr Computer her und ist damit einer der \u00e4ltesten &hellip; <a href=\"https:\/\/www.kartenlesegeraet24.de\/index.php\/weiter-informationen-zu-personalausweis-kartenlesegeraeten\/hersteller-von-personalausweis-kartenlesegeraeten\/lesegeraethersteller-cherry\/\" class=\"more-link\"><span class=\"screen-reader-text\">Leseger\u00e4thersteller CHERRY<\/span> weiterlesen <span class=\"meta-nav\">&rarr;<\/span><\/a><\/p>\n","protected":false},"author":1,"featured_media":0,"parent":29,"menu_order":30,"comment_status":"closed","ping_status":"closed","template":"","meta":{"footnotes":""},"class_list":["post-1298","page","type-page","status-publish","hentry"],"_links":{"self":[{"href":"https:\/\/www.kartenlesegeraet24.de\/index.php\/wp-json\/wp\/v2\/pages\/1298","targetHints":{"allow":["GET"]}}],"collection":[{"href":"https:\/\/www.kartenlesegeraet24.de\/index.php\/wp-json\/wp\/v2\/pages"}],"about":[{"href":"https:\/\/www.kartenlesegeraet24.de\/index.php\/wp-json\/wp\/v2\/types\/page"}],"author":[{"embeddable":true,"href":"https:\/\/www.kartenlesegeraet24.de\/index.php\/wp-json\/wp\/v2\/users\/1"}],"replies":[{"embeddable":true,"href":"https:\/\/www.kartenlesegeraet24.de\/index.php\/wp-json\/wp\/v2\/comments?post=1298"}],"version-history":[{"count":7,"href":"https:\/\/www.kartenlesegeraet24.de\/index.php\/wp-json\/wp\/v2\/pages\/1298\/revisions"}],"predecessor-version":[{"id":1338,"href":"https:\/\/www.kartenlesegeraet24.de\/index.php\/wp-json\/wp\/v2\/pages\/1298\/revisions\/1338"}],"up":[{"embeddable":true,"href":"https:\/\/www.kartenlesegeraet24.de\/index.php\/wp-json\/wp\/v2\/pages\/29"}],"wp:attachment":[{"href":"https:\/\/www.kartenlesegeraet24.de\/index.php\/wp-json\/wp\/v2\/media?parent=1298"}],"curies":[{"name":"wp","href":"https:\/\/api.w.org\/{rel}","templated":true}]}}