{"id":1291,"date":"2017-02-20T17:57:17","date_gmt":"2017-02-20T16:57:17","guid":{"rendered":"http:\/\/www.kartenlesegeraet24.de\/?page_id=1291"},"modified":"2017-02-21T11:01:20","modified_gmt":"2017-02-21T10:01:20","slug":"lesegeraetehersteller-athena","status":"publish","type":"page","link":"https:\/\/www.kartenlesegeraet24.de\/index.php\/weiter-informationen-zu-personalausweis-kartenlesegeraeten\/hersteller-von-personalausweis-kartenlesegeraeten\/lesegeraetehersteller-athena\/","title":{"rendered":"Leseger\u00e4tehersteller ATHENA"},"content":{"rendered":"<h2>Kartenleseger\u00e4tehersteller ATHENA<\/h2>\n<p>Das Unternehmen ATHENA (Athena Smartcard Solutions) hat seinen Hauptsitz in Tokyo. Es entwickelt seit 1995 Java-Smartcard-Betriebssysteme, Middleware und Smartcard-Kartenleseger\u00e4te in verschiedenen Entwicklungszentren und vertreibt diese weltweit. ATHENA entwicklet <a href=\"http:\/\/www.kartenlesegeraet24.de\/index.php\/kartenleser-bzw-kartenlesegeraete\/kontaktlose-bzw-kontaktbehaftete-kartenleser\/\">kontaktlose sowie kontaktbehaftete Leseger\u00e4t<\/a>e.<\/p>\n<h3>ATHENA Produkt-Portfolio<\/h3>\n<p>Das ATHENA Produkt-Portfolio umfasst Smartcards und Smartcard-Betriebssysteme, Kryptographie-Middleware, Software-Developer-Kids, die Integration von Smartcard und High-End-PC sowie Embedded-Smartcard-Kartenleseger\u00e4te f\u00fcr Desktop-PC und \u00e4hnliches. Ebenso stellt ATHENA einen <a href=\"http:\/\/www.kartenlesegeraet24.de\/index.php\/personalausweis-kartenlesegeraete\/\">Kartenleseger\u00e4te f\u00fcr den deutschen Personalausweis (eID-Funktion\/ Online-Ausweisfunktion)<\/a> her.<\/p>\n<h3>Webseite von ATHENA<\/h3>\n<p>Webseite: http:\/\/www.athena-scs.com<br \/>\n(Stand: 2015)<\/p>\n","protected":false},"excerpt":{"rendered":"<p>Kartenleseger\u00e4tehersteller ATHENA Das Unternehmen ATHENA (Athena Smartcard Solutions) hat seinen Hauptsitz in Tokyo. Es entwickelt seit 1995 Java-Smartcard-Betriebssysteme, Middleware und Smartcard-Kartenleseger\u00e4te in verschiedenen Entwicklungszentren und vertreibt diese weltweit. ATHENA entwicklet kontaktlose sowie kontaktbehaftete Leseger\u00e4te. ATHENA Produkt-Portfolio Das ATHENA Produkt-Portfolio umfasst Smartcards und Smartcard-Betriebssysteme, Kryptographie-Middleware, Software-Developer-Kids, die Integration von Smartcard und High-End-PC sowie Embedded-Smartcard-Kartenleseger\u00e4te f\u00fcr Desktop-PC &hellip; <a href=\"https:\/\/www.kartenlesegeraet24.de\/index.php\/weiter-informationen-zu-personalausweis-kartenlesegeraeten\/hersteller-von-personalausweis-kartenlesegeraeten\/lesegeraetehersteller-athena\/\" class=\"more-link\"><span class=\"screen-reader-text\">Leseger\u00e4tehersteller ATHENA<\/span> weiterlesen <span class=\"meta-nav\">&rarr;<\/span><\/a><\/p>\n","protected":false},"author":1,"featured_media":0,"parent":29,"menu_order":300,"comment_status":"closed","ping_status":"closed","template":"","meta":{"footnotes":""},"class_list":["post-1291","page","type-page","status-publish","hentry"],"_links":{"self":[{"href":"https:\/\/www.kartenlesegeraet24.de\/index.php\/wp-json\/wp\/v2\/pages\/1291","targetHints":{"allow":["GET"]}}],"collection":[{"href":"https:\/\/www.kartenlesegeraet24.de\/index.php\/wp-json\/wp\/v2\/pages"}],"about":[{"href":"https:\/\/www.kartenlesegeraet24.de\/index.php\/wp-json\/wp\/v2\/types\/page"}],"author":[{"embeddable":true,"href":"https:\/\/www.kartenlesegeraet24.de\/index.php\/wp-json\/wp\/v2\/users\/1"}],"replies":[{"embeddable":true,"href":"https:\/\/www.kartenlesegeraet24.de\/index.php\/wp-json\/wp\/v2\/comments?post=1291"}],"version-history":[{"count":3,"href":"https:\/\/www.kartenlesegeraet24.de\/index.php\/wp-json\/wp\/v2\/pages\/1291\/revisions"}],"predecessor-version":[{"id":1340,"href":"https:\/\/www.kartenlesegeraet24.de\/index.php\/wp-json\/wp\/v2\/pages\/1291\/revisions\/1340"}],"up":[{"embeddable":true,"href":"https:\/\/www.kartenlesegeraet24.de\/index.php\/wp-json\/wp\/v2\/pages\/29"}],"wp:attachment":[{"href":"https:\/\/www.kartenlesegeraet24.de\/index.php\/wp-json\/wp\/v2\/media?parent=1291"}],"curies":[{"name":"wp","href":"https:\/\/api.w.org\/{rel}","templated":true}]}}