{"id":1280,"date":"2017-02-20T17:15:46","date_gmt":"2017-02-20T16:15:46","guid":{"rendered":"http:\/\/www.kartenlesegeraet24.de\/?page_id=1280"},"modified":"2017-02-21T10:58:44","modified_gmt":"2017-02-21T09:58:44","slug":"kartenleserhersteller-advanced-card-systems-ltd","status":"publish","type":"page","link":"https:\/\/www.kartenlesegeraet24.de\/index.php\/weiter-informationen-zu-personalausweis-kartenlesegeraeten\/hersteller-von-personalausweis-kartenlesegeraeten\/kartenleserhersteller-advanced-card-systems-ltd\/","title":{"rendered":"Kartenleserhersteller Advanced Card Systems Ltd."},"content":{"rendered":"<h2>Kartenleseger\u00e4thersteller Advanced Card Systems Ltd. (kurz ACS)<\/h2>\n<p>Advanced Card Systems Ltd. (kurz ACS) wurde 1995 gegr\u00fcndet und hat seinen Stammsitz in Hong Kong. ASC ist ein hundertprozentiges Tochterunternehmen der Advanced Card Systems Holdings Ltd. ACS. <\/p>\n<h3>Hochwertige Smartcard-Kartenleseger\u00e4ten und -Kartenschreibern bzw. Smartcards von Advanced Card Systems Ltd.<\/h3>\n<p>Das Unternehmen ist einer der Top-3-Anbieter von <a href=\"http:\/\/www.kartenlesegeraet24.de\/index.php\/chipkartenleser-smartcard-reader-chipkartenlesegeraete\/\">Smartcard-Kartenleseger\u00e4ten<\/a> f\u00fcr PCs und entwickelt eine breite Palette von hochwertigen Smartcard-Kartenleseger\u00e4ten und Kartenschreibern, Smartcards und verwandte Produkte und vertreibt diese weltweit in \u00fcber 100 L\u00e4nder. Ebenso entwickelt ACS ein Chipkarten-Betriebssysteme (COS) und entsprechende Kartenleser. ACS entwickelt weiterhin verschiedene Smartcard-basierte Systeme f\u00fcr verschiedene Anwendungen und Branchen, wie z. Beispiel einem Kartenleseger\u00e4te f\u00fcr den deutschen Personalausweis.<\/p>\n<h3>Webseite von Advanced Card Systems Ltd.<\/h3>\n<p>Webseite:http:\/\/www.acs.com.hk<br \/>\n(Stand: 2015)<\/p>\n","protected":false},"excerpt":{"rendered":"<p>Kartenleseger\u00e4thersteller Advanced Card Systems Ltd. (kurz ACS) Advanced Card Systems Ltd. (kurz ACS) wurde 1995 gegr\u00fcndet und hat seinen Stammsitz in Hong Kong. ASC ist ein hundertprozentiges Tochterunternehmen der Advanced Card Systems Holdings Ltd. ACS. Hochwertige Smartcard-Kartenleseger\u00e4ten und -Kartenschreibern bzw. Smartcards von Advanced Card Systems Ltd. Das Unternehmen ist einer der Top-3-Anbieter von Smartcard-Kartenleseger\u00e4ten f\u00fcr &hellip; <a href=\"https:\/\/www.kartenlesegeraet24.de\/index.php\/weiter-informationen-zu-personalausweis-kartenlesegeraeten\/hersteller-von-personalausweis-kartenlesegeraeten\/kartenleserhersteller-advanced-card-systems-ltd\/\" class=\"more-link\"><span class=\"screen-reader-text\">Kartenleserhersteller Advanced Card Systems Ltd.<\/span> weiterlesen <span class=\"meta-nav\">&rarr;<\/span><\/a><\/p>\n","protected":false},"author":1,"featured_media":0,"parent":29,"menu_order":210,"comment_status":"closed","ping_status":"closed","template":"","meta":{"footnotes":""},"class_list":["post-1280","page","type-page","status-publish","hentry"],"_links":{"self":[{"href":"https:\/\/www.kartenlesegeraet24.de\/index.php\/wp-json\/wp\/v2\/pages\/1280","targetHints":{"allow":["GET"]}}],"collection":[{"href":"https:\/\/www.kartenlesegeraet24.de\/index.php\/wp-json\/wp\/v2\/pages"}],"about":[{"href":"https:\/\/www.kartenlesegeraet24.de\/index.php\/wp-json\/wp\/v2\/types\/page"}],"author":[{"embeddable":true,"href":"https:\/\/www.kartenlesegeraet24.de\/index.php\/wp-json\/wp\/v2\/users\/1"}],"replies":[{"embeddable":true,"href":"https:\/\/www.kartenlesegeraet24.de\/index.php\/wp-json\/wp\/v2\/comments?post=1280"}],"version-history":[{"count":3,"href":"https:\/\/www.kartenlesegeraet24.de\/index.php\/wp-json\/wp\/v2\/pages\/1280\/revisions"}],"predecessor-version":[{"id":1290,"href":"https:\/\/www.kartenlesegeraet24.de\/index.php\/wp-json\/wp\/v2\/pages\/1280\/revisions\/1290"}],"up":[{"embeddable":true,"href":"https:\/\/www.kartenlesegeraet24.de\/index.php\/wp-json\/wp\/v2\/pages\/29"}],"wp:attachment":[{"href":"https:\/\/www.kartenlesegeraet24.de\/index.php\/wp-json\/wp\/v2\/media?parent=1280"}],"curies":[{"name":"wp","href":"https:\/\/api.w.org\/{rel}","templated":true}]}}