{"id":12,"date":"2015-06-20T21:16:41","date_gmt":"2015-06-20T19:16:41","guid":{"rendered":"http:\/\/www.kartenlesegeraet24.de\/?page_id=12"},"modified":"2017-02-20T10:31:58","modified_gmt":"2017-02-20T09:31:58","slug":"hintergrundwissen-zum-thema-personalausweis-kartenlesegeraete","status":"publish","type":"page","link":"https:\/\/www.kartenlesegeraet24.de\/index.php\/personalausweis-kartenlesegeraete\/hintergrundwissen-zum-thema-personalausweis-kartenlesegeraete\/","title":{"rendered":"Hintergrundwissen zum Thema Personalausweis-Kartenleseger\u00e4te"},"content":{"rendered":"<h2>Personalausweis-Kartenleseger\u00e4t zur Nutzung der elektronischen Funktionen des Personalausweises<\/h2>\n<p>Seit dem 01. November 2010 ist der elektronische Personalausweis mit integriertem kontaktlosem Chip das offizielle Ausweisdokument in Deutschland. Mit Hilfe des sich in diesem Ausweisdokument integrierten Chips, verf\u00fcgt der Ausweis \u00fcber drei elektronisch nutzbare Funktionen leisten. Diese drei Funktionen sind:<\/p>\n<ul>\n<li>die <strong>Biometriefunktion<\/strong>, welche ausschlie\u00dflich f\u00fcr den hoheitlichen Gebrauch gedacht ist, wie z. B. Personen- bzw. Grenzkontrollen,<\/li>\n<li>die <strong>eID-Funktion<\/strong> auch Online-Ausweisfunktion bzw. kurz eID genannt, die Online im Internet eingesetzt werden kann sowie<\/li>\n<li>die <strong>eSigns-Funktion<\/strong> auch Unterschriftsfunktion genannt, welche zum Erzeugen einer qualifizierten elektronischen Signatur genutzt werden kann.<\/li>\n<\/ul>\n<h3>Funktionen des elektronischen Personalausweises<\/h3>\n<p>Durch Online-Ausweisfunktion und die eSigns-Funktion ist es m\u00f6glich, grundlegende Gesch\u00e4ftsprozesse der realen Welt im Internet ad\u00e4quat abzubilden, da es mit Hilfe des Personalausweises m\u00f6glich ist, sich <strong>im Internet &#8222;auszuweisen&#8220;<\/strong> und mit diesem <strong>&#8222;digital zu unterschreiben&#8220;<\/strong>.<\/p>\n<h3>\u00dcbersicht der elektronischen Funktionen des Personalausweises<\/h3>\n<p>In der folgenden Tabelle sind die drei elektronischen Funktionen des Personalausweises kurz und \u00fcbersichtlich dargestellt.<\/p>\n<table style=\"width: 98%; font-size:10pt; line-height: 1.5;\">\n<caption>\n<h4>Elektornische Funktionen des Personalausweises<\/h4>\n<\/caption>\n<thead>\n<tr>\n<th style=\"width: 22%;\">Funktion<\/th>\n<th style=\"width: 45%; text-align: center;\">Alternative Bezeichnung<\/th>\n<th style=\"width: 32%; text-align: center;\">Merksatz<\/th>\n<\/tr>\n<\/thead>\n<tbody>\n<tr>\n<td><b><a href=\"http:\/\/www.die-online-ausweisfunktion.de\" target=\"_blank\">Online-Ausweisfunktion<\/a><\/td>\n<td style=\"text-align: center;\"><a href=\"http:\/\/www.die-eid-funktion.de\" target=\"_blank\">eID-Funktion<\/a>, Internetausweis, elektronischer Identit\u00e4tsnachweis bzw. kurz eID genannt<\/td>\n<td style=\"text-align: center;\">Ausweisen im digitalen Raum (Internet) &#8211; Das bin ich!<\/td>\n<\/tr>\n<tr>\n<td>eSign-Funktion<\/td>\n<td style=\"text-align: center;\"><a href=\"http:\/\/www.die-unterschriftsfunktion.de\" target=\"_blank\"><strong>Unterschriftsfunktion<\/strong><\/a> oder elektronische Signatur (QES)<\/td>\n<td style=\"text-align: center;\">Rechtsverbindliches Unterschreiben im digitalen Raum &#8211; Das unterschreibe ich!<\/td>\n<\/tr>\n<\/tbody>\n<\/table>\n","protected":false},"excerpt":{"rendered":"<p>Personalausweis-Kartenleseger\u00e4t zur Nutzung der elektronischen Funktionen des Personalausweises Seit dem 01. November 2010 ist der elektronische Personalausweis mit integriertem kontaktlosem Chip das offizielle Ausweisdokument in Deutschland. Mit Hilfe des sich in diesem Ausweisdokument integrierten Chips, verf\u00fcgt der Ausweis \u00fcber drei elektronisch nutzbare Funktionen leisten. Diese drei Funktionen sind: die Biometriefunktion, welche ausschlie\u00dflich f\u00fcr den hoheitlichen &hellip; <a href=\"https:\/\/www.kartenlesegeraet24.de\/index.php\/personalausweis-kartenlesegeraete\/hintergrundwissen-zum-thema-personalausweis-kartenlesegeraete\/\" class=\"more-link\"><span class=\"screen-reader-text\">Hintergrundwissen zum Thema Personalausweis-Kartenleseger\u00e4te<\/span> weiterlesen <span class=\"meta-nav\">&rarr;<\/span><\/a><\/p>\n","protected":false},"author":1,"featured_media":0,"parent":4,"menu_order":4,"comment_status":"closed","ping_status":"closed","template":"","meta":{"footnotes":""},"class_list":["post-12","page","type-page","status-publish","hentry"],"_links":{"self":[{"href":"https:\/\/www.kartenlesegeraet24.de\/index.php\/wp-json\/wp\/v2\/pages\/12","targetHints":{"allow":["GET"]}}],"collection":[{"href":"https:\/\/www.kartenlesegeraet24.de\/index.php\/wp-json\/wp\/v2\/pages"}],"about":[{"href":"https:\/\/www.kartenlesegeraet24.de\/index.php\/wp-json\/wp\/v2\/types\/page"}],"author":[{"embeddable":true,"href":"https:\/\/www.kartenlesegeraet24.de\/index.php\/wp-json\/wp\/v2\/users\/1"}],"replies":[{"embeddable":true,"href":"https:\/\/www.kartenlesegeraet24.de\/index.php\/wp-json\/wp\/v2\/comments?post=12"}],"version-history":[{"count":21,"href":"https:\/\/www.kartenlesegeraet24.de\/index.php\/wp-json\/wp\/v2\/pages\/12\/revisions"}],"predecessor-version":[{"id":1258,"href":"https:\/\/www.kartenlesegeraet24.de\/index.php\/wp-json\/wp\/v2\/pages\/12\/revisions\/1258"}],"up":[{"embeddable":true,"href":"https:\/\/www.kartenlesegeraet24.de\/index.php\/wp-json\/wp\/v2\/pages\/4"}],"wp:attachment":[{"href":"https:\/\/www.kartenlesegeraet24.de\/index.php\/wp-json\/wp\/v2\/media?parent=12"}],"curies":[{"name":"wp","href":"https:\/\/api.w.org\/{rel}","templated":true}]}}