{"id":1128,"date":"2017-02-06T23:58:56","date_gmt":"2017-02-06T22:58:56","guid":{"rendered":"http:\/\/www.kartenlesegeraet24.de\/?page_id=1128"},"modified":"2017-03-11T16:05:33","modified_gmt":"2017-03-11T15:05:33","slug":"kontaktlose-bzw-kontaktbehaftete-kartenleser","status":"publish","type":"page","link":"https:\/\/www.kartenlesegeraet24.de\/index.php\/kartenleser-bzw-kartenlesegeraete\/kontaktlose-bzw-kontaktbehaftete-kartenleser\/","title":{"rendered":"Kontaktlose bzw. kontaktbehaftete Kartenleser"},"content":{"rendered":"<h2>Kontaktlose bzw. kontaktbehaftete Kartenleser<\/h2>\n<p>Ein bedeutendes Unterscheidungskriterium von Leseger\u00e4ten, speziell f\u00fcr Chipkarten (Smartcards), ist die Differenzierung in<\/p>\n<ul>\n<li>Leseger\u00e4te (RFID Reader) zur Nutzung von kontaktlosen Karten bzw.<\/li>\n<li>Kartenleser f\u00fcr den Einsatz von kontaktbehafteten Karten<\/li>\n<\/ul>\n<p>Hierbei wird also unterschieden, inwieweit ein direkter Kontakt zwischen der jeweiligen Karte (z. B. Zutrittskarte) und dem entsprechenden Leseger\u00e4t n\u00f6tig ist.<\/p>\n<h3>Kontaktbehaftete Kartenleser f\u00fcr Magnetstreifenkarten<\/h3>\n<p>Ein typisches Beispiel f\u00fcr kontaktbehaftete Karte sind Karten, die einen Magnetstreifen nutzen.<\/p>\n<h3>Kontaktlose Leseger\u00e4te f\u00fcr RFID-Chips<\/h3>\n<p>Meist wird die kontaktlose Daten\u00fcbertragung zwischen Karte und Kartenleser per RFID-Technologie realisiert. Daher werden die kontaktlosen Leseger\u00e4te oft auch als RFID Reader bezeichnet.<\/p>\n<h3>Hybrid-Kartenleseger\u00e4t<\/h3>\n<p>Neben den besagten Ger\u00e4ten gibt es auch hybride Kartenleser. Solche Leseger\u00e4te k\u00f6nnen sowohl kontaktbehaftete Karten als auch kontaktlosen Chipkarten per RFID nutzen.<\/p>\n<h3>Weitere Hinweise zu Kartenlesern f\u00fcr kontaktlose und kontaktbehaftete Karten sowie Hybridkarten<\/h3>\n<p>Weiter Informationen zu den entsprechenden Kartenlesertypen sind unter folgenden Links zu finden.<\/p>\n<ul>\n<li><a href=\"http:\/\/www.kartenlesegeraet24.de\/index.php\/kartenleser-bzw-kartenlesegeraete\/kontaktlose-bzw-kontaktbehaftete-kartenleser\/kartenleser-zur-verwendung-von-kontaktlosen-karten\/\">&raquo; Kartenleser (RFID Reader) zur Verwendung von kontaktlosen Karten<\/a><\/li>\n<li><a href=\"http:\/\/www.kartenlesegeraet24.de\/index.php\/kartenleser-bzw-kartenlesegeraete\/kontaktlose-bzw-kontaktbehaftete-kartenleser\/kartenlesegeraetezur-nutzung-von-kontaktbehafteten-karten\/\">&raquo; Leseger\u00e4te zur Nutzung von kontaktbehafteten Karten<\/a><\/li>\n<li><a href=\"http:\/\/www.kartenlesegeraet24.de\/index.php\/kartenleser-bzw-kartenlesegeraete\/kontaktlose-bzw-kontaktbehaftete-kartenleser\/kartenleser-zur-nutzung-von-hybridkarten\/\">&raquo; Kartenleseger\u00e4te f\u00fcr die Verwendung von Hybridkartenleser<\/a><\/li>\n<\/ul>\n","protected":false},"excerpt":{"rendered":"<p>Kontaktlose bzw. kontaktbehaftete Kartenleser Ein bedeutendes Unterscheidungskriterium von Leseger\u00e4ten, speziell f\u00fcr Chipkarten (Smartcards), ist die Differenzierung in Leseger\u00e4te (RFID Reader) zur Nutzung von kontaktlosen Karten bzw. Kartenleser f\u00fcr den Einsatz von kontaktbehafteten Karten Hierbei wird also unterschieden, inwieweit ein direkter Kontakt zwischen der jeweiligen Karte (z. B. Zutrittskarte) und dem entsprechenden Leseger\u00e4t n\u00f6tig ist. Kontaktbehaftete &hellip; <a href=\"https:\/\/www.kartenlesegeraet24.de\/index.php\/kartenleser-bzw-kartenlesegeraete\/kontaktlose-bzw-kontaktbehaftete-kartenleser\/\" class=\"more-link\"><span class=\"screen-reader-text\">Kontaktlose bzw. kontaktbehaftete Kartenleser<\/span> weiterlesen <span class=\"meta-nav\">&rarr;<\/span><\/a><\/p>\n","protected":false},"author":1,"featured_media":0,"parent":2,"menu_order":120,"comment_status":"closed","ping_status":"closed","template":"","meta":{"footnotes":""},"class_list":["post-1128","page","type-page","status-publish","hentry"],"_links":{"self":[{"href":"https:\/\/www.kartenlesegeraet24.de\/index.php\/wp-json\/wp\/v2\/pages\/1128","targetHints":{"allow":["GET"]}}],"collection":[{"href":"https:\/\/www.kartenlesegeraet24.de\/index.php\/wp-json\/wp\/v2\/pages"}],"about":[{"href":"https:\/\/www.kartenlesegeraet24.de\/index.php\/wp-json\/wp\/v2\/types\/page"}],"author":[{"embeddable":true,"href":"https:\/\/www.kartenlesegeraet24.de\/index.php\/wp-json\/wp\/v2\/users\/1"}],"replies":[{"embeddable":true,"href":"https:\/\/www.kartenlesegeraet24.de\/index.php\/wp-json\/wp\/v2\/comments?post=1128"}],"version-history":[{"count":6,"href":"https:\/\/www.kartenlesegeraet24.de\/index.php\/wp-json\/wp\/v2\/pages\/1128\/revisions"}],"predecessor-version":[{"id":1775,"href":"https:\/\/www.kartenlesegeraet24.de\/index.php\/wp-json\/wp\/v2\/pages\/1128\/revisions\/1775"}],"up":[{"embeddable":true,"href":"https:\/\/www.kartenlesegeraet24.de\/index.php\/wp-json\/wp\/v2\/pages\/2"}],"wp:attachment":[{"href":"https:\/\/www.kartenlesegeraet24.de\/index.php\/wp-json\/wp\/v2\/media?parent=1128"}],"curies":[{"name":"wp","href":"https:\/\/api.w.org\/{rel}","templated":true}]}}