{"id":1073,"date":"2017-02-05T13:30:22","date_gmt":"2017-02-05T12:30:22","guid":{"rendered":"http:\/\/www.kartenlesegeraet24.de\/?page_id=1073"},"modified":"2017-02-06T16:36:03","modified_gmt":"2017-02-06T15:36:03","slug":"mobile-kartenleser-und-stationaere-kartenlesegeraete","status":"publish","type":"page","link":"https:\/\/www.kartenlesegeraet24.de\/index.php\/kartenleser-bzw-kartenlesegeraete\/mobile-kartenleser-und-stationaere-kartenlesegeraete\/","title":{"rendered":"Mobile Kartenleser und station\u00e4re Kartenleseger\u00e4te"},"content":{"rendered":"<h2>Mobile Leseger\u00e4te und station\u00e4re Kartenleser<\/h2>\n<p>Die Differenzierung in <em>mobile Kartenleser<\/em> und <em>station\u00e4r zu nutzende Leseger\u00e4te<\/em> ist nur f\u00fcr externe Kartenleseger\u00e4te sinnvoll. Je nach Einsatzbereich des Leseger\u00e4tes ist die Verwendung eines station\u00e4ren oder mobilen Ger\u00e4tes sinnvoll. <\/p>\n<h3>Mobile Kartenleseger\u00e4te<\/h3>\n<p>F\u00fcr die Bereitstellung mobiler Kartenleseger\u00e4te m\u00fcssen zwei Dinge sichergestellt werden. Dies ist zum einen die kabellose Daten\u00fcbertragung, die z. B. per Bluetooth m\u00f6glich ist. Zum anderen muss die kabellose Stromversorgung gew\u00e4hrleistet sein. Die kabellose Stromversorgung wird per Akku sichergestellt.<\/p>\n<p><strong>Vorteile mobiler Kartenleser<\/strong><br \/>\nMobile Kartenleseger\u00e4te sind vor Allem immer dann im Einsatz, wenn ihre konkrete Nutzung, also das Einschieben der Karte bzw. Eingabe der Karten-PIN, nicht immer an einer r\u00e4umlich sehr begrenzten Stelle erfolgen kann. Beziehungsweise die r\u00e4umliche Begrenzung der Kartennutzung weniger komfortabel ist. Ein typischer Einsatzfall f\u00fcr ein mobiles Kartenleseger\u00e4t ist das Zahlen in einem Restaurant per EC-Karte. Hier ist die Verwendung eines mobilen EC-Kartenlesers sehr sinnvoll, da die G\u00e4ste direkt am Tische die eigene EC-Karte f\u00fcr die Kartenzahlung per EC-Karten-PIN-Eingabe nutzen k\u00f6nnen.<\/p>\n<p><strong>Nachteile mobiler Kartenleser<\/strong><br \/>\nDie Nachteile von mobilen Kartenlesern sind die typischen Nachteile mobiler Ger\u00e4te. So m\u00fcssen sich die Nutzer solcher Leseger\u00e4te mit einer schwankenden Verbindungsqualit\u00e4t bez\u00fcglich der Daten\u00fcbertragung abfinden und st\u00e4ndig die Energieversorgung per Akku sicherstellen.<\/p>\n<h3>Station\u00e4re Kartenleser<\/h3>\n<p>Station\u00e4re Kartenleseger\u00e4te k\u00f6nnen nur in einem sehr r\u00e4umlich begrenzten Bereich verwendet werden. Dieser wird durch die kabelgebundene Stromversorgung bzw. die kabelgebundene Daten\u00fcbertragung verursacht. <\/p>\n<p><strong>Vorteile station\u00e4rer Kartenleser<\/strong><br \/>\nDie Vorteile station\u00e4rer Leseger\u00e4te sind die laufende Stromversorgung ohne das Aufladen und Austauschen einer elektrischen Energiequelle sowie eine Daten\u00fcbertragung mit gleichbleibend hoher Daten\u00fcbertragungsrate. Ebenso kann die kabelgebundene Kommunikation als sicherer eingestuft werden.<\/p>\n","protected":false},"excerpt":{"rendered":"<p>Mobile Leseger\u00e4te und station\u00e4re Kartenleser Die Differenzierung in mobile Kartenleser und station\u00e4r zu nutzende Leseger\u00e4te ist nur f\u00fcr externe Kartenleseger\u00e4te sinnvoll. Je nach Einsatzbereich des Leseger\u00e4tes ist die Verwendung eines station\u00e4ren oder mobilen Ger\u00e4tes sinnvoll. Mobile Kartenleseger\u00e4te F\u00fcr die Bereitstellung mobiler Kartenleseger\u00e4te m\u00fcssen zwei Dinge sichergestellt werden. Dies ist zum einen die kabellose Daten\u00fcbertragung, die &hellip; <a href=\"https:\/\/www.kartenlesegeraet24.de\/index.php\/kartenleser-bzw-kartenlesegeraete\/mobile-kartenleser-und-stationaere-kartenlesegeraete\/\" class=\"more-link\"><span class=\"screen-reader-text\">Mobile Kartenleser und station\u00e4re Kartenleseger\u00e4te<\/span> weiterlesen <span class=\"meta-nav\">&rarr;<\/span><\/a><\/p>\n","protected":false},"author":1,"featured_media":0,"parent":2,"menu_order":200,"comment_status":"closed","ping_status":"closed","template":"","meta":{"footnotes":""},"class_list":["post-1073","page","type-page","status-publish","hentry"],"_links":{"self":[{"href":"https:\/\/www.kartenlesegeraet24.de\/index.php\/wp-json\/wp\/v2\/pages\/1073","targetHints":{"allow":["GET"]}}],"collection":[{"href":"https:\/\/www.kartenlesegeraet24.de\/index.php\/wp-json\/wp\/v2\/pages"}],"about":[{"href":"https:\/\/www.kartenlesegeraet24.de\/index.php\/wp-json\/wp\/v2\/types\/page"}],"author":[{"embeddable":true,"href":"https:\/\/www.kartenlesegeraet24.de\/index.php\/wp-json\/wp\/v2\/users\/1"}],"replies":[{"embeddable":true,"href":"https:\/\/www.kartenlesegeraet24.de\/index.php\/wp-json\/wp\/v2\/comments?post=1073"}],"version-history":[{"count":4,"href":"https:\/\/www.kartenlesegeraet24.de\/index.php\/wp-json\/wp\/v2\/pages\/1073\/revisions"}],"predecessor-version":[{"id":1106,"href":"https:\/\/www.kartenlesegeraet24.de\/index.php\/wp-json\/wp\/v2\/pages\/1073\/revisions\/1106"}],"up":[{"embeddable":true,"href":"https:\/\/www.kartenlesegeraet24.de\/index.php\/wp-json\/wp\/v2\/pages\/2"}],"wp:attachment":[{"href":"https:\/\/www.kartenlesegeraet24.de\/index.php\/wp-json\/wp\/v2\/media?parent=1073"}],"curies":[{"name":"wp","href":"https:\/\/api.w.org\/{rel}","templated":true}]}}