{"id":1065,"date":"2017-02-05T11:21:09","date_gmt":"2017-02-05T10:21:09","guid":{"rendered":"http:\/\/www.kartenlesegeraet24.de\/?page_id=1065"},"modified":"2017-06-09T12:35:17","modified_gmt":"2017-06-09T10:35:17","slug":"unterscheidung-von-kartenlesegeraeten","status":"publish","type":"page","link":"https:\/\/www.kartenlesegeraet24.de\/index.php\/kartenleser-bzw-kartenlesegeraete\/unterscheidung-von-kartenlesegeraeten\/","title":{"rendered":"Unterscheidung von Kartenleseger\u00e4ten"},"content":{"rendered":"<h2>Unterscheidung von Kartenlesern<\/h2>\n<p><em>Kartenleseger\u00e4te<\/em> bzw. <em>Kartenleser<\/em> k\u00f6nnen nach verschiedenen Merkmalen unterschieden werden, wie z. B. <\/p>\n<ul>\n<li>nach der Karte die mit dem Rechner bzw. IT-System verbunden werden soll,<\/li>\n<li>nach ihrer technischen Bau- bzw. Funktionsweise,<\/li>\n<li>dem jeweilig konkreten Nutzungs- bzw. Einsatzzweck,<\/li>\n<li>den Schnittstellen zum Rechner oder<\/li>\n<li>ihrer mobilen oder station\u00e4ren Verwendung.<\/li>\n<\/ul>\n<h3>Unterscheidung von Chipkartenleser und Speicherkartenleseger\u00e4te<\/h3>\n<p>Ein der wichtigsten Unterscheidungen von Kartenlesern ist die Differenzierung nach der Kartenart, welche sie auslesen soll. Hierbei werden <\/p>\n<ul>\n<li>Chipkartenleser (Smartcard-Reader) bzw.<\/li>\n<li>Speicherkarten<\/li>\n<\/ul>\n<p>unterschieden. <\/p>\n<h3>Chipkartenleser bzw. Smartcard-Reader<\/h3>\n<p><em>Chipkartenleser<\/em> werden auch als <em>Smartcard-Reader<\/em> bezeichnet. Chipkartenleseger\u00e4te sind Leseger\u00e4te, die entsprechende Chipkarten (Smartcards) auslesen k\u00f6nnen. Also Karten die \u00fcber einen eigenen Chip (integrierten Schaltkreis) verf\u00fcgen. Chipkartenleser dienen somit der Nutzung von spezielle Karten<\/p>\n<ul>\n<li>die \u00fcber einen eigenen integrierten Schaltkreis (Chip),<\/li>\n<li>inklusive entsprechender Hardware sowie Hardware-Logik und<\/li>\n<li>Speicherplatz bzw. \u00fcber einen Mikroprozessor<\/li>\n<\/ul>\n<p>verf\u00fcgt. <\/p>\n<p><!-- a href=\"http:\/\/www.kartenlesegeraet24.de\/index.php\/chipkartenleser-smartcard-reader-chipkartenlesegeraete\/\"><strong>&raquo; mehr Hinweis und Informationen zu Chipkartenlesern (Smartcard Reader)<\/strong><\/a --><\/p>\n<h3>Einfache Speicherkartenleser<\/h3>\n<p><em>Speicherkartenleser<\/em> bzw. <em>einfache Kartenleser<\/em> sind Leseger\u00e4te mit denen Daten aus Speicherkarten ausgelesen werden k\u00f6nnen. Solche Speicherkarten werden auch als Memory Cards bzw. Flash Cards bezeichnet. Dabei handelt es sich um einfache wieder beschreibbare Speichermedien, die mit Daten unterschiedlicher Formate (Bilder, Texte, Audio- bzw. Videodateien usw.) beschrieben werden k\u00f6nnen.<br \/>\n<!-- a href=\"http:\/\/www.kartenlesegeraet24.de\/index.php\/speicherkartenleser\/\"><strong>&raquo; mehr Hinweis und Informationen zu Speicherkartenlesern<\/strong><\/a --><\/p>\n","protected":false},"excerpt":{"rendered":"<p>Unterscheidung von Kartenlesern Kartenleseger\u00e4te bzw. Kartenleser k\u00f6nnen nach verschiedenen Merkmalen unterschieden werden, wie z. B. nach der Karte die mit dem Rechner bzw. IT-System verbunden werden soll, nach ihrer technischen Bau- bzw. Funktionsweise, dem jeweilig konkreten Nutzungs- bzw. Einsatzzweck, den Schnittstellen zum Rechner oder ihrer mobilen oder station\u00e4ren Verwendung. Unterscheidung von Chipkartenleser und Speicherkartenleseger\u00e4te Ein &hellip; <a href=\"https:\/\/www.kartenlesegeraet24.de\/index.php\/kartenleser-bzw-kartenlesegeraete\/unterscheidung-von-kartenlesegeraeten\/\" class=\"more-link\"><span class=\"screen-reader-text\">Unterscheidung von Kartenleseger\u00e4ten<\/span> weiterlesen <span class=\"meta-nav\">&rarr;<\/span><\/a><\/p>\n","protected":false},"author":1,"featured_media":0,"parent":2,"menu_order":10,"comment_status":"closed","ping_status":"closed","template":"","meta":{"footnotes":""},"class_list":["post-1065","page","type-page","status-publish","hentry"],"_links":{"self":[{"href":"https:\/\/www.kartenlesegeraet24.de\/index.php\/wp-json\/wp\/v2\/pages\/1065","targetHints":{"allow":["GET"]}}],"collection":[{"href":"https:\/\/www.kartenlesegeraet24.de\/index.php\/wp-json\/wp\/v2\/pages"}],"about":[{"href":"https:\/\/www.kartenlesegeraet24.de\/index.php\/wp-json\/wp\/v2\/types\/page"}],"author":[{"embeddable":true,"href":"https:\/\/www.kartenlesegeraet24.de\/index.php\/wp-json\/wp\/v2\/users\/1"}],"replies":[{"embeddable":true,"href":"https:\/\/www.kartenlesegeraet24.de\/index.php\/wp-json\/wp\/v2\/comments?post=1065"}],"version-history":[{"count":8,"href":"https:\/\/www.kartenlesegeraet24.de\/index.php\/wp-json\/wp\/v2\/pages\/1065\/revisions"}],"predecessor-version":[{"id":1867,"href":"https:\/\/www.kartenlesegeraet24.de\/index.php\/wp-json\/wp\/v2\/pages\/1065\/revisions\/1867"}],"up":[{"embeddable":true,"href":"https:\/\/www.kartenlesegeraet24.de\/index.php\/wp-json\/wp\/v2\/pages\/2"}],"wp:attachment":[{"href":"https:\/\/www.kartenlesegeraet24.de\/index.php\/wp-json\/wp\/v2\/media?parent=1065"}],"curies":[{"name":"wp","href":"https:\/\/api.w.org\/{rel}","templated":true}]}}