{"id":1036,"date":"2017-02-04T14:01:12","date_gmt":"2017-02-04T13:01:12","guid":{"rendered":"http:\/\/www.kartenlesegeraet24.de\/?page_id=1036"},"modified":"2017-02-05T11:22:15","modified_gmt":"2017-02-05T10:22:15","slug":"einsatzbereich-von-chipkartenlesegeraeten-smartcard-readern","status":"publish","type":"page","link":"https:\/\/www.kartenlesegeraet24.de\/index.php\/kartenleser-bzw-kartenlesegeraete\/einsatzbereich-von-chipkartenlesegeraeten-smartcard-readern\/","title":{"rendered":"Einsatzbereich von Chipkartenleseger\u00e4ten (Smartcard-Readern)"},"content":{"rendered":"<h3>Speicherkarten Leseger\u00e4te vs. Chipkartenleseger\u00e4te (Smartcardreader)<\/h3>\n<p>Ein Nutzung von Kartenleser ist das Ansteuern, Interagieren bzw. Auslesen von Chipkarten (Smartcards). In diesem Fall werden die Kartenleser als Chipkartenleser bezeichnet. Ein weiterer Einsatzbereich von Kartenlesern ist die Verwendung f\u00fcr das einfache Auslesen von Daten aus einer Datenspeicherkarten. Diese Leseger\u00e4te werden als Kartenleser, einfache Kartenleser bzw. Datenkartenleser bezeichnet.<\/p>\n<p><SCRIPT charset=\"utf-8\" type=\"text\/javascript\" src=\"http:\/\/ws-eu.amazon-adsystem.com\/widgets\/q?rt=tf_mfw&#038;ServiceVersion=20070822&#038;MarketPlace=DE&#038;ID=V20070822%2FDE%2Fhttpwwwper0af-21%2F8001%2F5168089b-1911-4285-85ef-919358c56cd4\"> <\/SCRIPT> <NOSCRIPT><A HREF=\"http:\/\/ws-eu.amazon-adsystem.com\/widgets\/q?rt=tf_mfw&#038;ServiceVersion=20070822&#038;MarketPlace=DE&#038;ID=V20070822%2FDE%2Fhttpwwwper0af-21%2F8001%2F5168089b-1911-4285-85ef-919358c56cd4&#038;Operation=NoScript\">Amazon.de Widgets<\/A><\/NOSCRIPT><br \/>\nNeben der Unterscheidung in externen bzw internen Kartenleseger\u00e4te, k\u00f6nnen Kartenleser nach ihrer station\u00e4ren bzw. mobile Nutzung, ihrem Einsatzbereich (Anwendungsfall) bzw. ihrer Schnittstelle  differenziert werden.<\/p>\n<ul>\n<li><a href=\"http:\/\/www.kartenlesegeraet24.de\/index.php\/beispiel-seite\/einsatzbereiche-von-kartenlesegeraeten\/\">Unterscheidung von <strong>Kartenleseger\u00e4ten<\/strong> nach Nutzungsbereich bzw. Anwendungsfall<\/a><\/li>\n<\/ul>\n<h3>Beispiel f\u00fcr einen Kartenleseger\u00e4t<\/h3>\n<p>Das Komfort-Kartenleseger\u00e4t cyberJack RFID komfort on REINER SCT dient als Biepsiel f\u00fcr Kartenleseger\u00e4te.<\/p>\n<figure id=\"attachment_802\" aria-describedby=\"caption-attachment-802\" style=\"width: 450px\" class=\"wp-caption aligncenter\"><img loading=\"lazy\" decoding=\"async\" src=\"http:\/\/www.kartenlesegeraet24.de\/wp-content\/uploads\/2015\/06\/kartenlesegeraet-komfort-kartenleser-reiner-sct-cyberjack-rfid-komfort.jpg\" alt=\"Kartenleseger\u00e4t Komfort-Kartenleser von REINER SCT cyberJack RFID komfort\" width=\"450\" height=\"320\" class=\"size-full wp-image-802\" srcset=\"https:\/\/www.kartenlesegeraet24.de\/wp-content\/uploads\/2015\/06\/kartenlesegeraet-komfort-kartenleser-reiner-sct-cyberjack-rfid-komfort.jpg 450w, https:\/\/www.kartenlesegeraet24.de\/wp-content\/uploads\/2015\/06\/kartenlesegeraet-komfort-kartenleser-reiner-sct-cyberjack-rfid-komfort-300x213.jpg 300w\" sizes=\"auto, (max-width: 450px) 100vw, 450px\" \/><figcaption id=\"caption-attachment-802\" class=\"wp-caption-text\">Kartenleseger\u00e4t Komfort-Kartenleser von REINER SCT cyberJack RFID komfort<\/figcaption><\/figure>\n<h2>Nutzung von Chipkartenleser<\/h2>\n<p>Oft m\u00fcssen sich Nutzer im Rahmen bestimmter Prozesse bzw. Anwendungen hinreichend Identifizieren bzw. Authentifizieren, um eine entsprechende Autorisierung zu erhalten. Die Autorisierung definiert \u00fcber welche Rechte, Berechtigungen (permissions) Nutzer bez\u00fcglich des relevanten Vorgangs verf\u00fcgen. Beispiele f\u00fcr solche Vorg\u00e4nge sind das \u00d6ffnen einer T\u00fcr per physischem Schl\u00fcssel, das einfache Login f\u00fcr einen Webportalaccount bzw. die Anmeldung an einem Rechner (Betriebssystem) unter Verwendung einer Nutzername-Passwort-Kombination, die Zugangskontrolle per Abpr\u00fcfen von biometrischen Merkmalen.<\/p>\n<h3>Identit\u00e4tsfeststellung (Identit\u00e4tsabgleich bzw. Identifizieren) und Authentifizieren<\/h3>\n<p>Generell k\u00f6nnen solche werden Identifizierungs- bzw. Authentifizierungsumsetzungen auf drei Arten umgesetzt werden. Diese sind die Umsetzung mit Hilfe von<\/p>\n<ol>\n<li><strong>Besitz<\/strong>, z. B. eines physischen Schl\u00fcssels<\/li>\n<li><strong>Wissen<\/strong>, z. B. eines Geheimnisses bzw.<\/li>\n<li><strong>Sein<\/strong>, z. B. eindeutige k\u00f6rperliches Merkmal wie ein Fingerabdruck<\/li>\n<\/ol>\n<p>realisiert werden. Ebenso ist eine Kombination der aufgef\u00fchrten Umsetzungen m\u00f6glich.<\/p>\n<p>Dabei haben die verschiedenen Umsetzungen von zur Identit\u00e4tsfeststellung (Identit\u00e4tsabgleich bzw. Identifizieren) und Authentifizierung Vorteile und Nachteile, in Bezug auf ihre Handhabbarkeit, ihre Sicherheit, ihre Produktionskosten, ihre laufende Kosten und weiter Eigenschaften.<\/p>\n<h3>Sichere L\u00f6sung per Smartcards, Chipkarten bzw. Integrated Circuit Card (ICC)<\/h3>\n<p>Smartcards die auch als Chipkarten bzw. Integrated Circuit Card (ICC) bezeichnet werden, dienen der sicheren Identifizierungs- bzw. Authentifizierungsmechanismen per <\/p>\n<ol>\n<li>Besitz sowie<\/li>\n<li>Wissen.<\/li>\n<\/ol>\n<h3>Vorteile von Smartcards bzw. Chipkarten<\/h3>\n<p>Mit Smartcards bzw. Chipkarten k\u00f6nnen besonders schutzbed\u00fcrftige Anwendungen, Prozesse bzw. Vorg\u00e4nge abgesichert werden. Durch die Verwendung von Smartcards bzw. Chipkarten wird ein hohes Sicherheitsniveau bei verh\u00e4ltnissm\u00e4ssig geringen Kosten erreicht. Um allerdings solche Smartcards bzw. Chipkarten verwenden zu k\u00f6nnen, ben\u00f6tigen Anwender einen Kartenleser.<\/p>\n<h3>Kartenleser dienen der Absicherung von Anwendung, Prozessen bzw. Vorg\u00e4ngen<\/h3>\n<p>Kartenleser, die auch als Kartenleseger\u00e4te, Smartcard-Reader bzw. Chipkartenleser bezeichnet werden, dienen prim\u00e4r dem Auslesen von Speicherkarten f\u00fcr den Einsatz in Identifizierungs- bzw. Authentifizierungsmechanismen und damit sekund\u00e4r dem Absichern von Anwendungen, Prozessen bzw.Allgemein Vorg\u00e4ngen.<\/p>\n","protected":false},"excerpt":{"rendered":"<p>Speicherkarten Leseger\u00e4te vs. Chipkartenleseger\u00e4te (Smartcardreader) Ein Nutzung von Kartenleser ist das Ansteuern, Interagieren bzw. Auslesen von Chipkarten (Smartcards). In diesem Fall werden die Kartenleser als Chipkartenleser bezeichnet. Ein weiterer Einsatzbereich von Kartenlesern ist die Verwendung f\u00fcr das einfache Auslesen von Daten aus einer Datenspeicherkarten. Diese Leseger\u00e4te werden als Kartenleser, einfache Kartenleser bzw. Datenkartenleser bezeichnet. Amazon.de &hellip; <a href=\"https:\/\/www.kartenlesegeraet24.de\/index.php\/kartenleser-bzw-kartenlesegeraete\/einsatzbereich-von-chipkartenlesegeraeten-smartcard-readern\/\" class=\"more-link\"><span class=\"screen-reader-text\">Einsatzbereich von Chipkartenleseger\u00e4ten (Smartcard-Readern)<\/span> weiterlesen <span class=\"meta-nav\">&rarr;<\/span><\/a><\/p>\n","protected":false},"author":1,"featured_media":0,"parent":2,"menu_order":300,"comment_status":"closed","ping_status":"closed","template":"","meta":{"footnotes":""},"class_list":["post-1036","page","type-page","status-publish","hentry"],"_links":{"self":[{"href":"https:\/\/www.kartenlesegeraet24.de\/index.php\/wp-json\/wp\/v2\/pages\/1036","targetHints":{"allow":["GET"]}}],"collection":[{"href":"https:\/\/www.kartenlesegeraet24.de\/index.php\/wp-json\/wp\/v2\/pages"}],"about":[{"href":"https:\/\/www.kartenlesegeraet24.de\/index.php\/wp-json\/wp\/v2\/types\/page"}],"author":[{"embeddable":true,"href":"https:\/\/www.kartenlesegeraet24.de\/index.php\/wp-json\/wp\/v2\/users\/1"}],"replies":[{"embeddable":true,"href":"https:\/\/www.kartenlesegeraet24.de\/index.php\/wp-json\/wp\/v2\/comments?post=1036"}],"version-history":[{"count":5,"href":"https:\/\/www.kartenlesegeraet24.de\/index.php\/wp-json\/wp\/v2\/pages\/1036\/revisions"}],"predecessor-version":[{"id":1051,"href":"https:\/\/www.kartenlesegeraet24.de\/index.php\/wp-json\/wp\/v2\/pages\/1036\/revisions\/1051"}],"up":[{"embeddable":true,"href":"https:\/\/www.kartenlesegeraet24.de\/index.php\/wp-json\/wp\/v2\/pages\/2"}],"wp:attachment":[{"href":"https:\/\/www.kartenlesegeraet24.de\/index.php\/wp-json\/wp\/v2\/media?parent=1036"}],"curies":[{"name":"wp","href":"https:\/\/api.w.org\/{rel}","templated":true}]}}